{"id":29458,"date":"2021-12-09T22:43:33","date_gmt":"2021-12-09T21:43:33","guid":{"rendered":"https:\/\/pepiniereezavin.fr\/?post_type=product&#038;p=29458"},"modified":"2022-04-20T10:40:42","modified_gmt":"2022-04-20T08:40:42","slug":"cyperus-alternifolius-gracilis","status":"publish","type":"product","link":"https:\/\/staging.pepiniereezavin.com\/en\/product\/cyperus-alternifolius-gracilis\/","title":{"rendered":"Cyperus alternifolius &lsquo;Gracilis&rsquo;"},"content":{"rendered":"<p>Le\u00a0<strong>souchet<\/strong>\u00a0ou<strong>\u00a0faux papyrus<\/strong>\u00a0est plus rustique\u00a0 que le papyrus du Nil. Il s&rsquo;adapte \u00e0 bien des environnements : de la mi-ombre au plein soleil, du sec (sic) \u00e0 l&rsquo;immersion du pied dans un bassin&#8230; Cette plante reste un grand classique, graphique et d\u00e9coratif, increvable et vigoureux.<\/p>\n<p>Nous sommes heureux de vous proposer cette <span style=\"text-decoration: underline;\">forme &lsquo;Gracilis&rsquo;<\/span>\u00a0: elle monte \u00e0\u00a0<strong>80 cm max de haut<\/strong>, les feuilles sont plus \u00e9troites et \u00a0la tige est plus fine que la forme normale. Mais la vigueur est bien la m\u00eame!<\/p>\n<p><span style=\"text-decoration: underline;\">Hauteur adulte<\/span>\u00a0: 60\/80.\u00a0<span style=\"text-decoration: underline;\">Origine g\u00e9ographique<\/span>\u00a0: origine horticole.\u00a0<span style=\"text-decoration: underline;\">Persistance hiver<\/span>\u00a0: Semi-persistant.\u00a0<span style=\"text-decoration: underline;\">Rusticit\u00e9 USDA<\/span>\u00a0: Zone 7\/8.<\/p>","protected":false},"excerpt":{"rendered":"<p>Le\u00a0<strong>souchet<\/strong>\u00a0ou<strong>\u00a0faux papyrus<\/strong>\u00a0est plus rustique\u00a0 que le papyrus du Nil. Il s&rsquo;adapte \u00e0 bien des environnements : de la mi-ombre au plein soleil, du sec (sic) \u00e0 l&rsquo;immersion du pied dans un bassin&#8230; Cette plante reste un grand classique, graphique et d\u00e9coratif, increvable et vigoureux.<\/p>\n<p>Nous sommes heureux de vous proposer cette <span style=\"text-decoration: underline;\">forme &lsquo;Gracilis&rsquo;<\/span>\u00a0: elle monte \u00e0\u00a0<strong>80 cm max de haut<\/strong>, les feuilles sont plus \u00e9troites et \u00a0la tige est plus fine que la forme normale. Mais la vigueur est bien la m\u00eame!<\/p>\n<p><span style=\"text-decoration: underline;\">Hauteur adulte<\/span>\u00a0: 60\/80.\u00a0<span style=\"text-decoration: underline;\">Origine g\u00e9ographique<\/span>\u00a0: origine horticole.\u00a0<span style=\"text-decoration: underline;\">Persistance hiver<\/span>\u00a0: Semi-persistant.\u00a0<span style=\"text-decoration: underline;\">Rusticit\u00e9 USDA<\/span>\u00a0: Zone 7\/8.<\/p>","protected":false},"featured_media":29492,"template":"","meta":{"site-sidebar-layout":"default","site-content-layout":"default","ast-global-header-display":"","ast-main-header-display":"","ast-hfb-above-header-display":"","ast-hfb-below-header-display":"","ast-hfb-mobile-header-display":"","site-post-title":"","ast-breadcrumbs-content":"","ast-featured-img":"","footer-sml-layout":"","theme-transparent-header-meta":"default","adv-header-id-meta":"","stick-header-meta":"default","header-above-stick-meta":"","header-main-stick-meta":"","header-below-stick-meta":""},"product_cat":[537,551,554,552,553],"product_tag":[532,533,557],"class_list":["post-29458","product","type-product","status-publish","has-post-thumbnail","hentry","product_cat-autres-plantes","product_cat-autres-plantes-d-interieur","product_cat-autres-plantes-pour-terrarium","product_cat-autres-plantes-pour-climat-doux","product_cat-autres-plantes-pour-climat-frais","product_tag-plantes-pour-berges","product_tag-plantes-pour-mur-vegetaux","product_tag-plantes-pour-terrarium","pa_taille-du-pot-pot-12-14-cm-diametre","desktop-align-center","tablet-align-center","mobile-align-center","ast-product-gallery-layout-horizontal","ast-product-gallery-with-no-image","ast-product-single-variable","ast-product-tabs-layout-horizontal","ast-qv-on-image"],"_links":{"self":[{"href":"https:\/\/staging.pepiniereezavin.com\/en\/wp-json\/wp\/v2\/product\/29458","targetHints":{"allow":["GET"]}}],"collection":[{"href":"https:\/\/staging.pepiniereezavin.com\/en\/wp-json\/wp\/v2\/product"}],"about":[{"href":"https:\/\/staging.pepiniereezavin.com\/en\/wp-json\/wp\/v2\/types\/product"}],"wp:featuredmedia":[{"embeddable":true,"href":"https:\/\/staging.pepiniereezavin.com\/en\/wp-json\/wp\/v2\/media\/29492"}],"wp:attachment":[{"href":"https:\/\/staging.pepiniereezavin.com\/en\/wp-json\/wp\/v2\/media?parent=29458"}],"wp:term":[{"taxonomy":"product_cat","embeddable":true,"href":"https:\/\/staging.pepiniereezavin.com\/en\/wp-json\/wp\/v2\/product_cat?post=29458"},{"taxonomy":"product_tag","embeddable":true,"href":"https:\/\/staging.pepiniereezavin.com\/en\/wp-json\/wp\/v2\/product_tag?post=29458"}],"curies":[{"name":"wp","href":"https:\/\/api.w.org\/{rel}","templated":true}]}}