{"id":29461,"date":"2021-12-09T22:43:33","date_gmt":"2021-12-09T21:43:33","guid":{"rendered":"https:\/\/pepiniereezavin.fr\/?post_type=product&#038;p=29461"},"modified":"2022-12-01T20:17:50","modified_gmt":"2022-12-01T19:17:50","slug":"danae-racemosa","status":"publish","type":"product","link":"https:\/\/staging.pepiniereezavin.com\/en\/product\/danae-racemosa\/","title":{"rendered":"Danae racemosa"},"content":{"rendered":"<p>Le <strong>laurier d&rsquo;Alexandrie<\/strong> est une excellente plante <strong>d&rsquo;ombre s\u00e8che<\/strong>. Son feuillage persistant luisant en fait un buisson d&rsquo;une \u00e9l\u00e9gance recherch\u00e9e. Les fleurs tr\u00e8s discr\u00e8tes sont suivies de fruits rouges d\u00e9coratifs pendant toute l&rsquo;arri\u00e8re saison et l&rsquo;hiver. La croissance est lente comme beaucoup de plantes des sous bois m\u00e9diterran\u00e9ens, mais la culture est tr\u00e8s facile. Utilisable aussi bien en v\u00e9randa ou jardin d&rsquo;hiver qu&rsquo;en ext\u00e9rieur (sa rusticit\u00e9 (-15\/-20\u00b0C) la rend adaptable en bien des endroits).<\/p>\n<p><span style=\"text-decoration: underline;\">Hauteur adulte<\/span>\u00a0: 80\/100. <span style=\"text-decoration: underline;\">Origine g\u00e9ographique<\/span>\u00a0: Pourtour m\u00e9diterran\u00e9en, Turquie. <span style=\"text-decoration: underline;\">Persistance hiver<\/span>\u00a0: Persistant. <span style=\"text-decoration: underline;\">Rusticit\u00e9 USDA<\/span> : Zone 6 (-23.3\u00b0C\/-17.8\u00b0C).<\/p>","protected":false},"excerpt":{"rendered":"<p>Le <strong>laurier d&rsquo;Alexandrie<\/strong> est une excellente plante <strong>d&rsquo;ombre s\u00e8che<\/strong>. Son feuillage persistant luisant en fait un buisson d&rsquo;une \u00e9l\u00e9gance recherch\u00e9e. Les fleurs tr\u00e8s discr\u00e8tes sont suivies de fruits rouges d\u00e9coratifs pendant toute l&rsquo;arri\u00e8re saison et l&rsquo;hiver. La croissance est lente comme beaucoup de plantes des sous bois m\u00e9diterran\u00e9ens, mais la culture est tr\u00e8s facile. Utilisable aussi bien en v\u00e9randa ou jardin d&rsquo;hiver qu&rsquo;en ext\u00e9rieur (sa rusticit\u00e9 (-15\/-20\u00b0C) la rend adaptable en bien des endroits).<\/p>\n<p><span style=\"text-decoration: underline;\">Hauteur adulte<\/span>\u00a0: 80\/100. <span style=\"text-decoration: underline;\">Origine g\u00e9ographique<\/span>\u00a0: Pourtour m\u00e9diterran\u00e9en, Turquie. <span style=\"text-decoration: underline;\">Persistance hiver<\/span>\u00a0: Persistant. <span style=\"text-decoration: underline;\">Rusticit\u00e9 USDA<\/span> : Zone 6 (-23.3\u00b0C\/-17.8\u00b0C).<\/p>","protected":false},"featured_media":29495,"template":"","meta":{"site-sidebar-layout":"default","site-content-layout":"default","ast-global-header-display":"","ast-main-header-display":"","ast-hfb-above-header-display":"","ast-hfb-below-header-display":"","ast-hfb-mobile-header-display":"","site-post-title":"","ast-breadcrumbs-content":"","ast-featured-img":"","footer-sml-layout":"","theme-transparent-header-meta":"default","adv-header-id-meta":"","stick-header-meta":"default","header-above-stick-meta":"","header-main-stick-meta":"","header-below-stick-meta":""},"product_cat":[537,551,552,553],"product_tag":[527,529,530,556,558,559,534],"class_list":["post-29461","product","type-product","status-publish","has-post-thumbnail","hentry","product_cat-autres-plantes","product_cat-autres-plantes-d-interieur","product_cat-autres-plantes-pour-climat-doux","product_cat-autres-plantes-pour-climat-frais","product_tag-plantes-origine-africaine","product_tag-plantes-origine-asiatique","product_tag-plantes-origine-europeenne","product_tag-plantes-pour-interieur","product_tag-plantes-pour-climats-doux","product_tag-plantes-pour-climats-frais","product_tag-plantes-pour-ombre-seche","pa_taille-du-pot-pot-12-14-cm-diametre","pa_taille-du-pot-pot-18-21-cm-diametre","desktop-align-center","tablet-align-center","mobile-align-center","ast-product-gallery-layout-horizontal","ast-product-gallery-with-no-image","ast-product-single-variable","ast-product-tabs-layout-horizontal","ast-qv-on-image"],"_links":{"self":[{"href":"https:\/\/staging.pepiniereezavin.com\/en\/wp-json\/wp\/v2\/product\/29461","targetHints":{"allow":["GET"]}}],"collection":[{"href":"https:\/\/staging.pepiniereezavin.com\/en\/wp-json\/wp\/v2\/product"}],"about":[{"href":"https:\/\/staging.pepiniereezavin.com\/en\/wp-json\/wp\/v2\/types\/product"}],"wp:featuredmedia":[{"embeddable":true,"href":"https:\/\/staging.pepiniereezavin.com\/en\/wp-json\/wp\/v2\/media\/29495"}],"wp:attachment":[{"href":"https:\/\/staging.pepiniereezavin.com\/en\/wp-json\/wp\/v2\/media?parent=29461"}],"wp:term":[{"taxonomy":"product_cat","embeddable":true,"href":"https:\/\/staging.pepiniereezavin.com\/en\/wp-json\/wp\/v2\/product_cat?post=29461"},{"taxonomy":"product_tag","embeddable":true,"href":"https:\/\/staging.pepiniereezavin.com\/en\/wp-json\/wp\/v2\/product_tag?post=29461"}],"curies":[{"name":"wp","href":"https:\/\/api.w.org\/{rel}","templated":true}]}}