{"id":29462,"date":"2021-12-09T22:43:33","date_gmt":"2021-12-09T21:43:33","guid":{"rendered":"https:\/\/pepiniereezavin.fr\/?post_type=product&#038;p=29462"},"modified":"2022-12-19T18:50:48","modified_gmt":"2022-12-19T17:50:48","slug":"debregeasia-orientalis-pb-09-1215","status":"publish","type":"product","link":"https:\/\/staging.pepiniereezavin.com\/en\/product\/debregeasia-orientalis-pb-09-1215\/","title":{"rendered":"Debregeasia orientalis PB 09-1215"},"content":{"rendered":"<p>Arbuste \u00e0\u00a0 feuilles allong\u00e9es, gaufr\u00e9es, grises dessous, pendantes, port\u00e9es par des branches au port tr\u00e8s souple, voire pleureur. Cette souche, ramen\u00e9e de Ta\u00efwan (Taroko) par Patrick Blanc, a des feuilles particuli\u00e8rement \u00e9troites. Les fleurs branches et\u00a0 printani\u00e8res apparaissent avant les feuilles et sont une r\u00e9elle f\u00e9\u00e9rie! Rustique en r\u00e9gion parisienne, contre un mur, et croissance rapide.<\/p>\n<p><span style=\"text-decoration: underline;\">Hauteur adulte<\/span>\u00a0: 5\/6 m.\u00a0<span style=\"text-decoration: underline;\">Origine g\u00e9ographique<\/span>\u00a0: souche ta\u00efwanaise, mais l&rsquo;aire de r\u00e9partition de l&rsquo;esp\u00e8ce est plus large.\u00a0<span style=\"text-decoration: underline;\">Persistance hiver<\/span>\u00a0: Caduque.\u00a0<span style=\"text-decoration: underline;\">Rusticit\u00e9 USDA<\/span>\u00a0:\u00a0Zone 8 (-12.2\u00b0C\/-6.7\u00b0C).<\/p>","protected":false},"excerpt":{"rendered":"<p>Arbuste \u00e0\u00a0 feuilles allong\u00e9es, gaufr\u00e9es, grises dessous, pendantes, port\u00e9es par des branches au port tr\u00e8s souple, voire pleureur. Cette souche, ramen\u00e9e de Ta\u00efwan (Taroko) par Patrick Blanc, a des feuilles particuli\u00e8rement \u00e9troites. Les fleurs branches et\u00a0 printani\u00e8res apparaissent avant les feuilles et sont une r\u00e9elle f\u00e9\u00e9rie! Rustique en r\u00e9gion parisienne, contre un mur, et croissance rapide.<\/p>\n<p><span style=\"text-decoration: underline;\">Hauteur adulte<\/span>\u00a0: 5\/6 m.\u00a0<span style=\"text-decoration: underline;\">Origine g\u00e9ographique<\/span>\u00a0: souche ta\u00efwanaise, mais l&rsquo;aire de r\u00e9partition de l&rsquo;esp\u00e8ce est plus large.\u00a0<span style=\"text-decoration: underline;\">Persistance hiver<\/span>\u00a0: Caduque.\u00a0<span style=\"text-decoration: underline;\">Rusticit\u00e9 USDA<\/span>\u00a0:\u00a0Zone 8 (-12.2\u00b0C\/-6.7\u00b0C).<\/p>","protected":false},"featured_media":29496,"template":"","meta":{"site-sidebar-layout":"default","site-content-layout":"default","ast-global-header-display":"","ast-main-header-display":"","ast-hfb-above-header-display":"","ast-hfb-below-header-display":"","ast-hfb-mobile-header-display":"","site-post-title":"","ast-breadcrumbs-content":"","ast-featured-img":"","footer-sml-layout":"","theme-transparent-header-meta":"default","adv-header-id-meta":"","stick-header-meta":"default","header-above-stick-meta":"","header-main-stick-meta":"","header-below-stick-meta":""},"product_cat":[537,552],"product_tag":[524,529,558,533],"class_list":["post-29462","product","type-product","status-publish","has-post-thumbnail","hentry","product_cat-autres-plantes","product_cat-autres-plantes-pour-climat-doux","product_tag-plantes-famille-urticaceae","product_tag-plantes-origine-asiatique","product_tag-plantes-pour-climats-doux","product_tag-plantes-pour-mur-vegetaux","pa_taille-du-pot-pot-12-14-cm-diametre","desktop-align-center","tablet-align-center","mobile-align-center","ast-product-gallery-layout-horizontal","ast-product-single-variable","ast-product-tabs-layout-horizontal","ast-qv-on-image"],"_links":{"self":[{"href":"https:\/\/staging.pepiniereezavin.com\/en\/wp-json\/wp\/v2\/product\/29462","targetHints":{"allow":["GET"]}}],"collection":[{"href":"https:\/\/staging.pepiniereezavin.com\/en\/wp-json\/wp\/v2\/product"}],"about":[{"href":"https:\/\/staging.pepiniereezavin.com\/en\/wp-json\/wp\/v2\/types\/product"}],"wp:featuredmedia":[{"embeddable":true,"href":"https:\/\/staging.pepiniereezavin.com\/en\/wp-json\/wp\/v2\/media\/29496"}],"wp:attachment":[{"href":"https:\/\/staging.pepiniereezavin.com\/en\/wp-json\/wp\/v2\/media?parent=29462"}],"wp:term":[{"taxonomy":"product_cat","embeddable":true,"href":"https:\/\/staging.pepiniereezavin.com\/en\/wp-json\/wp\/v2\/product_cat?post=29462"},{"taxonomy":"product_tag","embeddable":true,"href":"https:\/\/staging.pepiniereezavin.com\/en\/wp-json\/wp\/v2\/product_tag?post=29462"}],"curies":[{"name":"wp","href":"https:\/\/api.w.org\/{rel}","templated":true}]}}