{"id":29501,"date":"2021-12-09T22:43:52","date_gmt":"2021-12-09T21:43:52","guid":{"rendered":"https:\/\/pepiniereezavin.fr\/?post_type=product&#038;p=29501"},"modified":"2022-06-01T09:49:54","modified_gmt":"2022-06-01T07:49:54","slug":"dietes-iridioides","status":"publish","type":"product","link":"https:\/\/staging.pepiniereezavin.com\/en\/product\/dietes-iridioides\/","title":{"rendered":"Dietes iridioides"},"content":{"rendered":"<p>Cet iridac\u00e9e d&rsquo;ombre ou de mi-ombre s\u00e8che fait de longues inflorescences\u00a0 (60 \u00e0 80 cm) plus ou moins dress\u00e9es, au bout desquelles apparaissent des bouquets de fleurs blanches. Les inflorescences fan\u00e9es ne doivent pas \u00eatre coup\u00e9es : elles refleurissent l&rsquo;ann\u00e9e suivante. Rustique jusqu&rsquo;\u00e0 -5\u00b0C s\u00fbr, peut-\u00eatre plus. Une excellente plante pour\u00a0des endroits d&rsquo;aspect sauvage. Feuillage fin vert mat persistant.<\/p>\n<p><span style=\"text-decoration: underline;\">Hauteur adulte<\/span>\u00a0: 40\/60 (100).\u00a0<span style=\"text-decoration: underline;\">Origine g\u00e9ographique<\/span>\u00a0: Afrique du sud.\u00a0<span style=\"text-decoration: underline;\">Persistance hiver<\/span>\u00a0: Persistant.\u00a0<span style=\"text-decoration: underline;\">Rusticit\u00e9 USDA<\/span>\u00a0: Zone 8.<\/p>","protected":false},"excerpt":{"rendered":"<p>Cet iridac\u00e9e d&rsquo;ombre ou de mi-ombre s\u00e8che fait de longues inflorescences\u00a0 (60 \u00e0 80 cm) plus ou moins dress\u00e9es, au bout desquelles apparaissent des bouquets de fleurs blanches. Les inflorescences fan\u00e9es ne doivent pas \u00eatre coup\u00e9es : elles refleurissent l&rsquo;ann\u00e9e suivante. Rustique jusqu&rsquo;\u00e0 -5\u00b0C s\u00fbr, peut-\u00eatre plus. Une excellente plante pour\u00a0des endroits d&rsquo;aspect sauvage. Feuillage fin vert mat persistant.<\/p>\n<p><span style=\"text-decoration: underline;\">Hauteur adulte<\/span>\u00a0: 40\/60 (100).\u00a0<span style=\"text-decoration: underline;\">Origine g\u00e9ographique<\/span>\u00a0: Afrique du sud.\u00a0<span style=\"text-decoration: underline;\">Persistance hiver<\/span>\u00a0: Persistant.\u00a0<span style=\"text-decoration: underline;\">Rusticit\u00e9 USDA<\/span>\u00a0: Zone 8.<\/p>","protected":false},"featured_media":29531,"template":"","meta":{"site-sidebar-layout":"default","site-content-layout":"default","ast-global-header-display":"","ast-main-header-display":"","ast-hfb-above-header-display":"","ast-hfb-below-header-display":"","ast-hfb-mobile-header-display":"","site-post-title":"","ast-breadcrumbs-content":"","ast-featured-img":"","footer-sml-layout":"","theme-transparent-header-meta":"default","adv-header-id-meta":"","stick-header-meta":"default","header-above-stick-meta":"","header-main-stick-meta":"","header-below-stick-meta":""},"product_cat":[537,552],"product_tag":[523,527,558,533,534],"class_list":["post-29501","product","type-product","status-publish","has-post-thumbnail","hentry","product_cat-autres-plantes","product_cat-autres-plantes-pour-climat-doux","product_tag-plantes-famille-iridacees","product_tag-plantes-origine-africaine","product_tag-plantes-pour-climats-doux","product_tag-plantes-pour-mur-vegetaux","product_tag-plantes-pour-ombre-seche","pa_taille-du-pot-pot-12-14-cm-diametre","desktop-align-center","tablet-align-center","mobile-align-center","ast-product-gallery-layout-horizontal","ast-product-single-variable","ast-product-tabs-layout-horizontal","ast-qv-on-image"],"_links":{"self":[{"href":"https:\/\/staging.pepiniereezavin.com\/en\/wp-json\/wp\/v2\/product\/29501","targetHints":{"allow":["GET"]}}],"collection":[{"href":"https:\/\/staging.pepiniereezavin.com\/en\/wp-json\/wp\/v2\/product"}],"about":[{"href":"https:\/\/staging.pepiniereezavin.com\/en\/wp-json\/wp\/v2\/types\/product"}],"wp:featuredmedia":[{"embeddable":true,"href":"https:\/\/staging.pepiniereezavin.com\/en\/wp-json\/wp\/v2\/media\/29531"}],"wp:attachment":[{"href":"https:\/\/staging.pepiniereezavin.com\/en\/wp-json\/wp\/v2\/media?parent=29501"}],"wp:term":[{"taxonomy":"product_cat","embeddable":true,"href":"https:\/\/staging.pepiniereezavin.com\/en\/wp-json\/wp\/v2\/product_cat?post=29501"},{"taxonomy":"product_tag","embeddable":true,"href":"https:\/\/staging.pepiniereezavin.com\/en\/wp-json\/wp\/v2\/product_tag?post=29501"}],"curies":[{"name":"wp","href":"https:\/\/api.w.org\/{rel}","templated":true}]}}