{"id":29504,"date":"2021-12-09T22:43:52","date_gmt":"2021-12-09T21:43:52","guid":{"rendered":"https:\/\/pepiniereezavin.fr\/?post_type=product&#038;p=29504"},"modified":"2022-12-01T18:17:49","modified_gmt":"2022-12-01T17:17:49","slug":"elatostema-radicans-var-minimum-pb-04-307","status":"publish","type":"product","link":"https:\/\/staging.pepiniereezavin.com\/en\/product\/elatostema-radicans-var-minimum-pb-04-307\/","title":{"rendered":"Elatostema radicans var. minimum PB 04-307"},"content":{"rendered":"<p>Plante \u00e0 port rampant sur rochers humides. Persistant. Int\u00e9ressante pour le brillant fonc\u00e9 de son feuillage et sa persistance en hiver. Pousse tr\u00e8s bien en int\u00e9rieur, en terrarium ou sur mur v\u00e9g\u00e9tal, ou en ext\u00e9rieur hors gel. Peut aussi \u00eatre cultiv\u00e9e comme plante d&rsquo;accompagnement de bonsa\u00efs.<\/p>\n<p><span style=\"text-decoration: underline;\">Hauteur adulte<\/span>\u00a0: 5\/10. <span style=\"text-decoration: underline;\">Origine g\u00e9ographique<\/span>\u00a0:\u00a0Japon (Kyushu). <span style=\"text-decoration: underline;\">Persistance hiver<\/span>\u00a0: Persistant. <span style=\"text-decoration: underline;\">Rusticit\u00e9 USDA<\/span>\u00a0: Zone 9.<\/p>","protected":false},"excerpt":{"rendered":"<p>Plante \u00e0 port rampant sur rochers humides. Persistant. Int\u00e9ressante pour le brillant fonc\u00e9 de son feuillage et sa persistance en hiver. Pousse tr\u00e8s bien en int\u00e9rieur, en terrarium ou sur mur v\u00e9g\u00e9tal, ou en ext\u00e9rieur hors gel. Peut aussi \u00eatre cultiv\u00e9e comme plante d&rsquo;accompagnement de bonsa\u00efs.<\/p>\n<p><span style=\"text-decoration: underline;\">Hauteur adulte<\/span>\u00a0: 5\/10. <span style=\"text-decoration: underline;\">Origine g\u00e9ographique<\/span>\u00a0:\u00a0Japon (Kyushu). <span style=\"text-decoration: underline;\">Persistance hiver<\/span>\u00a0: Persistant. <span style=\"text-decoration: underline;\">Rusticit\u00e9 USDA<\/span>\u00a0: Zone 9.<\/p>","protected":false},"featured_media":29534,"template":"","meta":{"site-sidebar-layout":"default","site-content-layout":"default","ast-global-header-display":"","ast-main-header-display":"","ast-hfb-above-header-display":"","ast-hfb-below-header-display":"","ast-hfb-mobile-header-display":"","site-post-title":"","ast-breadcrumbs-content":"","ast-featured-img":"","footer-sml-layout":"","theme-transparent-header-meta":"default","adv-header-id-meta":"","stick-header-meta":"default","header-above-stick-meta":"","header-main-stick-meta":"","header-below-stick-meta":""},"product_cat":[537,551,554,552],"product_tag":[524,526,529,558,533,557],"class_list":["post-29504","product","type-product","status-publish","has-post-thumbnail","hentry","product_cat-autres-plantes","product_cat-autres-plantes-d-interieur","product_cat-autres-plantes-pour-terrarium","product_cat-autres-plantes-pour-climat-doux","product_tag-plantes-famille-urticaceae","product_tag-plantes-couvre-sol","product_tag-plantes-origine-asiatique","product_tag-plantes-pour-climats-doux","product_tag-plantes-pour-mur-vegetaux","product_tag-plantes-pour-terrarium","pa_taille-du-pot-pot-10-12-cm-diametre","desktop-align-center","tablet-align-center","mobile-align-center","ast-product-gallery-layout-horizontal","ast-product-gallery-with-no-image","ast-product-single-variable","ast-product-tabs-layout-horizontal","ast-qv-on-image"],"_links":{"self":[{"href":"https:\/\/staging.pepiniereezavin.com\/en\/wp-json\/wp\/v2\/product\/29504","targetHints":{"allow":["GET"]}}],"collection":[{"href":"https:\/\/staging.pepiniereezavin.com\/en\/wp-json\/wp\/v2\/product"}],"about":[{"href":"https:\/\/staging.pepiniereezavin.com\/en\/wp-json\/wp\/v2\/types\/product"}],"wp:featuredmedia":[{"embeddable":true,"href":"https:\/\/staging.pepiniereezavin.com\/en\/wp-json\/wp\/v2\/media\/29534"}],"wp:attachment":[{"href":"https:\/\/staging.pepiniereezavin.com\/en\/wp-json\/wp\/v2\/media?parent=29504"}],"wp:term":[{"taxonomy":"product_cat","embeddable":true,"href":"https:\/\/staging.pepiniereezavin.com\/en\/wp-json\/wp\/v2\/product_cat?post=29504"},{"taxonomy":"product_tag","embeddable":true,"href":"https:\/\/staging.pepiniereezavin.com\/en\/wp-json\/wp\/v2\/product_tag?post=29504"}],"curies":[{"name":"wp","href":"https:\/\/api.w.org\/{rel}","templated":true}]}}