{"id":29505,"date":"2021-12-09T22:43:53","date_gmt":"2021-12-09T21:43:53","guid":{"rendered":"https:\/\/pepiniereezavin.fr\/?post_type=product&#038;p=29505"},"modified":"2023-01-02T21:37:25","modified_gmt":"2023-01-02T20:37:25","slug":"elatostema-repens-velvet-twilight","status":"publish","type":"product","link":"https:\/\/staging.pepiniereezavin.com\/en\/product\/elatostema-repens-velvet-twilight\/","title":{"rendered":"Elatostema repens &lsquo;Velvet Twilight&rsquo;"},"content":{"rendered":"<p><em>Elatostema repens<\/em> &lsquo;Velvet Twilight&rsquo; est une plante d&rsquo;int\u00e9rieur, tapissante \u00e0 retombante. Son \u00e9pais feuillage est satin\u00e9 et arbore de longues bandes vert clair en son centre.<br \/>\nCette magnifique forme a une croissance beaucoup plus vigoureuse que le type d&rsquo;Elatostema repens. Il se comporte tr\u00e8s bien comme plante d&rsquo;int\u00e9rieur, peu demandeuse en entretien. Donne aussi de tr\u00e8s bons r\u00e9sultats sur mur v\u00e9g\u00e9tal, voir les photos. <em>Elatostema repens<\/em> &lsquo;Velvet Twilight&rsquo; adore aussi la culture en terrarium!<\/p>\n<p>Hauteur adulte : 2 cm. couvre sol. Origine g\u00e9ographique : Asie du Sud-Est. Persistance hiver : Persistant, garder \u00e0 +10\u00b0C mini. Rusticit\u00e9 USDA : Zone 11 (+4.4\u00b0C\/+10\u00b0C)<\/p>","protected":false},"excerpt":{"rendered":"<p><em>Elatostema repens<\/em> &lsquo;Velvet Twilight&rsquo; est une plante d&rsquo;int\u00e9rieur, tapissante \u00e0 retombante. Son \u00e9pais feuillage est satin\u00e9 et arbore de longues bandes vert clair en son centre.<br \/>\nCette magnifique forme a une croissance beaucoup plus vigoureuse que le type d&rsquo;Elatostema repens. Il se comporte tr\u00e8s bien comme plante d&rsquo;int\u00e9rieur, peu demandeuse en entretien. Donne aussi de tr\u00e8s bons r\u00e9sultats sur mur v\u00e9g\u00e9tal, voir les photos. <em>Elatostema repens<\/em> &lsquo;Velvet Twilight&rsquo; adore aussi la culture en terrarium!<\/p>\n<p>Hauteur adulte : 2 cm. couvre sol. Origine g\u00e9ographique : Asie du Sud-Est. Persistance hiver : Persistant, garder \u00e0 +10\u00b0C mini. Rusticit\u00e9 USDA : Zone 11 (+4.4\u00b0C\/+10\u00b0C)<\/p>","protected":false},"featured_media":33737,"template":"","meta":{"site-sidebar-layout":"default","site-content-layout":"default","ast-global-header-display":"","ast-main-header-display":"","ast-hfb-above-header-display":"","ast-hfb-below-header-display":"","ast-hfb-mobile-header-display":"","site-post-title":"","ast-breadcrumbs-content":"","ast-featured-img":"","footer-sml-layout":"","theme-transparent-header-meta":"default","adv-header-id-meta":"","stick-header-meta":"default","header-above-stick-meta":"","header-main-stick-meta":"","header-below-stick-meta":""},"product_cat":[537,551,554],"product_tag":[524,526,529,556,533,557],"class_list":["post-29505","product","type-product","status-publish","has-post-thumbnail","hentry","product_cat-autres-plantes","product_cat-autres-plantes-d-interieur","product_cat-autres-plantes-pour-terrarium","product_tag-plantes-famille-urticaceae","product_tag-plantes-couvre-sol","product_tag-plantes-origine-asiatique","product_tag-plantes-pour-interieur","product_tag-plantes-pour-mur-vegetaux","product_tag-plantes-pour-terrarium","pa_taille-du-pot-pot-10-cm-diametre","desktop-align-center","tablet-align-center","mobile-align-center","ast-product-gallery-layout-horizontal","ast-product-single-variable","ast-product-tabs-layout-horizontal","ast-qv-on-image"],"_links":{"self":[{"href":"https:\/\/staging.pepiniereezavin.com\/en\/wp-json\/wp\/v2\/product\/29505","targetHints":{"allow":["GET"]}}],"collection":[{"href":"https:\/\/staging.pepiniereezavin.com\/en\/wp-json\/wp\/v2\/product"}],"about":[{"href":"https:\/\/staging.pepiniereezavin.com\/en\/wp-json\/wp\/v2\/types\/product"}],"wp:featuredmedia":[{"embeddable":true,"href":"https:\/\/staging.pepiniereezavin.com\/en\/wp-json\/wp\/v2\/media\/33737"}],"wp:attachment":[{"href":"https:\/\/staging.pepiniereezavin.com\/en\/wp-json\/wp\/v2\/media?parent=29505"}],"wp:term":[{"taxonomy":"product_cat","embeddable":true,"href":"https:\/\/staging.pepiniereezavin.com\/en\/wp-json\/wp\/v2\/product_cat?post=29505"},{"taxonomy":"product_tag","embeddable":true,"href":"https:\/\/staging.pepiniereezavin.com\/en\/wp-json\/wp\/v2\/product_tag?post=29505"}],"curies":[{"name":"wp","href":"https:\/\/api.w.org\/{rel}","templated":true}]}}