{"id":29507,"date":"2021-12-09T22:43:53","date_gmt":"2021-12-09T21:43:53","guid":{"rendered":"https:\/\/pepiniereezavin.fr\/?post_type=product&#038;p=29507"},"modified":"2022-09-13T20:02:48","modified_gmt":"2022-09-13T18:02:48","slug":"elatostema-elegans-pb-13-418","status":"publish","type":"product","link":"https:\/\/staging.pepiniereezavin.com\/en\/product\/elatostema-elegans-pb-13-418\/","title":{"rendered":"Elatostema elegans PB 13-418"},"content":{"rendered":"<p>Cette plante herbac\u00e9e forme naturellement une touffe fournie dress\u00e9e. Un mini \u00ab\u00a0arbuste\u00a0\u00bb \u00e0 feuilles \u00e9troites et effil\u00e9es, toutes pointant vers l&rsquo;ext\u00e9rieur de la touffe. Cette plante originaire de l&rsquo;\u00eele de Flor\u00e8s (Indon\u00e9sie), est donc \u00e0 cultiver \u00e0 l&rsquo;int\u00e9rieur. Culture facile comme plante d&rsquo;int\u00e9rieur ou sur mur v\u00e9g\u00e9tal. Sol frais et riche.<\/p>\n<p><span style=\"text-decoration: underline;\">Hauteur adulte<\/span>\u00a0: 40\/60.\u00a0<span style=\"text-decoration: underline;\">Origine g\u00e9ographique<\/span>\u00a0: Indon\u00e9sie (Flor\u00e8s).\u00a0<span style=\"text-decoration: underline;\">Persistance hiver<\/span>\u00a0: Persistant.\u00a0<span style=\"text-decoration: underline;\">Rusticit\u00e9 USDA<\/span>\u00a0: Zone 11 (+4.4\u00b0C\/+10\u00b0C).<\/p>","protected":false},"excerpt":{"rendered":"<p>Cette plante herbac\u00e9e forme naturellement une touffe fournie dress\u00e9e. Un mini \u00ab\u00a0arbuste\u00a0\u00bb \u00e0 feuilles \u00e9troites et effil\u00e9es, toutes pointant vers l&rsquo;ext\u00e9rieur de la touffe. Cette plante originaire de l&rsquo;\u00eele de Flor\u00e8s (Indon\u00e9sie), est donc \u00e0 cultiver \u00e0 l&rsquo;int\u00e9rieur. Culture facile comme plante d&rsquo;int\u00e9rieur ou sur mur v\u00e9g\u00e9tal. Sol frais et riche.<\/p>\n<p><span style=\"text-decoration: underline;\">Hauteur adulte<\/span>\u00a0: 40\/60.\u00a0<span style=\"text-decoration: underline;\">Origine g\u00e9ographique<\/span>\u00a0: Indon\u00e9sie (Flor\u00e8s).\u00a0<span style=\"text-decoration: underline;\">Persistance hiver<\/span>\u00a0: Persistant.\u00a0<span style=\"text-decoration: underline;\">Rusticit\u00e9 USDA<\/span>\u00a0: Zone 11 (+4.4\u00b0C\/+10\u00b0C).<\/p>","protected":false},"featured_media":29537,"template":"","meta":{"site-sidebar-layout":"default","site-content-layout":"default","ast-global-header-display":"","ast-main-header-display":"","ast-hfb-above-header-display":"","ast-hfb-below-header-display":"","ast-hfb-mobile-header-display":"","site-post-title":"","ast-breadcrumbs-content":"","ast-featured-img":"","footer-sml-layout":"","theme-transparent-header-meta":"default","adv-header-id-meta":"","stick-header-meta":"default","header-above-stick-meta":"","header-main-stick-meta":"","header-below-stick-meta":""},"product_cat":[537,551,554],"product_tag":[524,526,529,556,533,557],"class_list":["post-29507","product","type-product","status-publish","has-post-thumbnail","hentry","product_cat-autres-plantes","product_cat-autres-plantes-d-interieur","product_cat-autres-plantes-pour-terrarium","product_tag-plantes-famille-urticaceae","product_tag-plantes-couvre-sol","product_tag-plantes-origine-asiatique","product_tag-plantes-pour-interieur","product_tag-plantes-pour-mur-vegetaux","product_tag-plantes-pour-terrarium","pa_taille-du-pot-pot-10-12-cm-diametre","desktop-align-center","tablet-align-center","mobile-align-center","ast-product-gallery-layout-horizontal","ast-product-gallery-with-no-image","ast-product-single-variable","ast-product-tabs-layout-horizontal","ast-qv-on-image"],"_links":{"self":[{"href":"https:\/\/staging.pepiniereezavin.com\/en\/wp-json\/wp\/v2\/product\/29507","targetHints":{"allow":["GET"]}}],"collection":[{"href":"https:\/\/staging.pepiniereezavin.com\/en\/wp-json\/wp\/v2\/product"}],"about":[{"href":"https:\/\/staging.pepiniereezavin.com\/en\/wp-json\/wp\/v2\/types\/product"}],"wp:featuredmedia":[{"embeddable":true,"href":"https:\/\/staging.pepiniereezavin.com\/en\/wp-json\/wp\/v2\/media\/29537"}],"wp:attachment":[{"href":"https:\/\/staging.pepiniereezavin.com\/en\/wp-json\/wp\/v2\/media?parent=29507"}],"wp:term":[{"taxonomy":"product_cat","embeddable":true,"href":"https:\/\/staging.pepiniereezavin.com\/en\/wp-json\/wp\/v2\/product_cat?post=29507"},{"taxonomy":"product_tag","embeddable":true,"href":"https:\/\/staging.pepiniereezavin.com\/en\/wp-json\/wp\/v2\/product_tag?post=29507"}],"curies":[{"name":"wp","href":"https:\/\/api.w.org\/{rel}","templated":true}]}}