{"id":29508,"date":"2021-12-09T22:43:53","date_gmt":"2021-12-09T21:43:53","guid":{"rendered":"https:\/\/pepiniereezavin.fr\/?post_type=product&#038;p=29508"},"modified":"2022-09-23T13:24:40","modified_gmt":"2022-09-23T11:24:40","slug":"elatostema-umbellatum-dents-de-kyoto-pb-04-1002","status":"publish","type":"product","link":"https:\/\/staging.pepiniereezavin.com\/en\/product\/elatostema-umbellatum-dents-de-kyoto-pb-04-1002\/","title":{"rendered":"Elatostema umbellatum &lsquo;Dents de Kyoto&rsquo; PB 04 1002"},"content":{"rendered":"<p>Herbac\u00e9e couvre sol \u00e0 tiges annuelles dress\u00e9es, portant des feuilles dent\u00e9es allong\u00e9es. Le vert clair du feuillage est tout \u00e0 fait bienvenu au pied d&rsquo;autres plantes, en int\u00e9rieur ou dans un endroit frais du jardin. Chez cette forme, les feuilles ont des grandes dents sur les bords, plus grande que chez le type. Tient dehors en r\u00e9gion parisienne.<\/p>\n<p><span style=\"text-decoration: underline;\">Hauteur adulte<\/span>\u00a0: 20\/40.\u00a0<span style=\"text-decoration: underline;\">Origine g\u00e9ographique<\/span>\u00a0: Japon.\u00a0<span style=\"text-decoration: underline;\">Persistance hiver<\/span>\u00a0: Caduque.\u00a0<span style=\"text-decoration: underline;\">Rusticit\u00e9 USDA<\/span>\u00a0: Zone 7\/8.<\/p>","protected":false},"excerpt":{"rendered":"<p>Herbac\u00e9e couvre sol \u00e0 tiges annuelles dress\u00e9es, portant des feuilles dent\u00e9es allong\u00e9es. Le vert clair du feuillage est tout \u00e0 fait bienvenu au pied d&rsquo;autres plantes, en int\u00e9rieur ou dans un endroit frais du jardin. Chez cette forme, les feuilles ont des grandes dents sur les bords, plus grande que chez le type. Tient dehors en r\u00e9gion parisienne.<\/p>\n<p><span style=\"text-decoration: underline;\">Hauteur adulte<\/span>\u00a0: 20\/40.\u00a0<span style=\"text-decoration: underline;\">Origine g\u00e9ographique<\/span>\u00a0: Japon.\u00a0<span style=\"text-decoration: underline;\">Persistance hiver<\/span>\u00a0: Caduque.\u00a0<span style=\"text-decoration: underline;\">Rusticit\u00e9 USDA<\/span>\u00a0: Zone 7\/8.<\/p>","protected":false},"featured_media":0,"template":"","meta":{"site-sidebar-layout":"default","site-content-layout":"default","ast-global-header-display":"","ast-main-header-display":"","ast-hfb-above-header-display":"","ast-hfb-below-header-display":"","ast-hfb-mobile-header-display":"","site-post-title":"","ast-breadcrumbs-content":"","ast-featured-img":"","footer-sml-layout":"","theme-transparent-header-meta":"default","adv-header-id-meta":"","stick-header-meta":"default","header-above-stick-meta":"","header-main-stick-meta":"","header-below-stick-meta":""},"product_cat":[537,551,554,552,553],"product_tag":[524,526,529,558,559,533,557],"class_list":["post-29508","product","type-product","status-publish","hentry","product_cat-autres-plantes","product_cat-autres-plantes-d-interieur","product_cat-autres-plantes-pour-terrarium","product_cat-autres-plantes-pour-climat-doux","product_cat-autres-plantes-pour-climat-frais","product_tag-plantes-famille-urticaceae","product_tag-plantes-couvre-sol","product_tag-plantes-origine-asiatique","product_tag-plantes-pour-climats-doux","product_tag-plantes-pour-climats-frais","product_tag-plantes-pour-mur-vegetaux","product_tag-plantes-pour-terrarium","pa_taille-du-pot-pot-12-14-cm-diametre","desktop-align-center","tablet-align-center","mobile-align-center","ast-product-gallery-layout-horizontal","ast-product-gallery-with-no-image","ast-product-single-variable","ast-product-tabs-layout-horizontal","ast-qv-on-image"],"_links":{"self":[{"href":"https:\/\/staging.pepiniereezavin.com\/en\/wp-json\/wp\/v2\/product\/29508","targetHints":{"allow":["GET"]}}],"collection":[{"href":"https:\/\/staging.pepiniereezavin.com\/en\/wp-json\/wp\/v2\/product"}],"about":[{"href":"https:\/\/staging.pepiniereezavin.com\/en\/wp-json\/wp\/v2\/types\/product"}],"wp:attachment":[{"href":"https:\/\/staging.pepiniereezavin.com\/en\/wp-json\/wp\/v2\/media?parent=29508"}],"wp:term":[{"taxonomy":"product_cat","embeddable":true,"href":"https:\/\/staging.pepiniereezavin.com\/en\/wp-json\/wp\/v2\/product_cat?post=29508"},{"taxonomy":"product_tag","embeddable":true,"href":"https:\/\/staging.pepiniereezavin.com\/en\/wp-json\/wp\/v2\/product_tag?post=29508"}],"curies":[{"name":"wp","href":"https:\/\/api.w.org\/{rel}","templated":true}]}}