{"id":29510,"date":"2021-12-09T22:43:53","date_gmt":"2021-12-09T21:43:53","guid":{"rendered":"https:\/\/pepiniereezavin.fr\/?post_type=product&#038;p=29510"},"modified":"2022-06-28T21:54:34","modified_gmt":"2022-06-28T19:54:34","slug":"elatostema-umbellatum-snow-patch","status":"publish","type":"product","link":"https:\/\/staging.pepiniereezavin.com\/en\/product\/elatostema-umbellatum-snow-patch\/","title":{"rendered":"Elatostema umbellatum &lsquo;Snow Patch&rsquo;"},"content":{"rendered":"<p>Forme panach\u00e9e \u00e0 taches blanches sur les feuilles. M\u00eame culture que le type. Ramen\u00e9 du Japon par Patrick Blanc. Tr\u00e8s d\u00e9coratif\u00a0 par sa panachure bien blanche, surtout au printemps. Culture facile en sol frais.<\/p>\n<p><span style=\"text-decoration: underline;\">Hauteur adulte<\/span>\u00a0: 20\/40. <span style=\"text-decoration: underline;\">Origine g\u00e9ographique<\/span>\u00a0: Japon. <span style=\"text-decoration: underline;\">Persistance hiver<\/span>\u00a0: Caduque. <span style=\"text-decoration: underline;\">Rusticit\u00e9 USDA<\/span>\u00a0: Zone 7\/8.<\/p>","protected":false},"excerpt":{"rendered":"<p>Forme panach\u00e9e \u00e0 taches blanches sur les feuilles. M\u00eame culture que le type. Ramen\u00e9 du Japon par Patrick Blanc. Tr\u00e8s d\u00e9coratif\u00a0 par sa panachure bien blanche, surtout au printemps. Culture facile en sol frais.<\/p>\n<p><span style=\"text-decoration: underline;\">Hauteur adulte<\/span>\u00a0: 20\/40. <span style=\"text-decoration: underline;\">Origine g\u00e9ographique<\/span>\u00a0: Japon. <span style=\"text-decoration: underline;\">Persistance hiver<\/span>\u00a0: Caduque. <span style=\"text-decoration: underline;\">Rusticit\u00e9 USDA<\/span>\u00a0: Zone 7\/8.<\/p>","protected":false},"featured_media":29538,"template":"","meta":{"site-sidebar-layout":"default","site-content-layout":"default","ast-global-header-display":"","ast-main-header-display":"","ast-hfb-above-header-display":"","ast-hfb-below-header-display":"","ast-hfb-mobile-header-display":"","site-post-title":"","ast-breadcrumbs-content":"","ast-featured-img":"","footer-sml-layout":"","theme-transparent-header-meta":"default","adv-header-id-meta":"","stick-header-meta":"default","header-above-stick-meta":"","header-main-stick-meta":"","header-below-stick-meta":""},"product_cat":[537,554,552],"product_tag":[524,526,529,558,533,557],"class_list":["post-29510","product","type-product","status-publish","has-post-thumbnail","hentry","product_cat-autres-plantes","product_cat-autres-plantes-pour-terrarium","product_cat-autres-plantes-pour-climat-doux","product_tag-plantes-famille-urticaceae","product_tag-plantes-couvre-sol","product_tag-plantes-origine-asiatique","product_tag-plantes-pour-climats-doux","product_tag-plantes-pour-mur-vegetaux","product_tag-plantes-pour-terrarium","pa_taille-du-pot-godet-carre-8x8-ou-9x9","pa_taille-du-pot-pot-12-14-cm-diametre","desktop-align-center","tablet-align-center","mobile-align-center","ast-product-gallery-layout-horizontal","ast-product-gallery-with-no-image","ast-product-single-variable","ast-product-tabs-layout-horizontal","ast-qv-on-image"],"_links":{"self":[{"href":"https:\/\/staging.pepiniereezavin.com\/en\/wp-json\/wp\/v2\/product\/29510","targetHints":{"allow":["GET"]}}],"collection":[{"href":"https:\/\/staging.pepiniereezavin.com\/en\/wp-json\/wp\/v2\/product"}],"about":[{"href":"https:\/\/staging.pepiniereezavin.com\/en\/wp-json\/wp\/v2\/types\/product"}],"wp:featuredmedia":[{"embeddable":true,"href":"https:\/\/staging.pepiniereezavin.com\/en\/wp-json\/wp\/v2\/media\/29538"}],"wp:attachment":[{"href":"https:\/\/staging.pepiniereezavin.com\/en\/wp-json\/wp\/v2\/media?parent=29510"}],"wp:term":[{"taxonomy":"product_cat","embeddable":true,"href":"https:\/\/staging.pepiniereezavin.com\/en\/wp-json\/wp\/v2\/product_cat?post=29510"},{"taxonomy":"product_tag","embeddable":true,"href":"https:\/\/staging.pepiniereezavin.com\/en\/wp-json\/wp\/v2\/product_tag?post=29510"}],"curies":[{"name":"wp","href":"https:\/\/api.w.org\/{rel}","templated":true}]}}