{"id":29512,"date":"2021-12-09T22:43:54","date_gmt":"2021-12-09T21:43:54","guid":{"rendered":"https:\/\/pepiniereezavin.fr\/?post_type=product&#038;p=29512"},"modified":"2022-11-26T11:13:48","modified_gmt":"2022-11-26T10:13:48","slug":"euonymus-fortunei-cv-minima","status":"publish","type":"product","link":"https:\/\/staging.pepiniereezavin.com\/en\/product\/euonymus-fortunei-cv-minima\/","title":{"rendered":"Euonymus fortunei  cv. &lsquo;Minima&rsquo;"},"content":{"rendered":"<p>Ce <strong>fusain nain<\/strong> est un formidable couvre-sol : les toutes petites feuilles marbr\u00e9es (5mm) tapissent litt\u00e9ralement le support et prennent des colorations rouges en hiver. Tr\u00e8s bon couvre sol de zone s\u00e8che. Ce cultivar est une forme st\u00e9rile. Lumi\u00e8re tamis\u00e9e \u00e0 mi-ombre. Utilisable en sous-bois ou en rocaille , ou encore comme plante d&rsquo;int\u00e9rieur tapissante ou retombante. Culture facile.<\/p>\n<p><span style=\"text-decoration: underline;\">Hauteur adulte<\/span>\u00a0: 2\/5 cm.\u00a0<span style=\"text-decoration: underline;\">Origine g\u00e9ographique<\/span>\u00a0: origine horticole.\u00a0<span style=\"text-decoration: underline;\">Persistance hiver<\/span>\u00a0: Persistant.\u00a0<span style=\"text-decoration: underline;\">Rusticit\u00e9 USDA<\/span> : Zone 7 (-17.8\u00b0C\/-12.2\u00b0C).<\/p>","protected":false},"excerpt":{"rendered":"<p>Ce <strong>fusain nain<\/strong> est un formidable couvre-sol : les toutes petites feuilles marbr\u00e9es (5mm) tapissent litt\u00e9ralement le support et prennent des colorations rouges en hiver. Tr\u00e8s bon couvre sol de zone s\u00e8che. Ce cultivar est une forme st\u00e9rile. Lumi\u00e8re tamis\u00e9e \u00e0 mi-ombre. Utilisable en sous-bois ou en rocaille , ou encore comme plante d&rsquo;int\u00e9rieur tapissante ou retombante. Culture facile.<\/p>\n<p><span style=\"text-decoration: underline;\">Hauteur adulte<\/span>\u00a0: 2\/5 cm.\u00a0<span style=\"text-decoration: underline;\">Origine g\u00e9ographique<\/span>\u00a0: origine horticole.\u00a0<span style=\"text-decoration: underline;\">Persistance hiver<\/span>\u00a0: Persistant.\u00a0<span style=\"text-decoration: underline;\">Rusticit\u00e9 USDA<\/span> : Zone 7 (-17.8\u00b0C\/-12.2\u00b0C).<\/p>","protected":false},"featured_media":29540,"template":"","meta":{"site-sidebar-layout":"default","site-content-layout":"default","ast-global-header-display":"","ast-main-header-display":"","ast-hfb-above-header-display":"","ast-hfb-below-header-display":"","ast-hfb-mobile-header-display":"","site-post-title":"","ast-breadcrumbs-content":"","ast-featured-img":"","footer-sml-layout":"","theme-transparent-header-meta":"default","adv-header-id-meta":"","stick-header-meta":"default","header-above-stick-meta":"","header-main-stick-meta":"","header-below-stick-meta":""},"product_cat":[537,554,552],"product_tag":[525,526,529,558,533,534,557],"class_list":["post-29512","product","type-product","status-publish","has-post-thumbnail","hentry","product_cat-autres-plantes","product_cat-autres-plantes-pour-terrarium","product_cat-autres-plantes-pour-climat-doux","product_tag-plantes-a-feuillage-coriace","product_tag-plantes-couvre-sol","product_tag-plantes-origine-asiatique","product_tag-plantes-pour-climats-doux","product_tag-plantes-pour-mur-vegetaux","product_tag-plantes-pour-ombre-seche","product_tag-plantes-pour-terrarium","pa_taille-du-pot-pot-10-12-cm-diametre","desktop-align-center","tablet-align-center","mobile-align-center","ast-product-gallery-layout-horizontal","ast-product-single-variable","ast-product-tabs-layout-horizontal","ast-qv-on-image"],"_links":{"self":[{"href":"https:\/\/staging.pepiniereezavin.com\/en\/wp-json\/wp\/v2\/product\/29512","targetHints":{"allow":["GET"]}}],"collection":[{"href":"https:\/\/staging.pepiniereezavin.com\/en\/wp-json\/wp\/v2\/product"}],"about":[{"href":"https:\/\/staging.pepiniereezavin.com\/en\/wp-json\/wp\/v2\/types\/product"}],"wp:featuredmedia":[{"embeddable":true,"href":"https:\/\/staging.pepiniereezavin.com\/en\/wp-json\/wp\/v2\/media\/29540"}],"wp:attachment":[{"href":"https:\/\/staging.pepiniereezavin.com\/en\/wp-json\/wp\/v2\/media?parent=29512"}],"wp:term":[{"taxonomy":"product_cat","embeddable":true,"href":"https:\/\/staging.pepiniereezavin.com\/en\/wp-json\/wp\/v2\/product_cat?post=29512"},{"taxonomy":"product_tag","embeddable":true,"href":"https:\/\/staging.pepiniereezavin.com\/en\/wp-json\/wp\/v2\/product_tag?post=29512"}],"curies":[{"name":"wp","href":"https:\/\/api.w.org\/{rel}","templated":true}]}}