{"id":29520,"date":"2021-12-09T22:43:54","date_gmt":"2021-12-09T21:43:54","guid":{"rendered":"https:\/\/pepiniereezavin.fr\/?post_type=product&#038;p=29520"},"modified":"2022-06-18T19:17:31","modified_gmt":"2022-06-18T17:17:31","slug":"farfugium-japonicum","status":"publish","type":"product","link":"https:\/\/staging.pepiniereezavin.com\/en\/product\/farfugium-japonicum\/","title":{"rendered":"Farfugium japonicum"},"content":{"rendered":"<p>Rosette de feuilles coriaces rondes (30-40 cm diam.) vert fonc\u00e9 brillant, \u00e0 longs p\u00e9tioles \u00e9pais rouge fonc\u00e9. Floraison jaunes en fin d&rsquo;hiver. Terre normale, en ombre ou mi-ombre fra\u00eeche.<\/p>\n<p><span style=\"text-decoration: underline;\">Hauteur adulte<\/span>\u00a0: 60\/80(100).\u00a0<span style=\"text-decoration: underline;\">Origine g\u00e9ographique<\/span>\u00a0: Japon.\u00a0<span style=\"text-decoration: underline;\">Persistance hiver<\/span>\u00a0: Persistant.\u00a0<span style=\"text-decoration: underline;\">Rusticit\u00e9 USDA<\/span>\u00a0:\u00a0Zone 8 (-12.2\u00b0C\/-6.7\u00b0C), voire moins en situation abrit\u00e9e.<\/p>","protected":false},"excerpt":{"rendered":"<p>Rosette de feuilles coriaces rondes (30-40 cm diam.) vert fonc\u00e9 brillant, \u00e0 longs p\u00e9tioles \u00e9pais rouge fonc\u00e9. Floraison jaunes en fin d&rsquo;hiver. Terre normale, en ombre ou mi-ombre fra\u00eeche.<\/p>\n<p><span style=\"text-decoration: underline;\">Hauteur adulte<\/span>\u00a0: 60\/80(100).\u00a0<span style=\"text-decoration: underline;\">Origine g\u00e9ographique<\/span>\u00a0: Japon.\u00a0<span style=\"text-decoration: underline;\">Persistance hiver<\/span>\u00a0: Persistant.\u00a0<span style=\"text-decoration: underline;\">Rusticit\u00e9 USDA<\/span>\u00a0:\u00a0Zone 8 (-12.2\u00b0C\/-6.7\u00b0C), voire moins en situation abrit\u00e9e.<\/p>","protected":false},"featured_media":29544,"template":"","meta":{"site-sidebar-layout":"default","site-content-layout":"default","ast-global-header-display":"","ast-main-header-display":"","ast-hfb-above-header-display":"","ast-hfb-below-header-display":"","ast-hfb-mobile-header-display":"","site-post-title":"","ast-breadcrumbs-content":"","ast-featured-img":"","footer-sml-layout":"","theme-transparent-header-meta":"default","adv-header-id-meta":"","stick-header-meta":"default","header-above-stick-meta":"","header-main-stick-meta":"","header-below-stick-meta":""},"product_cat":[537,552],"product_tag":[525,529,558],"class_list":["post-29520","product","type-product","status-publish","has-post-thumbnail","hentry","product_cat-autres-plantes","product_cat-autres-plantes-pour-climat-doux","product_tag-plantes-a-feuillage-coriace","product_tag-plantes-origine-asiatique","product_tag-plantes-pour-climats-doux","pa_taille-du-pot-pot-12-14-cm-diametre","desktop-align-center","tablet-align-center","mobile-align-center","ast-product-gallery-layout-horizontal","ast-product-gallery-with-no-image","ast-product-single-variable","ast-product-tabs-layout-horizontal","ast-qv-on-image"],"_links":{"self":[{"href":"https:\/\/staging.pepiniereezavin.com\/en\/wp-json\/wp\/v2\/product\/29520","targetHints":{"allow":["GET"]}}],"collection":[{"href":"https:\/\/staging.pepiniereezavin.com\/en\/wp-json\/wp\/v2\/product"}],"about":[{"href":"https:\/\/staging.pepiniereezavin.com\/en\/wp-json\/wp\/v2\/types\/product"}],"wp:featuredmedia":[{"embeddable":true,"href":"https:\/\/staging.pepiniereezavin.com\/en\/wp-json\/wp\/v2\/media\/29544"}],"wp:attachment":[{"href":"https:\/\/staging.pepiniereezavin.com\/en\/wp-json\/wp\/v2\/media?parent=29520"}],"wp:term":[{"taxonomy":"product_cat","embeddable":true,"href":"https:\/\/staging.pepiniereezavin.com\/en\/wp-json\/wp\/v2\/product_cat?post=29520"},{"taxonomy":"product_tag","embeddable":true,"href":"https:\/\/staging.pepiniereezavin.com\/en\/wp-json\/wp\/v2\/product_tag?post=29520"}],"curies":[{"name":"wp","href":"https:\/\/api.w.org\/{rel}","templated":true}]}}