{"id":29554,"date":"2021-12-09T22:44:11","date_gmt":"2021-12-09T21:44:11","guid":{"rendered":"https:\/\/pepiniereezavin.fr\/?post_type=product&#038;p=29554"},"modified":"2022-06-14T13:53:04","modified_gmt":"2022-06-14T11:53:04","slug":"fuchsia-hatschbachii","status":"publish","type":"product","link":"https:\/\/staging.pepiniereezavin.com\/en\/product\/fuchsia-hatschbachii\/","title":{"rendered":"Fuchsia hatschbachii"},"content":{"rendered":"<p>Grimpant, ce fuchsia br\u00e9silien\u00a0fait des fleurs fines pendantes et des feuilles effil\u00e9es,\u00a0par verticilles de 3. Il est capable de monter \u00e0 6 m en grimpant entre les branches d&rsquo;un arbre, ou paliss\u00e9 contre un mur. En r\u00e9gion parisienne, il s&rsquo;est montr\u00e9 plus persistant que Fuchsia regia. Esp\u00e8ce tr\u00e8s vigoureuse.<\/p>\n<p><span style=\"text-decoration: underline;\">Hauteur adulte<\/span>\u00a0: 100\/600. Peut \u00eatre taill\u00e9.\u00a0<span style=\"text-decoration: underline;\">Origine g\u00e9ographique<\/span>\u00a0: Br\u00e9sil.\u00a0<span style=\"text-decoration: underline;\">Persistance hiver<\/span>\u00a0: Semi-persistant.\u00a0<span style=\"text-decoration: underline;\">Rusticit\u00e9 USDA<\/span>\u00a0: Zone 8 (-12.2\u00b0C\/-6.7\u00b0C).<\/p>","protected":false},"excerpt":{"rendered":"<p>Grimpant, ce fuchsia br\u00e9silien\u00a0fait des fleurs fines pendantes et des feuilles effil\u00e9es,\u00a0par verticilles de 3. Il est capable de monter \u00e0 6 m en grimpant entre les branches d&rsquo;un arbre, ou paliss\u00e9 contre un mur. En r\u00e9gion parisienne, il s&rsquo;est montr\u00e9 plus persistant que Fuchsia regia. Esp\u00e8ce tr\u00e8s vigoureuse.<\/p>\n<p><span style=\"text-decoration: underline;\">Hauteur adulte<\/span>\u00a0: 100\/600. Peut \u00eatre taill\u00e9.\u00a0<span style=\"text-decoration: underline;\">Origine g\u00e9ographique<\/span>\u00a0: Br\u00e9sil.\u00a0<span style=\"text-decoration: underline;\">Persistance hiver<\/span>\u00a0: Semi-persistant.\u00a0<span style=\"text-decoration: underline;\">Rusticit\u00e9 USDA<\/span>\u00a0: Zone 8 (-12.2\u00b0C\/-6.7\u00b0C).<\/p>","protected":false},"featured_media":29584,"template":"","meta":{"site-sidebar-layout":"default","site-content-layout":"default","ast-global-header-display":"","ast-main-header-display":"","ast-hfb-above-header-display":"","ast-hfb-below-header-display":"","ast-hfb-mobile-header-display":"","site-post-title":"","ast-breadcrumbs-content":"","ast-featured-img":"","footer-sml-layout":"","theme-transparent-header-meta":"default","adv-header-id-meta":"","stick-header-meta":"default","header-above-stick-meta":"","header-main-stick-meta":"","header-below-stick-meta":""},"product_cat":[537,552,553],"product_tag":[528,558,559,533],"class_list":["post-29554","product","type-product","status-publish","has-post-thumbnail","hentry","product_cat-autres-plantes","product_cat-autres-plantes-pour-climat-doux","product_cat-autres-plantes-pour-climat-frais","product_tag-plantes-origine-americaine","product_tag-plantes-pour-climats-doux","product_tag-plantes-pour-climats-frais","product_tag-plantes-pour-mur-vegetaux","pa_taille-du-pot-pot-12-14-cm-diametre","desktop-align-center","tablet-align-center","mobile-align-center","ast-product-gallery-layout-horizontal","ast-product-gallery-with-no-image","ast-product-single-variable","ast-product-tabs-layout-horizontal","ast-qv-on-image"],"_links":{"self":[{"href":"https:\/\/staging.pepiniereezavin.com\/en\/wp-json\/wp\/v2\/product\/29554","targetHints":{"allow":["GET"]}}],"collection":[{"href":"https:\/\/staging.pepiniereezavin.com\/en\/wp-json\/wp\/v2\/product"}],"about":[{"href":"https:\/\/staging.pepiniereezavin.com\/en\/wp-json\/wp\/v2\/types\/product"}],"wp:featuredmedia":[{"embeddable":true,"href":"https:\/\/staging.pepiniereezavin.com\/en\/wp-json\/wp\/v2\/media\/29584"}],"wp:attachment":[{"href":"https:\/\/staging.pepiniereezavin.com\/en\/wp-json\/wp\/v2\/media?parent=29554"}],"wp:term":[{"taxonomy":"product_cat","embeddable":true,"href":"https:\/\/staging.pepiniereezavin.com\/en\/wp-json\/wp\/v2\/product_cat?post=29554"},{"taxonomy":"product_tag","embeddable":true,"href":"https:\/\/staging.pepiniereezavin.com\/en\/wp-json\/wp\/v2\/product_tag?post=29554"}],"curies":[{"name":"wp","href":"https:\/\/api.w.org\/{rel}","templated":true}]}}