{"id":29557,"date":"2021-12-09T22:44:11","date_gmt":"2021-12-09T21:44:11","guid":{"rendered":"https:\/\/pepiniereezavin.fr\/?post_type=product&#038;p=29557"},"modified":"2022-06-02T09:01:40","modified_gmt":"2022-06-02T07:01:40","slug":"fuchsia-procumbens-variegata","status":"publish","type":"product","link":"https:\/\/staging.pepiniereezavin.com\/en\/product\/fuchsia-procumbens-variegata\/","title":{"rendered":"Fuchsia procumbens &lsquo;Variegata&rsquo;"},"content":{"rendered":"<p>Ce Fuchsia pousse comme un couvre sol, a des feuilles orbiculaires, et des fleurs oranges dress\u00e9es, aux \u00e9tamines bleues et calice vert! Les marges des feuilles de cette vari\u00e9t\u00e9 sont marqu\u00e9es de cr\u00e8me, et le vert est plus clair, laiteux, que le <em>Fuchsia procumbens<\/em> type.<\/p>\n<p>Peut \u00eatre utilis\u00e9 en suspension en plante d&rsquo;int\u00e9rieur. Sol frais. R-5\u00b0, peut-\u00eatre moins.<\/p>\n<p><span style=\"text-decoration: underline;\">Hauteur adulte<\/span>\u00a0: 5\/10. plante retombante ou tapissante. \u00a0<span style=\"text-decoration: underline;\">Origine g\u00e9ographique<\/span>\u00a0: origine horticole.\u00a0<span style=\"text-decoration: underline;\">Persistance hiver<\/span>\u00a0: Persistant si hors gel, caduque ici en ext\u00e9rieur. <span style=\"text-decoration: underline;\">Rusticit\u00e9 USDA<\/span>\u00a0: Zone 8\/9.<\/p>","protected":false},"excerpt":{"rendered":"<p>Ce Fuchsia pousse comme un couvre sol, a des feuilles orbiculaires, et des fleurs oranges dress\u00e9es, aux \u00e9tamines bleues et calice vert! Les marges des feuilles de cette vari\u00e9t\u00e9 sont marqu\u00e9es de cr\u00e8me, et le vert est plus clair, laiteux, que le <em>Fuchsia procumbens<\/em> type.<\/p>\n<p>Peut \u00eatre utilis\u00e9 en suspension en plante d&rsquo;int\u00e9rieur. Sol frais. R-5\u00b0, peut-\u00eatre moins.<\/p>\n<p><span style=\"text-decoration: underline;\">Hauteur adulte<\/span>\u00a0: 5\/10. plante retombante ou tapissante. \u00a0<span style=\"text-decoration: underline;\">Origine g\u00e9ographique<\/span>\u00a0: origine horticole.\u00a0<span style=\"text-decoration: underline;\">Persistance hiver<\/span>\u00a0: Persistant si hors gel, caduque ici en ext\u00e9rieur. <span style=\"text-decoration: underline;\">Rusticit\u00e9 USDA<\/span>\u00a0: Zone 8\/9.<\/p>","protected":false},"featured_media":29587,"template":"","meta":{"site-sidebar-layout":"default","site-content-layout":"default","ast-global-header-display":"","ast-main-header-display":"","ast-hfb-above-header-display":"","ast-hfb-below-header-display":"","ast-hfb-mobile-header-display":"","site-post-title":"","ast-breadcrumbs-content":"","ast-featured-img":"","footer-sml-layout":"","theme-transparent-header-meta":"default","adv-header-id-meta":"","stick-header-meta":"default","header-above-stick-meta":"","header-main-stick-meta":"","header-below-stick-meta":""},"product_cat":[537,551,554,552],"product_tag":[526,531,556,558,533,557],"class_list":["post-29557","product","type-product","status-publish","has-post-thumbnail","hentry","product_cat-autres-plantes","product_cat-autres-plantes-d-interieur","product_cat-autres-plantes-pour-terrarium","product_cat-autres-plantes-pour-climat-doux","product_tag-plantes-couvre-sol","product_tag-plantes-origine-oceanienne","product_tag-plantes-pour-interieur","product_tag-plantes-pour-climats-doux","product_tag-plantes-pour-mur-vegetaux","product_tag-plantes-pour-terrarium","pa_taille-du-pot-pot-10-cm-diametre","desktop-align-center","tablet-align-center","mobile-align-center","ast-product-gallery-layout-horizontal","ast-product-gallery-with-no-image","ast-product-single-variable","ast-product-tabs-layout-horizontal","ast-qv-on-image"],"_links":{"self":[{"href":"https:\/\/staging.pepiniereezavin.com\/en\/wp-json\/wp\/v2\/product\/29557","targetHints":{"allow":["GET"]}}],"collection":[{"href":"https:\/\/staging.pepiniereezavin.com\/en\/wp-json\/wp\/v2\/product"}],"about":[{"href":"https:\/\/staging.pepiniereezavin.com\/en\/wp-json\/wp\/v2\/types\/product"}],"wp:featuredmedia":[{"embeddable":true,"href":"https:\/\/staging.pepiniereezavin.com\/en\/wp-json\/wp\/v2\/media\/29587"}],"wp:attachment":[{"href":"https:\/\/staging.pepiniereezavin.com\/en\/wp-json\/wp\/v2\/media?parent=29557"}],"wp:term":[{"taxonomy":"product_cat","embeddable":true,"href":"https:\/\/staging.pepiniereezavin.com\/en\/wp-json\/wp\/v2\/product_cat?post=29557"},{"taxonomy":"product_tag","embeddable":true,"href":"https:\/\/staging.pepiniereezavin.com\/en\/wp-json\/wp\/v2\/product_tag?post=29557"}],"curies":[{"name":"wp","href":"https:\/\/api.w.org\/{rel}","templated":true}]}}