{"id":29558,"date":"2021-12-09T22:44:12","date_gmt":"2021-12-09T21:44:12","guid":{"rendered":"https:\/\/pepiniereezavin.fr\/?post_type=product&#038;p=29558"},"modified":"2022-04-20T21:33:54","modified_gmt":"2022-04-20T19:33:54","slug":"fuchsia-regia-paul-berry-4514","status":"publish","type":"product","link":"https:\/\/staging.pepiniereezavin.com\/en\/product\/fuchsia-regia-paul-berry-4514\/","title":{"rendered":"Fuchsia regia (Paul Berry 4514)"},"content":{"rendered":"<p>Ce fuchsia est grimpant naturellement. Il \u00e9met de longues branches qui se \u00ab\u00a0coincent\u00a0\u00bb dans la v\u00e9g\u00e9tation, un peu \u00e0 la mani\u00e8re de la dentelaire du Cap. La souche que nous vous proposons est s\u00e9lectionn\u00e9e pour sa r\u00e9sistance au froid (-10\/-15\u00b0C). Les fleurs rouges sont pendantes suivies de prunes rouge-violac\u00e9 pendant l&rsquo;hiver. Tr\u00e8s vigoureux.<\/p>\n<p>Peut \u00eatre utilis\u00e9 en suspension en plante d&rsquo;int\u00e9rieur.<\/p>\n<p><span style=\"text-decoration: underline;\">Hauteur adulte<\/span>\u00a0:\u00a0jusqu&rsquo;\u00e0 6 m. Peut \u00eatre taill\u00e9.\u00a0<span style=\"text-decoration: underline;\">Origine g\u00e9ographique<\/span>\u00a0: Br\u00e9sil.\u00a0<span style=\"text-decoration: underline;\">Persistance hiver<\/span>\u00a0: Persistant si hors gel, caduque ici en ext\u00e9rieur.\u00a0<span style=\"text-decoration: underline;\">Rusticit\u00e9 USDA<\/span>\u00a0: Zone 7\/8.<\/p>","protected":false},"excerpt":{"rendered":"<p>Ce fuchsia est grimpant naturellement. Il \u00e9met de longues branches qui se \u00ab\u00a0coincent\u00a0\u00bb dans la v\u00e9g\u00e9tation, un peu \u00e0 la mani\u00e8re de la dentelaire du Cap. La souche que nous vous proposons est s\u00e9lectionn\u00e9e pour sa r\u00e9sistance au froid (-10\/-15\u00b0C). Les fleurs rouges sont pendantes suivies de prunes rouge-violac\u00e9 pendant l&rsquo;hiver. Tr\u00e8s vigoureux.<\/p>\n<p>Peut \u00eatre utilis\u00e9 en suspension en plante d&rsquo;int\u00e9rieur.<\/p>\n<p><span style=\"text-decoration: underline;\">Hauteur adulte<\/span>\u00a0:\u00a0jusqu&rsquo;\u00e0 6 m. Peut \u00eatre taill\u00e9.\u00a0<span style=\"text-decoration: underline;\">Origine g\u00e9ographique<\/span>\u00a0: Br\u00e9sil.\u00a0<span style=\"text-decoration: underline;\">Persistance hiver<\/span>\u00a0: Persistant si hors gel, caduque ici en ext\u00e9rieur.\u00a0<span style=\"text-decoration: underline;\">Rusticit\u00e9 USDA<\/span>\u00a0: Zone 7\/8.<\/p>","protected":false},"featured_media":29588,"template":"","meta":{"site-sidebar-layout":"default","site-content-layout":"default","ast-global-header-display":"","ast-main-header-display":"","ast-hfb-above-header-display":"","ast-hfb-below-header-display":"","ast-hfb-mobile-header-display":"","site-post-title":"","ast-breadcrumbs-content":"","ast-featured-img":"","footer-sml-layout":"","theme-transparent-header-meta":"default","adv-header-id-meta":"","stick-header-meta":"default","header-above-stick-meta":"","header-main-stick-meta":"","header-below-stick-meta":""},"product_cat":[537,552,553],"product_tag":[528,558,559,533],"class_list":["post-29558","product","type-product","status-publish","has-post-thumbnail","hentry","product_cat-autres-plantes","product_cat-autres-plantes-pour-climat-doux","product_cat-autres-plantes-pour-climat-frais","product_tag-plantes-origine-americaine","product_tag-plantes-pour-climats-doux","product_tag-plantes-pour-climats-frais","product_tag-plantes-pour-mur-vegetaux","pa_taille-du-pot-pot-12-14-cm-diametre","desktop-align-center","tablet-align-center","mobile-align-center","ast-product-gallery-layout-horizontal","ast-product-gallery-with-no-image","ast-product-single-variable","ast-product-tabs-layout-horizontal","ast-qv-on-image"],"_links":{"self":[{"href":"https:\/\/staging.pepiniereezavin.com\/en\/wp-json\/wp\/v2\/product\/29558","targetHints":{"allow":["GET"]}}],"collection":[{"href":"https:\/\/staging.pepiniereezavin.com\/en\/wp-json\/wp\/v2\/product"}],"about":[{"href":"https:\/\/staging.pepiniereezavin.com\/en\/wp-json\/wp\/v2\/types\/product"}],"wp:featuredmedia":[{"embeddable":true,"href":"https:\/\/staging.pepiniereezavin.com\/en\/wp-json\/wp\/v2\/media\/29588"}],"wp:attachment":[{"href":"https:\/\/staging.pepiniereezavin.com\/en\/wp-json\/wp\/v2\/media?parent=29558"}],"wp:term":[{"taxonomy":"product_cat","embeddable":true,"href":"https:\/\/staging.pepiniereezavin.com\/en\/wp-json\/wp\/v2\/product_cat?post=29558"},{"taxonomy":"product_tag","embeddable":true,"href":"https:\/\/staging.pepiniereezavin.com\/en\/wp-json\/wp\/v2\/product_tag?post=29558"}],"curies":[{"name":"wp","href":"https:\/\/api.w.org\/{rel}","templated":true}]}}