{"id":29565,"date":"2021-12-09T22:44:12","date_gmt":"2021-12-09T21:44:12","guid":{"rendered":"https:\/\/pepiniereezavin.fr\/?post_type=product&#038;p=29565"},"modified":"2022-04-20T21:35:35","modified_gmt":"2022-04-20T19:35:35","slug":"hedychium-coronarium","status":"publish","type":"product","link":"https:\/\/staging.pepiniereezavin.com\/en\/product\/hedychium-coronarium\/","title":{"rendered":"Hedychium coronarium"},"content":{"rendered":"<p>Cousin temp\u00e9r\u00e9 du gingembre, cette esp\u00e8ce d\u00e9corative est pris\u00e9e pour son aspect tropical : la croissance est luxuriante (en sol frais), les larges\u00a0feuilles, \u00a0et la floraison estivale \/ automnale blanche \u00e0 c\u0153ur jaune dont le \u00a0parfum suave fait m\u00e9moriser la plante tout de suite. Culture facile. Prot\u00e9ger la souche si le gel s&rsquo;installe. Dans les r\u00e9gions froides, plantez-le contre un mur orient\u00e9 au sud, o\u00f9 il b\u00e9n\u00e9ficiera du r\u00e9chauffement. En v\u00e9randa, vous pourrez profiter du parfum plus longtemps.<\/p>\n<p><span style=\"text-decoration: underline;\">Hauteur adulte<\/span>\u00a0: 1\u00a0\u00e0 2 m.\u00a0<span style=\"text-decoration: underline;\">Origine g\u00e9ographique<\/span>\u00a0: Toute l&rsquo;Asie tropicale et temp\u00e9r\u00e9e douce.\u00a0<span style=\"text-decoration: underline;\">Persistance hiver<\/span>\u00a0: Persistant si hors gel, caduque sinon.\u00a0<span style=\"text-decoration: underline;\">Rusticit\u00e9 USDA<\/span>\u00a0: Zone 8.<\/p>","protected":false},"excerpt":{"rendered":"<p>Cousin temp\u00e9r\u00e9 du gingembre, cette esp\u00e8ce d\u00e9corative est pris\u00e9e pour son aspect tropical : la croissance est luxuriante (en sol frais), les larges\u00a0feuilles, \u00a0et la floraison estivale \/ automnale blanche \u00e0 c\u0153ur jaune dont le \u00a0parfum suave fait m\u00e9moriser la plante tout de suite. Culture facile. Prot\u00e9ger la souche si le gel s&rsquo;installe. Dans les r\u00e9gions froides, plantez-le contre un mur orient\u00e9 au sud, o\u00f9 il b\u00e9n\u00e9ficiera du r\u00e9chauffement. En v\u00e9randa, vous pourrez profiter du parfum plus longtemps.<\/p>\n<p><span style=\"text-decoration: underline;\">Hauteur adulte<\/span>\u00a0: 1\u00a0\u00e0 2 m.\u00a0<span style=\"text-decoration: underline;\">Origine g\u00e9ographique<\/span>\u00a0: Toute l&rsquo;Asie tropicale et temp\u00e9r\u00e9e douce.\u00a0<span style=\"text-decoration: underline;\">Persistance hiver<\/span>\u00a0: Persistant si hors gel, caduque sinon.\u00a0<span style=\"text-decoration: underline;\">Rusticit\u00e9 USDA<\/span>\u00a0: Zone 8.<\/p>","protected":false},"featured_media":29599,"template":"","meta":{"site-sidebar-layout":"default","site-content-layout":"default","ast-global-header-display":"","ast-main-header-display":"","ast-hfb-above-header-display":"","ast-hfb-below-header-display":"","ast-hfb-mobile-header-display":"","site-post-title":"","ast-breadcrumbs-content":"","ast-featured-img":"","footer-sml-layout":"","theme-transparent-header-meta":"default","adv-header-id-meta":"","stick-header-meta":"default","header-above-stick-meta":"","header-main-stick-meta":"","header-below-stick-meta":""},"product_cat":[537,552],"product_tag":[525,529,558,533],"class_list":["post-29565","product","type-product","status-publish","has-post-thumbnail","hentry","product_cat-autres-plantes","product_cat-autres-plantes-pour-climat-doux","product_tag-plantes-a-feuillage-coriace","product_tag-plantes-origine-asiatique","product_tag-plantes-pour-climats-doux","product_tag-plantes-pour-mur-vegetaux","pa_taille-du-pot-pot-12-14-cm-diametre","desktop-align-center","tablet-align-center","mobile-align-center","ast-product-gallery-layout-horizontal","ast-product-gallery-with-no-image","ast-product-single-variable","ast-product-tabs-layout-horizontal","ast-qv-on-image"],"_links":{"self":[{"href":"https:\/\/staging.pepiniereezavin.com\/en\/wp-json\/wp\/v2\/product\/29565","targetHints":{"allow":["GET"]}}],"collection":[{"href":"https:\/\/staging.pepiniereezavin.com\/en\/wp-json\/wp\/v2\/product"}],"about":[{"href":"https:\/\/staging.pepiniereezavin.com\/en\/wp-json\/wp\/v2\/types\/product"}],"wp:featuredmedia":[{"embeddable":true,"href":"https:\/\/staging.pepiniereezavin.com\/en\/wp-json\/wp\/v2\/media\/29599"}],"wp:attachment":[{"href":"https:\/\/staging.pepiniereezavin.com\/en\/wp-json\/wp\/v2\/media?parent=29565"}],"wp:term":[{"taxonomy":"product_cat","embeddable":true,"href":"https:\/\/staging.pepiniereezavin.com\/en\/wp-json\/wp\/v2\/product_cat?post=29565"},{"taxonomy":"product_tag","embeddable":true,"href":"https:\/\/staging.pepiniereezavin.com\/en\/wp-json\/wp\/v2\/product_tag?post=29565"}],"curies":[{"name":"wp","href":"https:\/\/api.w.org\/{rel}","templated":true}]}}