{"id":29566,"date":"2021-12-09T22:44:13","date_gmt":"2021-12-09T21:44:13","guid":{"rendered":"https:\/\/pepiniereezavin.fr\/?post_type=product&#038;p=29566"},"modified":"2022-04-21T12:28:31","modified_gmt":"2022-04-21T10:28:31","slug":"hedychium-forrestii","status":"publish","type":"product","link":"https:\/\/staging.pepiniereezavin.com\/en\/product\/hedychium-forrestii\/","title":{"rendered":"Hedychium forrestii"},"content":{"rendered":"<p>Les fleurs blanches estivales sont parfum\u00e9es. Assez proche de Hedychium coronarium, mais les bract\u00e9es florales sont plus pointues. Le feuillage vert\u00a0sombre et effil\u00e9\u00a0est tout \u00e0 fait tropical.\u00a0Le plus rustique, para\u00eet-il, des Hedychium, mais fait une tr\u00e8s belle plante de v\u00e9randa.<\/p>\n<p><span style=\"text-decoration: underline;\">Hauteur adulte<\/span>\u00a0: 1\u00a0\u00e0 2 m.\u00a0<span style=\"text-decoration: underline;\">Origine g\u00e9ographique<\/span>\u00a0: Chine temp\u00e9r\u00e9e.\u00a0<span style=\"text-decoration: underline;\">Persistance hiver<\/span>\u00a0: Persistant si hors gel, caduque sinon.\u00a0<span style=\"text-decoration: underline;\">Rusticit\u00e9 USDA<\/span>\u00a0: Zone 8.<\/p>","protected":false},"excerpt":{"rendered":"<p>Les fleurs blanches estivales sont parfum\u00e9es. Assez proche de Hedychium coronarium, mais les bract\u00e9es florales sont plus pointues. Le feuillage vert\u00a0sombre et effil\u00e9\u00a0est tout \u00e0 fait tropical.\u00a0Le plus rustique, para\u00eet-il, des Hedychium, mais fait une tr\u00e8s belle plante de v\u00e9randa.<\/p>\n<p><span style=\"text-decoration: underline;\">Hauteur adulte<\/span>\u00a0: 1\u00a0\u00e0 2 m.\u00a0<span style=\"text-decoration: underline;\">Origine g\u00e9ographique<\/span>\u00a0: Chine temp\u00e9r\u00e9e.\u00a0<span style=\"text-decoration: underline;\">Persistance hiver<\/span>\u00a0: Persistant si hors gel, caduque sinon.\u00a0<span style=\"text-decoration: underline;\">Rusticit\u00e9 USDA<\/span>\u00a0: Zone 8.<\/p>","protected":false},"featured_media":29600,"template":"","meta":{"site-sidebar-layout":"default","site-content-layout":"default","ast-global-header-display":"","ast-main-header-display":"","ast-hfb-above-header-display":"","ast-hfb-below-header-display":"","ast-hfb-mobile-header-display":"","site-post-title":"","ast-breadcrumbs-content":"","ast-featured-img":"","footer-sml-layout":"","theme-transparent-header-meta":"default","adv-header-id-meta":"","stick-header-meta":"default","header-above-stick-meta":"","header-main-stick-meta":"","header-below-stick-meta":""},"product_cat":[537,551,552,553],"product_tag":[529,533],"class_list":["post-29566","product","type-product","status-publish","has-post-thumbnail","hentry","product_cat-autres-plantes","product_cat-autres-plantes-d-interieur","product_cat-autres-plantes-pour-climat-doux","product_cat-autres-plantes-pour-climat-frais","product_tag-plantes-origine-asiatique","product_tag-plantes-pour-mur-vegetaux","pa_taille-du-pot-pot-12-14-cm-diametre","desktop-align-center","tablet-align-center","mobile-align-center","ast-product-gallery-layout-horizontal","ast-product-single-variable","ast-product-tabs-layout-horizontal","ast-qv-on-image"],"_links":{"self":[{"href":"https:\/\/staging.pepiniereezavin.com\/en\/wp-json\/wp\/v2\/product\/29566","targetHints":{"allow":["GET"]}}],"collection":[{"href":"https:\/\/staging.pepiniereezavin.com\/en\/wp-json\/wp\/v2\/product"}],"about":[{"href":"https:\/\/staging.pepiniereezavin.com\/en\/wp-json\/wp\/v2\/types\/product"}],"wp:featuredmedia":[{"embeddable":true,"href":"https:\/\/staging.pepiniereezavin.com\/en\/wp-json\/wp\/v2\/media\/29600"}],"wp:attachment":[{"href":"https:\/\/staging.pepiniereezavin.com\/en\/wp-json\/wp\/v2\/media?parent=29566"}],"wp:term":[{"taxonomy":"product_cat","embeddable":true,"href":"https:\/\/staging.pepiniereezavin.com\/en\/wp-json\/wp\/v2\/product_cat?post=29566"},{"taxonomy":"product_tag","embeddable":true,"href":"https:\/\/staging.pepiniereezavin.com\/en\/wp-json\/wp\/v2\/product_tag?post=29566"}],"curies":[{"name":"wp","href":"https:\/\/api.w.org\/{rel}","templated":true}]}}