{"id":29567,"date":"2021-12-09T22:44:13","date_gmt":"2021-12-09T21:44:13","guid":{"rendered":"https:\/\/pepiniereezavin.fr\/?post_type=product&#038;p=29567"},"modified":"2022-04-20T21:41:19","modified_gmt":"2022-04-20T19:41:19","slug":"hedychium-gardnerianum","status":"publish","type":"product","link":"https:\/\/staging.pepiniereezavin.com\/en\/product\/hedychium-gardnerianum\/","title":{"rendered":"Hedychium gardnerianum"},"content":{"rendered":"<p>Ce gingembre d\u00e9coratif est remarquable pour son feuillage coriace et large, mais aussi pour ses \u00e9pis terminaux de fleurs jaunes et orange, \u00e0 \u00e9tamines rouges. Voici une plante tr\u00e8s vigoureuse, \u00e0 installer au soleil, dans un sol frais et riche. Vous profiterez de ses magnifiques fleurs \u00e0 partir du mois d&rsquo;ao\u00fbt.<\/p>\n<p><span style=\"text-decoration: underline;\">Hauteur adulte<\/span>\u00a0: 1\u00a0\u00e0 2 m.\u00a0<span style=\"text-decoration: underline;\">Origine g\u00e9ographique<\/span>\u00a0: Inde.\u00a0<span style=\"text-decoration: underline;\">Persistance hiver<\/span>\u00a0: Persistant si hors gel, caduque sinon.\u00a0<span style=\"text-decoration: underline;\">Rusticit\u00e9 USDA<\/span>\u00a0: Zone 8.<\/p>","protected":false},"excerpt":{"rendered":"<p>Ce gingembre d\u00e9coratif est remarquable pour son feuillage coriace et large, mais aussi pour ses \u00e9pis terminaux de fleurs jaunes et orange, \u00e0 \u00e9tamines rouges. Voici une plante tr\u00e8s vigoureuse, \u00e0 installer au soleil, dans un sol frais et riche. Vous profiterez de ses magnifiques fleurs \u00e0 partir du mois d&rsquo;ao\u00fbt.<\/p>\n<p><span style=\"text-decoration: underline;\">Hauteur adulte<\/span>\u00a0: 1\u00a0\u00e0 2 m.\u00a0<span style=\"text-decoration: underline;\">Origine g\u00e9ographique<\/span>\u00a0: Inde.\u00a0<span style=\"text-decoration: underline;\">Persistance hiver<\/span>\u00a0: Persistant si hors gel, caduque sinon.\u00a0<span style=\"text-decoration: underline;\">Rusticit\u00e9 USDA<\/span>\u00a0: Zone 8.<\/p>","protected":false},"featured_media":29602,"template":"","meta":{"site-sidebar-layout":"default","site-content-layout":"default","ast-global-header-display":"","ast-main-header-display":"","ast-hfb-above-header-display":"","ast-hfb-below-header-display":"","ast-hfb-mobile-header-display":"","site-post-title":"","ast-breadcrumbs-content":"","ast-featured-img":"","footer-sml-layout":"","theme-transparent-header-meta":"default","adv-header-id-meta":"","stick-header-meta":"default","header-above-stick-meta":"","header-main-stick-meta":"","header-below-stick-meta":""},"product_cat":[537,551,552],"product_tag":[529,532,558,533,534],"class_list":["post-29567","product","type-product","status-publish","has-post-thumbnail","hentry","product_cat-autres-plantes","product_cat-autres-plantes-d-interieur","product_cat-autres-plantes-pour-climat-doux","product_tag-plantes-origine-asiatique","product_tag-plantes-pour-berges","product_tag-plantes-pour-climats-doux","product_tag-plantes-pour-mur-vegetaux","product_tag-plantes-pour-ombre-seche","pa_taille-du-pot-pot-15-18-cm-diametre","desktop-align-center","tablet-align-center","mobile-align-center","ast-product-gallery-layout-horizontal","ast-product-gallery-with-no-image","ast-product-single-variable","ast-product-tabs-layout-horizontal","ast-qv-on-image"],"_links":{"self":[{"href":"https:\/\/staging.pepiniereezavin.com\/en\/wp-json\/wp\/v2\/product\/29567","targetHints":{"allow":["GET"]}}],"collection":[{"href":"https:\/\/staging.pepiniereezavin.com\/en\/wp-json\/wp\/v2\/product"}],"about":[{"href":"https:\/\/staging.pepiniereezavin.com\/en\/wp-json\/wp\/v2\/types\/product"}],"wp:featuredmedia":[{"embeddable":true,"href":"https:\/\/staging.pepiniereezavin.com\/en\/wp-json\/wp\/v2\/media\/29602"}],"wp:attachment":[{"href":"https:\/\/staging.pepiniereezavin.com\/en\/wp-json\/wp\/v2\/media?parent=29567"}],"wp:term":[{"taxonomy":"product_cat","embeddable":true,"href":"https:\/\/staging.pepiniereezavin.com\/en\/wp-json\/wp\/v2\/product_cat?post=29567"},{"taxonomy":"product_tag","embeddable":true,"href":"https:\/\/staging.pepiniereezavin.com\/en\/wp-json\/wp\/v2\/product_tag?post=29567"}],"curies":[{"name":"wp","href":"https:\/\/api.w.org\/{rel}","templated":true}]}}