{"id":29568,"date":"2021-12-09T22:44:13","date_gmt":"2021-12-09T21:44:13","guid":{"rendered":"https:\/\/pepiniereezavin.fr\/?post_type=product&#038;p=29568"},"modified":"2022-04-20T21:45:18","modified_gmt":"2022-04-20T19:45:18","slug":"hedychium-greenei","status":"publish","type":"product","link":"https:\/\/staging.pepiniereezavin.com\/en\/product\/hedychium-greenei\/","title":{"rendered":"Hedychium greenei"},"content":{"rendered":"<p>Ce gingembre d\u00e9coratif a les revers des feuilles rouges lie-de-vin, et sa floraison est rouge vif. Les tiges sont aussi rouges, il n&rsquo;y a que le dessus des feuilles qui est vert fonc\u00e9. La plante produit des bulbilles en fin de saison dans les \u00e9pis floraux. Un peu plus sensible au gel que les autres esp\u00e8ces que nous proposons, c&rsquo;est une excellente plante de v\u00e9randa ou d&rsquo;ext\u00e9rieur en bord de mer.<\/p>\n<p><span style=\"text-decoration: underline;\">Hauteur adulte<\/span>\u00a0: 80\/100.\u00a0<span style=\"text-decoration: underline;\">Origine g\u00e9ographique<\/span>\u00a0: Inde.\u00a0<span style=\"text-decoration: underline;\">Persistance hiver<\/span>\u00a0: Persistant si hors gel, caduque sinon.\u00a0<span style=\"text-decoration: underline;\">Rusticit\u00e9 USDA<\/span>\u00a0: Zone 8\/9.<\/p>","protected":false},"excerpt":{"rendered":"<p>Ce gingembre d\u00e9coratif a les revers des feuilles rouges lie-de-vin, et sa floraison est rouge vif. Les tiges sont aussi rouges, il n&rsquo;y a que le dessus des feuilles qui est vert fonc\u00e9. La plante produit des bulbilles en fin de saison dans les \u00e9pis floraux. Un peu plus sensible au gel que les autres esp\u00e8ces que nous proposons, c&rsquo;est une excellente plante de v\u00e9randa ou d&rsquo;ext\u00e9rieur en bord de mer.<\/p>\n<p><span style=\"text-decoration: underline;\">Hauteur adulte<\/span>\u00a0: 80\/100.\u00a0<span style=\"text-decoration: underline;\">Origine g\u00e9ographique<\/span>\u00a0: Inde.\u00a0<span style=\"text-decoration: underline;\">Persistance hiver<\/span>\u00a0: Persistant si hors gel, caduque sinon.\u00a0<span style=\"text-decoration: underline;\">Rusticit\u00e9 USDA<\/span>\u00a0: Zone 8\/9.<\/p>","protected":false},"featured_media":29603,"template":"","meta":{"site-sidebar-layout":"default","site-content-layout":"default","ast-global-header-display":"","ast-main-header-display":"","ast-hfb-above-header-display":"","ast-hfb-below-header-display":"","ast-hfb-mobile-header-display":"","site-post-title":"","ast-breadcrumbs-content":"","ast-featured-img":"","footer-sml-layout":"","theme-transparent-header-meta":"default","adv-header-id-meta":"","stick-header-meta":"default","header-above-stick-meta":"","header-main-stick-meta":"","header-below-stick-meta":""},"product_cat":[537,551,552],"product_tag":[529,533],"class_list":["post-29568","product","type-product","status-publish","has-post-thumbnail","hentry","product_cat-autres-plantes","product_cat-autres-plantes-d-interieur","product_cat-autres-plantes-pour-climat-doux","product_tag-plantes-origine-asiatique","product_tag-plantes-pour-mur-vegetaux","pa_taille-du-pot-pot-12-14-cm-diametre","desktop-align-center","tablet-align-center","mobile-align-center","ast-product-gallery-layout-horizontal","ast-product-single-variable","ast-product-tabs-layout-horizontal","ast-qv-on-image"],"_links":{"self":[{"href":"https:\/\/staging.pepiniereezavin.com\/en\/wp-json\/wp\/v2\/product\/29568","targetHints":{"allow":["GET"]}}],"collection":[{"href":"https:\/\/staging.pepiniereezavin.com\/en\/wp-json\/wp\/v2\/product"}],"about":[{"href":"https:\/\/staging.pepiniereezavin.com\/en\/wp-json\/wp\/v2\/types\/product"}],"wp:featuredmedia":[{"embeddable":true,"href":"https:\/\/staging.pepiniereezavin.com\/en\/wp-json\/wp\/v2\/media\/29603"}],"wp:attachment":[{"href":"https:\/\/staging.pepiniereezavin.com\/en\/wp-json\/wp\/v2\/media?parent=29568"}],"wp:term":[{"taxonomy":"product_cat","embeddable":true,"href":"https:\/\/staging.pepiniereezavin.com\/en\/wp-json\/wp\/v2\/product_cat?post=29568"},{"taxonomy":"product_tag","embeddable":true,"href":"https:\/\/staging.pepiniereezavin.com\/en\/wp-json\/wp\/v2\/product_tag?post=29568"}],"curies":[{"name":"wp","href":"https:\/\/api.w.org\/{rel}","templated":true}]}}