{"id":29571,"date":"2021-12-09T22:44:13","date_gmt":"2021-12-09T21:44:13","guid":{"rendered":"https:\/\/pepiniereezavin.fr\/?post_type=product&#038;p=29571"},"modified":"2022-10-13T20:08:15","modified_gmt":"2022-10-13T18:08:15","slug":"begonia-angularis","status":"publish","type":"product","link":"https:\/\/staging.pepiniereezavin.com\/en\/product\/begonia-angularis\/","title":{"rendered":"Begonia angularis"},"content":{"rendered":"<p>Un tr\u00e8s rare b\u00e9gonia \u00e0 tiges ail\u00e9es : celles-ci sont\u00a0parcourues par 6 \u00e0 7 excroissances longitudinales, donnant une allure bien particuli\u00e8re \u00e0 ce b\u00e9gonia bambusiforme\u00a0br\u00e9silien. Les feuilles, de type aile d&rsquo;ange, sont vert clair, iridescentes et\u00a0ondul\u00e9es sur les marges. Culture facile, \u00e0 garder \u00e0 +10\u00b0C mini.\u00a0Petites quantit\u00e9s disponibles.<\/p>\n<p><span style=\"text-decoration: underline;\">Hauteur adulte<\/span>\u00a0: 60\/80 en culture.<\/p>\n<p><span style=\"text-decoration: underline;\">Origine g\u00e9ographique<\/span>\u00a0: Br\u00e9sil.<\/p>\n<p><span style=\"text-decoration: underline;\">Persistance hiver<\/span>\u00a0: Persistant.<\/p>\n<p><span style=\"text-decoration: underline;\">Rusticit\u00e9 USDA<\/span>\u00a0:\u00a0Zone 11 (+4.4\u00b0C\/+10\u00b0C).<\/p>","protected":false},"excerpt":{"rendered":"<p>Un tr\u00e8s rare b\u00e9gonia \u00e0 tiges ail\u00e9es : celles-ci sont\u00a0parcourues par 6 \u00e0 7 excroissances longitudinales, donnant une allure bien particuli\u00e8re \u00e0 ce b\u00e9gonia bambusiforme\u00a0br\u00e9silien. Les feuilles, de type aile d&rsquo;ange, sont vert clair, iridescentes et\u00a0ondul\u00e9es sur les marges. Culture facile, \u00e0 garder \u00e0 +10\u00b0C mini.\u00a0Petites quantit\u00e9s disponibles.<\/p>\n<p><span style=\"text-decoration: underline;\">Hauteur adulte<\/span>\u00a0: 60\/80 en culture.<\/p>\n<p><span style=\"text-decoration: underline;\">Origine g\u00e9ographique<\/span>\u00a0: Br\u00e9sil.<\/p>\n<p><span style=\"text-decoration: underline;\">Persistance hiver<\/span>\u00a0: Persistant.<\/p>\n<p><span style=\"text-decoration: underline;\">Rusticit\u00e9 USDA<\/span>\u00a0:\u00a0Zone 11 (+4.4\u00b0C\/+10\u00b0C).<\/p>","protected":false},"featured_media":29607,"template":"","meta":{"site-sidebar-layout":"default","site-content-layout":"default","ast-global-header-display":"","ast-main-header-display":"","ast-hfb-above-header-display":"","ast-hfb-below-header-display":"","ast-hfb-mobile-header-display":"","site-post-title":"","ast-breadcrumbs-content":"","ast-featured-img":"","footer-sml-layout":"","theme-transparent-header-meta":"default","adv-header-id-meta":"","stick-header-meta":"default","header-above-stick-meta":"","header-main-stick-meta":"","header-below-stick-meta":""},"product_cat":[536,547],"product_tag":[520,528,556],"class_list":["post-29571","product","type-product","status-publish","has-post-thumbnail","hentry","product_cat-begonias","product_cat-begonias-interieur","product_tag-begonias-botaniques","product_tag-plantes-origine-americaine","product_tag-plantes-pour-interieur","pa_taille-du-pot-pot-12-14-cm-diametre","desktop-align-center","tablet-align-center","mobile-align-center","ast-product-gallery-layout-horizontal","ast-product-single-variable","ast-product-tabs-layout-horizontal","ast-qv-on-image"],"_links":{"self":[{"href":"https:\/\/staging.pepiniereezavin.com\/en\/wp-json\/wp\/v2\/product\/29571","targetHints":{"allow":["GET"]}}],"collection":[{"href":"https:\/\/staging.pepiniereezavin.com\/en\/wp-json\/wp\/v2\/product"}],"about":[{"href":"https:\/\/staging.pepiniereezavin.com\/en\/wp-json\/wp\/v2\/types\/product"}],"wp:featuredmedia":[{"embeddable":true,"href":"https:\/\/staging.pepiniereezavin.com\/en\/wp-json\/wp\/v2\/media\/29607"}],"wp:attachment":[{"href":"https:\/\/staging.pepiniereezavin.com\/en\/wp-json\/wp\/v2\/media?parent=29571"}],"wp:term":[{"taxonomy":"product_cat","embeddable":true,"href":"https:\/\/staging.pepiniereezavin.com\/en\/wp-json\/wp\/v2\/product_cat?post=29571"},{"taxonomy":"product_tag","embeddable":true,"href":"https:\/\/staging.pepiniereezavin.com\/en\/wp-json\/wp\/v2\/product_tag?post=29571"}],"curies":[{"name":"wp","href":"https:\/\/api.w.org\/{rel}","templated":true}]}}