{"id":29576,"date":"2021-12-09T22:44:13","date_gmt":"2021-12-09T21:44:13","guid":{"rendered":"https:\/\/pepiniereezavin.fr\/?post_type=product&#038;p=29576"},"modified":"2022-10-25T10:22:24","modified_gmt":"2022-10-25T08:22:24","slug":"hemiboea-strigosa-pb","status":"publish","type":"product","link":"https:\/\/staging.pepiniereezavin.com\/en\/product\/hemiboea-strigosa-pb\/","title":{"rendered":"Hemiboea strigosa PB"},"content":{"rendered":"<p>Une des rares Gesneriaceae relativement rustique. Herbac\u00e9e drageonnante \u00e0 sublimes fleurs en cornets, rose violac\u00e9 \u00e0 gorge vein\u00e9e de rouge. La floraison dure tout l&rsquo;\u00e9t\u00e9. Feuilles un peu grasses vert vif. Supporte de brefs gels. Croissance tr\u00e8s vigoureuse. Int\u00e9rieur ou en ext\u00e9rieur hivern\u00e9 hors gel fort. Rustique dans le sud, et en r\u00e9gion parisienne, \u00e0 tester en climats plus continentaux ou montagnards&#8230;<\/p>\n<p><span style=\"text-decoration: underline;\">Hauteur adulte<\/span>\u00a0: 20\/40.\u00a0<span style=\"text-decoration: underline;\">Origine g\u00e9ographique<\/span>\u00a0: Japon.\u00a0<span style=\"text-decoration: underline;\">Persistance hiver<\/span>\u00a0: Semi-persistant. Les tiges dress\u00e9es de l&rsquo;\u00e9t\u00e9 disparaissent en hiver, et ne restent que les tiges rampantes sur le sol.\u00a0<span style=\"text-decoration: underline;\">Rusticit\u00e9 USDA<\/span> : Zone 8 (-12.2\u00b0C\/-6.7\u00b0C).<\/p>","protected":false},"excerpt":{"rendered":"<p>Une des rares Gesneriaceae relativement rustique. Herbac\u00e9e drageonnante \u00e0 sublimes fleurs en cornets, rose violac\u00e9 \u00e0 gorge vein\u00e9e de rouge. La floraison dure tout l&rsquo;\u00e9t\u00e9. Feuilles un peu grasses vert vif. Supporte de brefs gels. Croissance tr\u00e8s vigoureuse. Int\u00e9rieur ou en ext\u00e9rieur hivern\u00e9 hors gel fort. Rustique dans le sud, et en r\u00e9gion parisienne, \u00e0 tester en climats plus continentaux ou montagnards&#8230;<\/p>\n<p><span style=\"text-decoration: underline;\">Hauteur adulte<\/span>\u00a0: 20\/40.\u00a0<span style=\"text-decoration: underline;\">Origine g\u00e9ographique<\/span>\u00a0: Japon.\u00a0<span style=\"text-decoration: underline;\">Persistance hiver<\/span>\u00a0: Semi-persistant. Les tiges dress\u00e9es de l&rsquo;\u00e9t\u00e9 disparaissent en hiver, et ne restent que les tiges rampantes sur le sol.\u00a0<span style=\"text-decoration: underline;\">Rusticit\u00e9 USDA<\/span> : Zone 8 (-12.2\u00b0C\/-6.7\u00b0C).<\/p>","protected":false},"featured_media":29641,"template":"","meta":{"site-sidebar-layout":"default","site-content-layout":"default","ast-global-header-display":"","ast-main-header-display":"","ast-hfb-above-header-display":"","ast-hfb-below-header-display":"","ast-hfb-mobile-header-display":"","site-post-title":"","ast-breadcrumbs-content":"","ast-featured-img":"","footer-sml-layout":"","theme-transparent-header-meta":"default","adv-header-id-meta":"","stick-header-meta":"default","header-above-stick-meta":"","header-main-stick-meta":"","header-below-stick-meta":""},"product_cat":[537,552],"product_tag":[526,529,558,533],"class_list":["post-29576","product","type-product","status-publish","has-post-thumbnail","hentry","product_cat-autres-plantes","product_cat-autres-plantes-pour-climat-doux","product_tag-plantes-couvre-sol","product_tag-plantes-origine-asiatique","product_tag-plantes-pour-climats-doux","product_tag-plantes-pour-mur-vegetaux","pa_taille-du-pot-godet-carre-8x8-ou-9x9","pa_taille-du-pot-pot-12-14-cm-diametre","desktop-align-center","tablet-align-center","mobile-align-center","ast-product-gallery-layout-horizontal","ast-product-gallery-with-no-image","ast-product-single-variable","ast-product-tabs-layout-horizontal","ast-qv-on-image"],"_links":{"self":[{"href":"https:\/\/staging.pepiniereezavin.com\/en\/wp-json\/wp\/v2\/product\/29576","targetHints":{"allow":["GET"]}}],"collection":[{"href":"https:\/\/staging.pepiniereezavin.com\/en\/wp-json\/wp\/v2\/product"}],"about":[{"href":"https:\/\/staging.pepiniereezavin.com\/en\/wp-json\/wp\/v2\/types\/product"}],"wp:featuredmedia":[{"embeddable":true,"href":"https:\/\/staging.pepiniereezavin.com\/en\/wp-json\/wp\/v2\/media\/29641"}],"wp:attachment":[{"href":"https:\/\/staging.pepiniereezavin.com\/en\/wp-json\/wp\/v2\/media?parent=29576"}],"wp:term":[{"taxonomy":"product_cat","embeddable":true,"href":"https:\/\/staging.pepiniereezavin.com\/en\/wp-json\/wp\/v2\/product_cat?post=29576"},{"taxonomy":"product_tag","embeddable":true,"href":"https:\/\/staging.pepiniereezavin.com\/en\/wp-json\/wp\/v2\/product_tag?post=29576"}],"curies":[{"name":"wp","href":"https:\/\/api.w.org\/{rel}","templated":true}]}}