{"id":29577,"date":"2021-12-09T22:44:14","date_gmt":"2021-12-09T21:44:14","guid":{"rendered":"https:\/\/pepiniereezavin.fr\/?post_type=product&#038;p=29577"},"modified":"2022-04-21T12:29:40","modified_gmt":"2022-04-21T10:29:40","slug":"hemiboea-subcapitata","status":"publish","type":"product","link":"https:\/\/staging.pepiniereezavin.com\/en\/product\/hemiboea-subcapitata\/","title":{"rendered":"Hemiboea subcapitata"},"content":{"rendered":"<p>Une des rares Gesneriaceae relativement rustique. Cette plante herbac\u00e9e drageonnante a des\u00a0tiges et des feuilles succulentes. Les bouquets de fleurs terminaux apparaissent en fin d&rsquo;\u00e9t\u00e9. Les fleurs sont blanches \u00e0 gorge tigr\u00e9e. De croissance rapide, au moyen de tiges courant \u00e0 la surface du sol et s&rsquo;enracinant aux noeuds. Hemiboea subcapitata est rustique ici, \u00e0 tester\u00a0plus au nord&#8230;.<\/p>\n<p><span style=\"text-decoration: underline;\">Hauteur adulte<\/span>\u00a0: 40\/60.\u00a0<span style=\"text-decoration: underline;\">Origine g\u00e9ographique<\/span>\u00a0: Chine.\u00a0<span style=\"text-decoration: underline;\">Persistance hiver<\/span>\u00a0: Semi-persistant. Les tiges dress\u00e9es de l&rsquo;\u00e9t\u00e9 disparaissent en hiver, et ne restent que les tiges rampantes sur le sol.\u00a0<span style=\"text-decoration: underline;\">Rusticit\u00e9 USDA<\/span>\u00a0: Zone 8.<\/p>","protected":false},"excerpt":{"rendered":"<p>Une des rares Gesneriaceae relativement rustique. Cette plante herbac\u00e9e drageonnante a des\u00a0tiges et des feuilles succulentes. Les bouquets de fleurs terminaux apparaissent en fin d&rsquo;\u00e9t\u00e9. Les fleurs sont blanches \u00e0 gorge tigr\u00e9e. De croissance rapide, au moyen de tiges courant \u00e0 la surface du sol et s&rsquo;enracinant aux noeuds. Hemiboea subcapitata est rustique ici, \u00e0 tester\u00a0plus au nord&#8230;.<\/p>\n<p><span style=\"text-decoration: underline;\">Hauteur adulte<\/span>\u00a0: 40\/60.\u00a0<span style=\"text-decoration: underline;\">Origine g\u00e9ographique<\/span>\u00a0: Chine.\u00a0<span style=\"text-decoration: underline;\">Persistance hiver<\/span>\u00a0: Semi-persistant. Les tiges dress\u00e9es de l&rsquo;\u00e9t\u00e9 disparaissent en hiver, et ne restent que les tiges rampantes sur le sol.\u00a0<span style=\"text-decoration: underline;\">Rusticit\u00e9 USDA<\/span>\u00a0: Zone 8.<\/p>","protected":false},"featured_media":29642,"template":"","meta":{"site-sidebar-layout":"default","site-content-layout":"default","ast-global-header-display":"","ast-main-header-display":"","ast-hfb-above-header-display":"","ast-hfb-below-header-display":"","ast-hfb-mobile-header-display":"","site-post-title":"","ast-breadcrumbs-content":"","ast-featured-img":"","footer-sml-layout":"","theme-transparent-header-meta":"default","adv-header-id-meta":"","stick-header-meta":"default","header-above-stick-meta":"","header-main-stick-meta":"","header-below-stick-meta":""},"product_cat":[537,552],"product_tag":[526,529,558,533],"class_list":["post-29577","product","type-product","status-publish","has-post-thumbnail","hentry","product_cat-autres-plantes","product_cat-autres-plantes-pour-climat-doux","product_tag-plantes-couvre-sol","product_tag-plantes-origine-asiatique","product_tag-plantes-pour-climats-doux","product_tag-plantes-pour-mur-vegetaux","pa_taille-du-pot-pot-10-12-cm-diametre","desktop-align-center","tablet-align-center","mobile-align-center","ast-product-gallery-layout-horizontal","ast-product-single-variable","ast-product-tabs-layout-horizontal","ast-qv-on-image"],"_links":{"self":[{"href":"https:\/\/staging.pepiniereezavin.com\/en\/wp-json\/wp\/v2\/product\/29577","targetHints":{"allow":["GET"]}}],"collection":[{"href":"https:\/\/staging.pepiniereezavin.com\/en\/wp-json\/wp\/v2\/product"}],"about":[{"href":"https:\/\/staging.pepiniereezavin.com\/en\/wp-json\/wp\/v2\/types\/product"}],"wp:featuredmedia":[{"embeddable":true,"href":"https:\/\/staging.pepiniereezavin.com\/en\/wp-json\/wp\/v2\/media\/29642"}],"wp:attachment":[{"href":"https:\/\/staging.pepiniereezavin.com\/en\/wp-json\/wp\/v2\/media?parent=29577"}],"wp:term":[{"taxonomy":"product_cat","embeddable":true,"href":"https:\/\/staging.pepiniereezavin.com\/en\/wp-json\/wp\/v2\/product_cat?post=29577"},{"taxonomy":"product_tag","embeddable":true,"href":"https:\/\/staging.pepiniereezavin.com\/en\/wp-json\/wp\/v2\/product_tag?post=29577"}],"curies":[{"name":"wp","href":"https:\/\/api.w.org\/{rel}","templated":true}]}}