{"id":29619,"date":"2021-12-09T22:44:35","date_gmt":"2021-12-09T21:44:35","guid":{"rendered":"https:\/\/pepiniereezavin.fr\/?post_type=product&#038;p=29619"},"modified":"2022-09-20T23:45:38","modified_gmt":"2022-09-20T21:45:38","slug":"hydrocotyle-sibthorpioides-pb-08-620","status":"publish","type":"product","link":"https:\/\/staging.pepiniereezavin.com\/en\/product\/hydrocotyle-sibthorpioides-pb-08-620\/","title":{"rendered":"Hydrocotyle sibthorpioides PB 08-620"},"content":{"rendered":"<p>Couvre sol \u00e0 croissance tr\u00e8s rapide en sol frais. Caract\u00e9ris\u00e9 par ses minuscules feuilles rondes cr\u00e9nel\u00e9es, \u00e0 surface pruineuse, et son odeur citronn\u00e9e, c&rsquo;est une plante \u00e0 essayer en pot au pied d&rsquo;une autre, ou alors en pleine terre, \u00e0 l&rsquo;ombre et en sol frais. Floraison en glom\u00e9rules blancs au printemps et en \u00e9t\u00e9. Culture facile. Ramen\u00e9 d&rsquo;Hakone (Japon) par Patrick Blanc. Sur un mur v\u00e9g\u00e9tal, c&rsquo;est un excellent couvre-sol persistant et ras.<\/p>\n<p><span style=\"text-decoration: underline;\">Hauteur adulte<\/span>\u00a0: 2\/5 cm.\u00a0<span style=\"text-decoration: underline;\">Origine g\u00e9ographique<\/span>\u00a0:\u00a0Asie, Afrique tropicale. La souche propos\u00e9e provient du Japon.\u00a0<span style=\"text-decoration: underline;\">Persistance hiver<\/span>\u00a0: Persistant.\u00a0<span style=\"text-decoration: underline;\">Rusticit\u00e9 USDA<\/span>\u00a0: Zone 7\/8.<\/p>\n<p>&nbsp;<\/p>","protected":false},"excerpt":{"rendered":"<p>Couvre sol \u00e0 croissance tr\u00e8s rapide en sol frais. Caract\u00e9ris\u00e9 par ses minuscules feuilles rondes cr\u00e9nel\u00e9es, \u00e0 surface pruineuse, et son odeur citronn\u00e9e, c&rsquo;est une plante \u00e0 essayer en pot au pied d&rsquo;une autre, ou alors en pleine terre, \u00e0 l&rsquo;ombre et en sol frais. Floraison en glom\u00e9rules blancs au printemps et en \u00e9t\u00e9. Culture facile. Ramen\u00e9 d&rsquo;Hakone (Japon) par Patrick Blanc. Sur un mur v\u00e9g\u00e9tal, c&rsquo;est un excellent couvre-sol persistant et ras.<\/p>\n<p><span style=\"text-decoration: underline;\">Hauteur adulte<\/span>\u00a0: 2\/5 cm.\u00a0<span style=\"text-decoration: underline;\">Origine g\u00e9ographique<\/span>\u00a0:\u00a0Asie, Afrique tropicale. La souche propos\u00e9e provient du Japon.\u00a0<span style=\"text-decoration: underline;\">Persistance hiver<\/span>\u00a0: Persistant.\u00a0<span style=\"text-decoration: underline;\">Rusticit\u00e9 USDA<\/span>\u00a0: Zone 7\/8.<\/p>\n<p>&nbsp;<\/p>","protected":false},"featured_media":29650,"template":"","meta":{"site-sidebar-layout":"default","site-content-layout":"default","ast-global-header-display":"","ast-main-header-display":"","ast-hfb-above-header-display":"","ast-hfb-below-header-display":"","ast-hfb-mobile-header-display":"","site-post-title":"","ast-breadcrumbs-content":"","ast-featured-img":"","footer-sml-layout":"","theme-transparent-header-meta":"default","adv-header-id-meta":"","stick-header-meta":"default","header-above-stick-meta":"","header-main-stick-meta":"","header-below-stick-meta":""},"product_cat":[537,554,552],"product_tag":[526,529,532,558,533,557],"class_list":["post-29619","product","type-product","status-publish","has-post-thumbnail","hentry","product_cat-autres-plantes","product_cat-autres-plantes-pour-terrarium","product_cat-autres-plantes-pour-climat-doux","product_tag-plantes-couvre-sol","product_tag-plantes-origine-asiatique","product_tag-plantes-pour-berges","product_tag-plantes-pour-climats-doux","product_tag-plantes-pour-mur-vegetaux","product_tag-plantes-pour-terrarium","pa_taille-du-pot-pot-12-14-cm-diametre","desktop-align-center","tablet-align-center","mobile-align-center","ast-product-gallery-layout-horizontal","ast-product-gallery-with-no-image","ast-product-single-variable","ast-product-tabs-layout-horizontal","ast-qv-on-image"],"_links":{"self":[{"href":"https:\/\/staging.pepiniereezavin.com\/en\/wp-json\/wp\/v2\/product\/29619","targetHints":{"allow":["GET"]}}],"collection":[{"href":"https:\/\/staging.pepiniereezavin.com\/en\/wp-json\/wp\/v2\/product"}],"about":[{"href":"https:\/\/staging.pepiniereezavin.com\/en\/wp-json\/wp\/v2\/types\/product"}],"wp:featuredmedia":[{"embeddable":true,"href":"https:\/\/staging.pepiniereezavin.com\/en\/wp-json\/wp\/v2\/media\/29650"}],"wp:attachment":[{"href":"https:\/\/staging.pepiniereezavin.com\/en\/wp-json\/wp\/v2\/media?parent=29619"}],"wp:term":[{"taxonomy":"product_cat","embeddable":true,"href":"https:\/\/staging.pepiniereezavin.com\/en\/wp-json\/wp\/v2\/product_cat?post=29619"},{"taxonomy":"product_tag","embeddable":true,"href":"https:\/\/staging.pepiniereezavin.com\/en\/wp-json\/wp\/v2\/product_tag?post=29619"}],"curies":[{"name":"wp","href":"https:\/\/api.w.org\/{rel}","templated":true}]}}