{"id":29633,"date":"2021-12-09T22:44:37","date_gmt":"2021-12-09T21:44:37","guid":{"rendered":"https:\/\/pepiniereezavin.fr\/?post_type=product&#038;p=29633"},"modified":"2022-04-20T21:58:45","modified_gmt":"2022-04-20T19:58:45","slug":"iresine-herbstii-rouge","status":"publish","type":"product","link":"https:\/\/staging.pepiniereezavin.com\/en\/product\/iresine-herbstii-rouge\/","title":{"rendered":"Iresine herbstii \u00ab\u00a0rouge\u00a0\u00bb"},"content":{"rendered":"<p>Tr\u00e8s curieuse plante compl\u00e8tement rouge ! tiges, feuilles, p\u00e9tiole, tout! Culture facile en int\u00e9rieur, appr\u00e9cie d&rsquo;\u00eatre sortie l&rsquo;\u00e9t\u00e9. Soleil \u00e0 mi-ombre : plus elle sera au soleil, plus le rouge deviendra profond. Plante utilis\u00e9e en mosa\u00efculture. Garder hors gel. Ou utiliser comme annuelle et garder des boutures au chaud l&rsquo;hiver.<\/p>\n<p><span style=\"text-decoration: underline;\">Hauteur adulte<\/span>\u00a0: 40\/60.\u00a0<span style=\"text-decoration: underline;\">Origine g\u00e9ographique<\/span>\u00a0: Br\u00e9sil.\u00a0<span style=\"text-decoration: underline;\">Persistance hiver<\/span>\u00a0: Persistant.\u00a0<span style=\"text-decoration: underline;\">Rusticit\u00e9 USDA<\/span>\u00a0: Zone 9.<\/p>","protected":false},"excerpt":{"rendered":"<p>Tr\u00e8s curieuse plante compl\u00e8tement rouge ! tiges, feuilles, p\u00e9tiole, tout! Culture facile en int\u00e9rieur, appr\u00e9cie d&rsquo;\u00eatre sortie l&rsquo;\u00e9t\u00e9. Soleil \u00e0 mi-ombre : plus elle sera au soleil, plus le rouge deviendra profond. Plante utilis\u00e9e en mosa\u00efculture. Garder hors gel. Ou utiliser comme annuelle et garder des boutures au chaud l&rsquo;hiver.<\/p>\n<p><span style=\"text-decoration: underline;\">Hauteur adulte<\/span>\u00a0: 40\/60.\u00a0<span style=\"text-decoration: underline;\">Origine g\u00e9ographique<\/span>\u00a0: Br\u00e9sil.\u00a0<span style=\"text-decoration: underline;\">Persistance hiver<\/span>\u00a0: Persistant.\u00a0<span style=\"text-decoration: underline;\">Rusticit\u00e9 USDA<\/span>\u00a0: Zone 9.<\/p>","protected":false},"featured_media":29667,"template":"","meta":{"site-sidebar-layout":"default","site-content-layout":"default","ast-global-header-display":"","ast-main-header-display":"","ast-hfb-above-header-display":"","ast-hfb-below-header-display":"","ast-hfb-mobile-header-display":"","site-post-title":"","ast-breadcrumbs-content":"","ast-featured-img":"","footer-sml-layout":"","theme-transparent-header-meta":"default","adv-header-id-meta":"","stick-header-meta":"default","header-above-stick-meta":"","header-main-stick-meta":"","header-below-stick-meta":""},"product_cat":[537,551,554,552],"product_tag":[528,556,558,533,557],"class_list":["post-29633","product","type-product","status-publish","has-post-thumbnail","hentry","product_cat-autres-plantes","product_cat-autres-plantes-d-interieur","product_cat-autres-plantes-pour-terrarium","product_cat-autres-plantes-pour-climat-doux","product_tag-plantes-origine-americaine","product_tag-plantes-pour-interieur","product_tag-plantes-pour-climats-doux","product_tag-plantes-pour-mur-vegetaux","product_tag-plantes-pour-terrarium","pa_taille-du-pot-pot-12-14-cm-diametre","desktop-align-center","tablet-align-center","mobile-align-center","ast-product-gallery-layout-horizontal","ast-product-gallery-with-no-image","ast-product-single-variable","ast-product-tabs-layout-horizontal","ast-qv-on-image"],"_links":{"self":[{"href":"https:\/\/staging.pepiniereezavin.com\/en\/wp-json\/wp\/v2\/product\/29633","targetHints":{"allow":["GET"]}}],"collection":[{"href":"https:\/\/staging.pepiniereezavin.com\/en\/wp-json\/wp\/v2\/product"}],"about":[{"href":"https:\/\/staging.pepiniereezavin.com\/en\/wp-json\/wp\/v2\/types\/product"}],"wp:featuredmedia":[{"embeddable":true,"href":"https:\/\/staging.pepiniereezavin.com\/en\/wp-json\/wp\/v2\/media\/29667"}],"wp:attachment":[{"href":"https:\/\/staging.pepiniereezavin.com\/en\/wp-json\/wp\/v2\/media?parent=29633"}],"wp:term":[{"taxonomy":"product_cat","embeddable":true,"href":"https:\/\/staging.pepiniereezavin.com\/en\/wp-json\/wp\/v2\/product_cat?post=29633"},{"taxonomy":"product_tag","embeddable":true,"href":"https:\/\/staging.pepiniereezavin.com\/en\/wp-json\/wp\/v2\/product_tag?post=29633"}],"curies":[{"name":"wp","href":"https:\/\/api.w.org\/{rel}","templated":true}]}}