{"id":29635,"date":"2021-12-09T22:44:37","date_gmt":"2021-12-09T21:44:37","guid":{"rendered":"https:\/\/pepiniereezavin.fr\/?post_type=product&#038;p=29635"},"modified":"2022-12-21T14:15:12","modified_gmt":"2022-12-21T13:15:12","slug":"iris-confusa","status":"publish","type":"product","link":"https:\/\/staging.pepiniereezavin.com\/en\/product\/iris-confusa\/","title":{"rendered":"Iris confusa"},"content":{"rendered":"<p>Les rosettes\u00a0de feuilles de cet iris apparaissent\u00a0au bout de tiges rappelant de petits chaumes de bambou. Cette particularit\u00e9 lui vaut l&rsquo;appellation d&rsquo;<strong>Iris bambou<\/strong>, et peut-\u00eatre son nom d&rsquo;esp\u00e8ce latin, car de jeunes plants d&rsquo;Iris confusa peuvent \u00eatre facilement confondus avec Iris japonica&#8230;<\/p>\n<p>Au jardin, cet iris d&rsquo;ombre et de mi-ombre forme une touffe \u00e9rig\u00e9e, au sommet desquelles\u00a0apparaissent au printemps des grappes l\u00e2ches de fleurs blanches, \u00e0 peine marqu\u00e9es d&rsquo;orange et de bleu clair. Plante tapissante gr\u00e2ce aux nombreux drageons. Excellente plante pour coloniser un sous-bois, ou sur la partie sup\u00e9rieure d&rsquo;un mur v\u00e9g\u00e9tal. Dans ce cas, les tiges poussent \u00e0 l&rsquo;horizontale. Effet esth\u00e9tique de premier ordre avec les larges \u00e9ventails de feuilles.\u00a0Pour comparer les fleurs des diff\u00e9rents Iris que nous vous proposons, <a title=\"Iris. COMPARATIF\" href=\"https:\/\/staging.pepiniereezavin.com\/en\/product\/iris-comparatif\/\">cliquez ici<\/a>.<\/p>\n<p><span style=\"text-decoration: underline;\">Hauteur adulte<\/span>\u00a0: 100\/200.\u00a0<span style=\"text-decoration: underline;\">Origine g\u00e9ographique<\/span>\u00a0: End\u00e9mique de\u00a0Chine.\u00a0<span style=\"text-decoration: underline;\">Persistance hiver<\/span>\u00a0: Persistant.\u00a0<span style=\"text-decoration: underline;\">Rusticit\u00e9 USDA<\/span>\u00a0: Zone 8.<\/p>","protected":false},"excerpt":{"rendered":"<p>Les rosettes\u00a0de feuilles de cet iris apparaissent\u00a0au bout de tiges rappelant de petits chaumes de bambou. Cette particularit\u00e9 lui vaut l&rsquo;appellation d&rsquo;<strong>Iris bambou<\/strong>, et peut-\u00eatre son nom d&rsquo;esp\u00e8ce latin, car de jeunes plants d&rsquo;Iris confusa peuvent \u00eatre facilement confondus avec Iris japonica&#8230;<\/p>\n<p>Au jardin, cet iris d&rsquo;ombre et de mi-ombre forme une touffe \u00e9rig\u00e9e, au sommet desquelles\u00a0apparaissent au printemps des grappes l\u00e2ches de fleurs blanches, \u00e0 peine marqu\u00e9es d&rsquo;orange et de bleu clair. Plante tapissante gr\u00e2ce aux nombreux drageons. Excellente plante pour coloniser un sous-bois, ou sur la partie sup\u00e9rieure d&rsquo;un mur v\u00e9g\u00e9tal. Dans ce cas, les tiges poussent \u00e0 l&rsquo;horizontale. Effet esth\u00e9tique de premier ordre avec les larges \u00e9ventails de feuilles.\u00a0Pour comparer les fleurs des diff\u00e9rents Iris que nous vous proposons, <a title=\"Iris. COMPARATIF\" href=\"https:\/\/staging.pepiniereezavin.com\/en\/product\/iris-comparatif\/\">cliquez ici<\/a>.<\/p>\n<p><span style=\"text-decoration: underline;\">Hauteur adulte<\/span>\u00a0: 100\/200.\u00a0<span style=\"text-decoration: underline;\">Origine g\u00e9ographique<\/span>\u00a0: End\u00e9mique de\u00a0Chine.\u00a0<span style=\"text-decoration: underline;\">Persistance hiver<\/span>\u00a0: Persistant.\u00a0<span style=\"text-decoration: underline;\">Rusticit\u00e9 USDA<\/span>\u00a0: Zone 8.<\/p>","protected":false},"featured_media":29668,"template":"","meta":{"site-sidebar-layout":"default","site-content-layout":"default","ast-global-header-display":"","ast-main-header-display":"","ast-hfb-above-header-display":"","ast-hfb-below-header-display":"","ast-hfb-mobile-header-display":"","site-post-title":"","ast-breadcrumbs-content":"","ast-featured-img":"","footer-sml-layout":"","theme-transparent-header-meta":"default","adv-header-id-meta":"","stick-header-meta":"default","header-above-stick-meta":"","header-main-stick-meta":"","header-below-stick-meta":""},"product_cat":[537,551,552],"product_tag":[523,526,529,558,533],"class_list":["post-29635","product","type-product","status-publish","has-post-thumbnail","hentry","product_cat-autres-plantes","product_cat-autres-plantes-d-interieur","product_cat-autres-plantes-pour-climat-doux","product_tag-plantes-famille-iridacees","product_tag-plantes-couvre-sol","product_tag-plantes-origine-asiatique","product_tag-plantes-pour-climats-doux","product_tag-plantes-pour-mur-vegetaux","pa_taille-du-pot-pot-12-14-cm-diametre","desktop-align-center","tablet-align-center","mobile-align-center","ast-product-gallery-layout-horizontal","ast-product-gallery-with-no-image","ast-product-single-variable","ast-product-tabs-layout-horizontal","ast-qv-on-image"],"_links":{"self":[{"href":"https:\/\/staging.pepiniereezavin.com\/en\/wp-json\/wp\/v2\/product\/29635","targetHints":{"allow":["GET"]}}],"collection":[{"href":"https:\/\/staging.pepiniereezavin.com\/en\/wp-json\/wp\/v2\/product"}],"about":[{"href":"https:\/\/staging.pepiniereezavin.com\/en\/wp-json\/wp\/v2\/types\/product"}],"wp:featuredmedia":[{"embeddable":true,"href":"https:\/\/staging.pepiniereezavin.com\/en\/wp-json\/wp\/v2\/media\/29668"}],"wp:attachment":[{"href":"https:\/\/staging.pepiniereezavin.com\/en\/wp-json\/wp\/v2\/media?parent=29635"}],"wp:term":[{"taxonomy":"product_cat","embeddable":true,"href":"https:\/\/staging.pepiniereezavin.com\/en\/wp-json\/wp\/v2\/product_cat?post=29635"},{"taxonomy":"product_tag","embeddable":true,"href":"https:\/\/staging.pepiniereezavin.com\/en\/wp-json\/wp\/v2\/product_tag?post=29635"}],"curies":[{"name":"wp","href":"https:\/\/api.w.org\/{rel}","templated":true}]}}