{"id":29639,"date":"2021-12-09T22:44:37","date_gmt":"2021-12-09T21:44:37","guid":{"rendered":"https:\/\/pepiniereezavin.fr\/?post_type=product&#038;p=29639"},"modified":"2022-05-05T15:08:01","modified_gmt":"2022-05-05T13:08:01","slug":"iris-foetidissima","status":"publish","type":"product","link":"https:\/\/staging.pepiniereezavin.com\/en\/product\/iris-foetidissima\/","title":{"rendered":"Iris foetidissima"},"content":{"rendered":"<p>L&rsquo;<strong>Iris gigot<\/strong> fait partie de ces plantes ultra solides, qui vont dans tous les environnements : soleil, ombre, sec, humide! Il\u00a0est int\u00e9ressant surtout pour 1\/ ses fruits s&rsquo;ouvrant au cours de l&rsquo;hiver, laissant appara\u00eetre les graines rouge vif, 2\/ ses feuilles ruban\u00e9es, dress\u00e9es, qui s&rsquo;ab\u00eement tr\u00e8s peu, donc demandent peu d&rsquo;entretien, sinon aucun. Les fleurs estivales sont pourpres tirant sur le jaune. L&rsquo;iris gigot se ress\u00e8me abondamment et peut coloniser de grandes surfaces.<\/p>\n<p><span style=\"text-decoration: underline;\">Hauteur adulte<\/span>\u00a0: 40\/60.\u00a0<span style=\"text-decoration: underline;\">Origine g\u00e9ographique<\/span>\u00a0: Europe.\u00a0<span style=\"text-decoration: underline;\">Persistance hiver<\/span>\u00a0: Persistant.\u00a0<span style=\"text-decoration: underline;\">Rusticit\u00e9 USDA<\/span>\u00a0: Zone 5\/6.<\/p>","protected":false},"excerpt":{"rendered":"<p>L&rsquo;<strong>Iris gigot<\/strong> fait partie de ces plantes ultra solides, qui vont dans tous les environnements : soleil, ombre, sec, humide! Il\u00a0est int\u00e9ressant surtout pour 1\/ ses fruits s&rsquo;ouvrant au cours de l&rsquo;hiver, laissant appara\u00eetre les graines rouge vif, 2\/ ses feuilles ruban\u00e9es, dress\u00e9es, qui s&rsquo;ab\u00eement tr\u00e8s peu, donc demandent peu d&rsquo;entretien, sinon aucun. Les fleurs estivales sont pourpres tirant sur le jaune. L&rsquo;iris gigot se ress\u00e8me abondamment et peut coloniser de grandes surfaces.<\/p>\n<p><span style=\"text-decoration: underline;\">Hauteur adulte<\/span>\u00a0: 40\/60.\u00a0<span style=\"text-decoration: underline;\">Origine g\u00e9ographique<\/span>\u00a0: Europe.\u00a0<span style=\"text-decoration: underline;\">Persistance hiver<\/span>\u00a0: Persistant.\u00a0<span style=\"text-decoration: underline;\">Rusticit\u00e9 USDA<\/span>\u00a0: Zone 5\/6.<\/p>","protected":false},"featured_media":29672,"template":"","meta":{"site-sidebar-layout":"default","site-content-layout":"default","ast-global-header-display":"","ast-main-header-display":"","ast-hfb-above-header-display":"","ast-hfb-below-header-display":"","ast-hfb-mobile-header-display":"","site-post-title":"","ast-breadcrumbs-content":"","ast-featured-img":"","footer-sml-layout":"","theme-transparent-header-meta":"","adv-header-id-meta":"","stick-header-meta":"","header-above-stick-meta":"","header-main-stick-meta":"","header-below-stick-meta":""},"product_cat":[537,552,553],"product_tag":[523,530,558,559,533,534],"class_list":["post-29639","product","type-product","status-publish","has-post-thumbnail","hentry","product_cat-autres-plantes","product_cat-autres-plantes-pour-climat-doux","product_cat-autres-plantes-pour-climat-frais","product_tag-plantes-famille-iridacees","product_tag-plantes-origine-europeenne","product_tag-plantes-pour-climats-doux","product_tag-plantes-pour-climats-frais","product_tag-plantes-pour-mur-vegetaux","product_tag-plantes-pour-ombre-seche","pa_taille-du-pot-pot-12-14-cm-diametre","desktop-align-center","tablet-align-center","mobile-align-center","ast-product-gallery-layout-horizontal","ast-product-gallery-with-no-image","ast-product-single-variable","ast-product-tabs-layout-horizontal","ast-qv-on-image"],"_links":{"self":[{"href":"https:\/\/staging.pepiniereezavin.com\/en\/wp-json\/wp\/v2\/product\/29639","targetHints":{"allow":["GET"]}}],"collection":[{"href":"https:\/\/staging.pepiniereezavin.com\/en\/wp-json\/wp\/v2\/product"}],"about":[{"href":"https:\/\/staging.pepiniereezavin.com\/en\/wp-json\/wp\/v2\/types\/product"}],"wp:featuredmedia":[{"embeddable":true,"href":"https:\/\/staging.pepiniereezavin.com\/en\/wp-json\/wp\/v2\/media\/29672"}],"wp:attachment":[{"href":"https:\/\/staging.pepiniereezavin.com\/en\/wp-json\/wp\/v2\/media?parent=29639"}],"wp:term":[{"taxonomy":"product_cat","embeddable":true,"href":"https:\/\/staging.pepiniereezavin.com\/en\/wp-json\/wp\/v2\/product_cat?post=29639"},{"taxonomy":"product_tag","embeddable":true,"href":"https:\/\/staging.pepiniereezavin.com\/en\/wp-json\/wp\/v2\/product_tag?post=29639"}],"curies":[{"name":"wp","href":"https:\/\/api.w.org\/{rel}","templated":true}]}}