{"id":29640,"date":"2021-12-09T22:44:37","date_gmt":"2021-12-09T21:44:37","guid":{"rendered":"https:\/\/pepiniereezavin.fr\/?post_type=product&#038;p=29640"},"modified":"2022-12-21T14:15:12","modified_gmt":"2022-12-21T13:15:12","slug":"iris-formosana","status":"publish","type":"product","link":"https:\/\/staging.pepiniereezavin.com\/en\/product\/iris-formosana\/","title":{"rendered":"Iris formosana"},"content":{"rendered":"<p>Cet iris d&rsquo;ombre pr\u00e9sente des feuilles tr\u00e8s nervur\u00e9es, un port plus dress\u00e9 que Iris japonica, et des fleurs plus grandes ; mais la grosse diff\u00e9rence r\u00e9side dans sa <strong>floraison remontante<\/strong> en automne, voire m\u00eame continue tout l&rsquo;hiver dans les\u00a0r\u00e9gions \u00e0 climat doux. Il est stolonif\u00e8re aussi, mais les stolons sont courts, la touffe progresse bien plus lentement que l&rsquo;iris du Japon. A installer \u00e0 l&rsquo;ombre ou la mi-ombre, en sol frais.\u00a0Pour comparer les fleurs des diff\u00e9rents Iris que nous vous proposons, <a title=\"Iris. COMPARATIF\" href=\"https:\/\/staging.pepiniereezavin.com\/en\/product\/iris-comparatif\/\">cliquez ici<\/a>.<\/p>\n<p><span style=\"text-decoration: underline;\">Hauteur adulte<\/span>\u00a0: 40\/60. <span style=\"text-decoration: underline;\">Origine g\u00e9ographique<\/span>\u00a0: Ta\u00efwan, Japon. <span style=\"text-decoration: underline;\">Persistance hiver<\/span>\u00a0: Persistant.\u00a0 <span style=\"text-decoration: underline;\">Rusticit\u00e9 USDA<\/span>\u00a0: Zone 8.<\/p>","protected":false},"excerpt":{"rendered":"<p>Cet iris d&rsquo;ombre pr\u00e9sente des feuilles tr\u00e8s nervur\u00e9es, un port plus dress\u00e9 que Iris japonica, et des fleurs plus grandes ; mais la grosse diff\u00e9rence r\u00e9side dans sa <strong>floraison remontante<\/strong> en automne, voire m\u00eame continue tout l&rsquo;hiver dans les\u00a0r\u00e9gions \u00e0 climat doux. Il est stolonif\u00e8re aussi, mais les stolons sont courts, la touffe progresse bien plus lentement que l&rsquo;iris du Japon. A installer \u00e0 l&rsquo;ombre ou la mi-ombre, en sol frais.\u00a0Pour comparer les fleurs des diff\u00e9rents Iris que nous vous proposons, <a title=\"Iris. COMPARATIF\" href=\"https:\/\/staging.pepiniereezavin.com\/en\/product\/iris-comparatif\/\">cliquez ici<\/a>.<\/p>\n<p><span style=\"text-decoration: underline;\">Hauteur adulte<\/span>\u00a0: 40\/60. <span style=\"text-decoration: underline;\">Origine g\u00e9ographique<\/span>\u00a0: Ta\u00efwan, Japon. <span style=\"text-decoration: underline;\">Persistance hiver<\/span>\u00a0: Persistant.\u00a0 <span style=\"text-decoration: underline;\">Rusticit\u00e9 USDA<\/span>\u00a0: Zone 8.<\/p>","protected":false},"featured_media":29702,"template":"","meta":{"site-sidebar-layout":"default","site-content-layout":"default","ast-global-header-display":"","ast-main-header-display":"","ast-hfb-above-header-display":"","ast-hfb-below-header-display":"","ast-hfb-mobile-header-display":"","site-post-title":"","ast-breadcrumbs-content":"","ast-featured-img":"","footer-sml-layout":"","theme-transparent-header-meta":"default","adv-header-id-meta":"","stick-header-meta":"default","header-above-stick-meta":"","header-main-stick-meta":"","header-below-stick-meta":""},"product_cat":[537,551,552],"product_tag":[523,526,529,556,558,533],"class_list":["post-29640","product","type-product","status-publish","has-post-thumbnail","hentry","product_cat-autres-plantes","product_cat-autres-plantes-d-interieur","product_cat-autres-plantes-pour-climat-doux","product_tag-plantes-famille-iridacees","product_tag-plantes-couvre-sol","product_tag-plantes-origine-asiatique","product_tag-plantes-pour-interieur","product_tag-plantes-pour-climats-doux","product_tag-plantes-pour-mur-vegetaux","pa_taille-du-pot-pot-12-14-cm-diametre","desktop-align-center","tablet-align-center","mobile-align-center","ast-product-gallery-layout-horizontal","ast-product-gallery-with-no-image","ast-product-single-variable","ast-product-tabs-layout-horizontal","ast-qv-on-image"],"_links":{"self":[{"href":"https:\/\/staging.pepiniereezavin.com\/en\/wp-json\/wp\/v2\/product\/29640","targetHints":{"allow":["GET"]}}],"collection":[{"href":"https:\/\/staging.pepiniereezavin.com\/en\/wp-json\/wp\/v2\/product"}],"about":[{"href":"https:\/\/staging.pepiniereezavin.com\/en\/wp-json\/wp\/v2\/types\/product"}],"wp:featuredmedia":[{"embeddable":true,"href":"https:\/\/staging.pepiniereezavin.com\/en\/wp-json\/wp\/v2\/media\/29702"}],"wp:attachment":[{"href":"https:\/\/staging.pepiniereezavin.com\/en\/wp-json\/wp\/v2\/media?parent=29640"}],"wp:term":[{"taxonomy":"product_cat","embeddable":true,"href":"https:\/\/staging.pepiniereezavin.com\/en\/wp-json\/wp\/v2\/product_cat?post=29640"},{"taxonomy":"product_tag","embeddable":true,"href":"https:\/\/staging.pepiniereezavin.com\/en\/wp-json\/wp\/v2\/product_tag?post=29640"}],"curies":[{"name":"wp","href":"https:\/\/api.w.org\/{rel}","templated":true}]}}