{"id":29673,"date":"2021-12-09T22:44:59","date_gmt":"2021-12-09T21:44:59","guid":{"rendered":"https:\/\/pepiniereezavin.fr\/?post_type=product&#038;p=29673"},"modified":"2022-04-20T21:53:04","modified_gmt":"2022-04-20T19:53:04","slug":"iris-japonica","status":"publish","type":"product","link":"https:\/\/staging.pepiniereezavin.com\/en\/product\/iris-japonica\/","title":{"rendered":"Iris japonica"},"content":{"rendered":"<p><strong>L&rsquo;iris du Japon<\/strong>\u00a0est un iris stolonif\u00e8re,\u00a0d&rsquo;ombre et de mi-ombre. Les\u00a0<strong>feuilles vert intense et brillantes<\/strong>\u00a0sont dispos\u00e9es en \u00e9ventails inclin\u00e9s \u00e0 30 \/ 45\u00b0 au ras du sol. Les fleurs sont blanches ou lavande p\u00e2le, avec des taches\u00a0bleues et orange. Elles apparaissent au printemps en grappes l\u00e2ches, et \u00e9voquent la finesse des orchid\u00e9es! C&rsquo;est une plante tr\u00e8s \u00e9l\u00e9gante en massif et sur des murs v\u00e9g\u00e9taux, o\u00f9 le feuillage devient alors retombant, et donne une mati\u00e8re unique, tr\u00e8s utilis\u00e9e par Patrick Blanc sur ses murs.\u00a0Culture facile en sol frais, \u00e0 mi-ombre.\u00a0Pour comparer les fleurs des diff\u00e9rents Iris que nous vous proposons,\u00a0<a title=\"Iris. COMPARATIF\" href=\"https:\/\/staging.pepiniereezavin.com\/en\/product\/iris-comparatif\/\">cliquez ici<\/a>.<\/p>\n<p><span style=\"text-decoration: underline;\">Hauteur adulte<\/span>\u00a0: 40\/60.\u00a0<span style=\"text-decoration: underline;\">Origine g\u00e9ographique<\/span>\u00a0: Japon, Chine.\u00a0<span style=\"text-decoration: underline;\">Persistance hiver<\/span>\u00a0: Persistant.\u00a0<span style=\"text-decoration: underline;\">Rusticit\u00e9 USDA<\/span>\u00a0: Zone 8.<\/p>","protected":false},"excerpt":{"rendered":"<p><strong>L&rsquo;iris du Japon<\/strong> est un iris stolonif\u00e8re,\u00a0d&rsquo;ombre et de mi-ombre. Les <strong>feuilles vert intense et brillantes<\/strong> sont dispos\u00e9es en \u00e9ventails inclin\u00e9s \u00e0 30 \/ 45\u00b0 au ras du sol. Les fleurs sont blanches ou lavande p\u00e2le, avec des taches\u00a0bleues et orange. Elles apparaissent au printemps en grappes l\u00e2ches, et \u00e9voquent la finesse des orchid\u00e9es! C&rsquo;est une plante tr\u00e8s \u00e9l\u00e9gante en massif et sur des murs v\u00e9g\u00e9taux, o\u00f9 le feuillage devient alors retombant, et donne une mati\u00e8re unique, tr\u00e8s utilis\u00e9e par Patrick Blanc sur ses murs.\u00a0Culture facile en sol frais, \u00e0 mi-ombre.\u00a0Pour comparer les fleurs des diff\u00e9rents Iris que nous vous proposons, <a title=\"Iris. COMPARATIF\" href=\"https:\/\/staging.pepiniereezavin.com\/en\/product\/iris-comparatif\/\">cliquez ici<\/a>.<\/p>\n<p><span style=\"text-decoration: underline;\">Hauteur adulte<\/span>\u00a0: 40\/60. <span style=\"text-decoration: underline;\">Origine g\u00e9ographique<\/span>\u00a0: Japon, Chine. <span style=\"text-decoration: underline;\">Persistance hiver<\/span>\u00a0: Persistant. <span style=\"text-decoration: underline;\">Rusticit\u00e9 USDA<\/span>\u00a0: Zone 8.<\/p>","protected":false},"featured_media":29703,"template":"","meta":{"site-sidebar-layout":"default","site-content-layout":"default","ast-global-header-display":"","ast-main-header-display":"","ast-hfb-above-header-display":"","ast-hfb-below-header-display":"","ast-hfb-mobile-header-display":"","site-post-title":"","ast-breadcrumbs-content":"","ast-featured-img":"","footer-sml-layout":"","theme-transparent-header-meta":"default","adv-header-id-meta":"","stick-header-meta":"default","header-above-stick-meta":"","header-main-stick-meta":"","header-below-stick-meta":""},"product_cat":[537,552,553],"product_tag":[523,526,529,558,559,533],"class_list":["post-29673","product","type-product","status-publish","has-post-thumbnail","hentry","product_cat-autres-plantes","product_cat-autres-plantes-pour-climat-doux","product_cat-autres-plantes-pour-climat-frais","product_tag-plantes-famille-iridacees","product_tag-plantes-couvre-sol","product_tag-plantes-origine-asiatique","product_tag-plantes-pour-climats-doux","product_tag-plantes-pour-climats-frais","product_tag-plantes-pour-mur-vegetaux","pa_taille-du-pot-pot-12-14-cm-diametre","desktop-align-center","tablet-align-center","mobile-align-center","ast-product-gallery-layout-horizontal","ast-product-gallery-with-no-image","ast-product-single-variable","ast-product-tabs-layout-horizontal","ast-qv-on-image"],"_links":{"self":[{"href":"https:\/\/staging.pepiniereezavin.com\/en\/wp-json\/wp\/v2\/product\/29673","targetHints":{"allow":["GET"]}}],"collection":[{"href":"https:\/\/staging.pepiniereezavin.com\/en\/wp-json\/wp\/v2\/product"}],"about":[{"href":"https:\/\/staging.pepiniereezavin.com\/en\/wp-json\/wp\/v2\/types\/product"}],"wp:featuredmedia":[{"embeddable":true,"href":"https:\/\/staging.pepiniereezavin.com\/en\/wp-json\/wp\/v2\/media\/29703"}],"wp:attachment":[{"href":"https:\/\/staging.pepiniereezavin.com\/en\/wp-json\/wp\/v2\/media?parent=29673"}],"wp:term":[{"taxonomy":"product_cat","embeddable":true,"href":"https:\/\/staging.pepiniereezavin.com\/en\/wp-json\/wp\/v2\/product_cat?post=29673"},{"taxonomy":"product_tag","embeddable":true,"href":"https:\/\/staging.pepiniereezavin.com\/en\/wp-json\/wp\/v2\/product_tag?post=29673"}],"curies":[{"name":"wp","href":"https:\/\/api.w.org\/{rel}","templated":true}]}}