{"id":29674,"date":"2021-12-09T22:44:59","date_gmt":"2021-12-09T21:44:59","guid":{"rendered":"https:\/\/pepiniereezavin.fr\/?post_type=product&#038;p=29674"},"modified":"2022-12-21T14:15:12","modified_gmt":"2022-12-21T13:15:12","slug":"iris-japonica-polyploide","status":"publish","type":"product","link":"https:\/\/staging.pepiniereezavin.com\/en\/product\/iris-japonica-polyploide\/","title":{"rendered":"Iris japonica  &lsquo;Polyplo\u00efde&rsquo;"},"content":{"rendered":"<p>(= <strong><em>Iris japonica<\/em> &lsquo;G\u00e9ant&rsquo;<\/strong>) Cette variation est une forme g\u00e9ante pouvant atteindre 80 cm de haut. Le feuillage est plus dress\u00e9, et ne poss\u00e8de pas la marque violette \u00e0 la base du feuillage, caract\u00e9ristique de l&rsquo;<em>Iris japonica<\/em> type. La floraison est plus grande aussi. M\u00eames besoins que le type.\u00a0Pour comparer les fleurs des diff\u00e9rents Iris que nous vous proposons, <a title=\"Iris. COMPARATIF\" href=\"https:\/\/staging.pepiniereezavin.com\/en\/product\/iris-comparatif\/\">cliquez ici<\/a>.<\/p>\n<p><span style=\"text-decoration: underline;\">Hauteur adulte<\/span>\u00a0: 60\/80.\u00a0<span style=\"text-decoration: underline;\">Origine g\u00e9ographique<\/span>\u00a0: ? Origine horticole.\u00a0<span style=\"text-decoration: underline;\">Persistance hiver<\/span>\u00a0: Persistant.\u00a0<span style=\"text-decoration: underline;\">Rusticit\u00e9 USDA<\/span>\u00a0: Zone 8.<\/p>","protected":false},"excerpt":{"rendered":"<p>(=\u00a0<strong><em>Iris japonica<\/em>\u00a0&lsquo;G\u00e9ant&rsquo;<\/strong>) Cette variation est une forme g\u00e9ante pouvant atteindre 80 cm de haut. Le feuillage est plus dress\u00e9, et ne poss\u00e8de pas la marque violette \u00e0 la base du feuillage, caract\u00e9ristique de l&rsquo;<em>Iris japonica<\/em>\u00a0type. La floraison est plus grande aussi. M\u00eames besoins que le type.\u00a0Pour comparer les fleurs des diff\u00e9rents Iris que nous vous proposons,\u00a0<a title=\"Iris. COMPARATIF\" href=\"https:\/\/staging.pepiniereezavin.com\/en\/product\/iris-comparatif\/\">cliquez ici<\/a>.<\/p>\n<p><span style=\"text-decoration: underline;\">Hauteur adulte<\/span>\u00a0: 60\/80.\u00a0<span style=\"text-decoration: underline;\">Origine g\u00e9ographique<\/span>\u00a0: ? Origine horticole.\u00a0<span style=\"text-decoration: underline;\">Persistance hiver<\/span>\u00a0: Persistant.\u00a0<span style=\"text-decoration: underline;\">Rusticit\u00e9 USDA<\/span>\u00a0: Zone 8.<\/p>","protected":false},"featured_media":29704,"template":"","meta":{"site-sidebar-layout":"default","site-content-layout":"default","ast-global-header-display":"","ast-main-header-display":"","ast-hfb-above-header-display":"","ast-hfb-below-header-display":"","ast-hfb-mobile-header-display":"","site-post-title":"","ast-breadcrumbs-content":"","ast-featured-img":"","footer-sml-layout":"","theme-transparent-header-meta":"default","adv-header-id-meta":"","stick-header-meta":"default","header-above-stick-meta":"","header-main-stick-meta":"","header-below-stick-meta":""},"product_cat":[537,552,553],"product_tag":[523,526,529,558,559,533],"class_list":["post-29674","product","type-product","status-publish","has-post-thumbnail","hentry","product_cat-autres-plantes","product_cat-autres-plantes-pour-climat-doux","product_cat-autres-plantes-pour-climat-frais","product_tag-plantes-famille-iridacees","product_tag-plantes-couvre-sol","product_tag-plantes-origine-asiatique","product_tag-plantes-pour-climats-doux","product_tag-plantes-pour-climats-frais","product_tag-plantes-pour-mur-vegetaux","pa_taille-du-pot-pot-12-14-cm-diametre","desktop-align-center","tablet-align-center","mobile-align-center","ast-product-gallery-layout-horizontal","ast-product-gallery-with-no-image","ast-product-single-variable","ast-product-tabs-layout-horizontal","ast-qv-on-image"],"_links":{"self":[{"href":"https:\/\/staging.pepiniereezavin.com\/en\/wp-json\/wp\/v2\/product\/29674","targetHints":{"allow":["GET"]}}],"collection":[{"href":"https:\/\/staging.pepiniereezavin.com\/en\/wp-json\/wp\/v2\/product"}],"about":[{"href":"https:\/\/staging.pepiniereezavin.com\/en\/wp-json\/wp\/v2\/types\/product"}],"wp:featuredmedia":[{"embeddable":true,"href":"https:\/\/staging.pepiniereezavin.com\/en\/wp-json\/wp\/v2\/media\/29704"}],"wp:attachment":[{"href":"https:\/\/staging.pepiniereezavin.com\/en\/wp-json\/wp\/v2\/media?parent=29674"}],"wp:term":[{"taxonomy":"product_cat","embeddable":true,"href":"https:\/\/staging.pepiniereezavin.com\/en\/wp-json\/wp\/v2\/product_cat?post=29674"},{"taxonomy":"product_tag","embeddable":true,"href":"https:\/\/staging.pepiniereezavin.com\/en\/wp-json\/wp\/v2\/product_tag?post=29674"}],"curies":[{"name":"wp","href":"https:\/\/api.w.org\/{rel}","templated":true}]}}