{"id":29683,"date":"2021-12-09T22:45:00","date_gmt":"2021-12-09T21:45:00","guid":{"rendered":"https:\/\/pepiniereezavin.fr\/?post_type=product&#038;p=29683"},"modified":"2022-11-24T18:43:24","modified_gmt":"2022-11-24T17:43:24","slug":"justicia-carnea","status":"publish","type":"product","link":"https:\/\/staging.pepiniereezavin.com\/en\/product\/justicia-carnea\/","title":{"rendered":"Justicia carnea"},"content":{"rendered":"<p>Justicia carnea est un sous-arbrisseau \u00e0 feuilles tr\u00e8s\u00a0nervur\u00e9es et fleurs regroup\u00e9es en \u00e9pis terminaux rose\u00a0vif en \u00e9t\u00e9 et automne.\u00a0Rustique en climat doux (environ -5\u00b0C), o\u00f9 il est caduque et repart du pied, et persistant si hors gel. C&rsquo;est une tr\u00e8s belle plante fleurissant facilement, en v\u00e9randa, ou sur un mur v\u00e9g\u00e9tal. Elle fleurira mieux en mi-ombre et supportera le soleil direct pendant une partie de la journ\u00e9e.<\/p>\n<p><span style=\"text-decoration: underline;\">Hauteur adulte<\/span>\u00a0: 60\/80.\u00a0<span style=\"text-decoration: underline;\">Origine g\u00e9ographique<\/span>\u00a0: Br\u00e9sil.\u00a0<span style=\"text-decoration: underline;\">Persistance hiver<\/span>\u00a0: Persistant si hors gel.\u00a0<span style=\"text-decoration: underline;\">Rusticit\u00e9 USDA<\/span>\u00a0: Zone 8\/9.<\/p>","protected":false},"excerpt":{"rendered":"<p>Justicia carnea est un sous-arbrisseau \u00e0 feuilles tr\u00e8s\u00a0nervur\u00e9es et fleurs regroup\u00e9es en \u00e9pis terminaux rose\u00a0vif en \u00e9t\u00e9 et automne.\u00a0Rustique en climat doux (environ -5\u00b0C), o\u00f9 il est caduque et repart du pied, et persistant si hors gel. C&rsquo;est une tr\u00e8s belle plante fleurissant facilement, en v\u00e9randa, ou sur un mur v\u00e9g\u00e9tal. Elle fleurira mieux en mi-ombre et supportera le soleil direct pendant une partie de la journ\u00e9e.<\/p>\n<p><span style=\"text-decoration: underline;\">Hauteur adulte<\/span>\u00a0: 60\/80.\u00a0<span style=\"text-decoration: underline;\">Origine g\u00e9ographique<\/span>\u00a0: Br\u00e9sil.\u00a0<span style=\"text-decoration: underline;\">Persistance hiver<\/span>\u00a0: Persistant si hors gel.\u00a0<span style=\"text-decoration: underline;\">Rusticit\u00e9 USDA<\/span>\u00a0: Zone 8\/9.<\/p>","protected":false},"featured_media":29718,"template":"","meta":{"site-sidebar-layout":"default","site-content-layout":"default","ast-global-header-display":"","ast-main-header-display":"","ast-hfb-above-header-display":"","ast-hfb-below-header-display":"","ast-hfb-mobile-header-display":"","site-post-title":"","ast-breadcrumbs-content":"","ast-featured-img":"","footer-sml-layout":"","theme-transparent-header-meta":"default","adv-header-id-meta":"","stick-header-meta":"default","header-above-stick-meta":"","header-main-stick-meta":"","header-below-stick-meta":""},"product_cat":[537,551,552],"product_tag":[528,556,558,533],"class_list":["post-29683","product","type-product","status-publish","has-post-thumbnail","hentry","product_cat-autres-plantes","product_cat-autres-plantes-d-interieur","product_cat-autres-plantes-pour-climat-doux","product_tag-plantes-origine-americaine","product_tag-plantes-pour-interieur","product_tag-plantes-pour-climats-doux","product_tag-plantes-pour-mur-vegetaux","pa_taille-du-pot-pot-12-14-cm-diametre","desktop-align-center","tablet-align-center","mobile-align-center","ast-product-gallery-layout-horizontal","ast-product-gallery-with-no-image","ast-product-single-variable","ast-product-tabs-layout-horizontal","ast-qv-on-image"],"_links":{"self":[{"href":"https:\/\/staging.pepiniereezavin.com\/en\/wp-json\/wp\/v2\/product\/29683","targetHints":{"allow":["GET"]}}],"collection":[{"href":"https:\/\/staging.pepiniereezavin.com\/en\/wp-json\/wp\/v2\/product"}],"about":[{"href":"https:\/\/staging.pepiniereezavin.com\/en\/wp-json\/wp\/v2\/types\/product"}],"wp:featuredmedia":[{"embeddable":true,"href":"https:\/\/staging.pepiniereezavin.com\/en\/wp-json\/wp\/v2\/media\/29718"}],"wp:attachment":[{"href":"https:\/\/staging.pepiniereezavin.com\/en\/wp-json\/wp\/v2\/media?parent=29683"}],"wp:term":[{"taxonomy":"product_cat","embeddable":true,"href":"https:\/\/staging.pepiniereezavin.com\/en\/wp-json\/wp\/v2\/product_cat?post=29683"},{"taxonomy":"product_tag","embeddable":true,"href":"https:\/\/staging.pepiniereezavin.com\/en\/wp-json\/wp\/v2\/product_tag?post=29683"}],"curies":[{"name":"wp","href":"https:\/\/api.w.org\/{rel}","templated":true}]}}