{"id":29693,"date":"2021-12-09T22:45:01","date_gmt":"2021-12-09T21:45:01","guid":{"rendered":"https:\/\/pepiniereezavin.fr\/?post_type=product&#038;p=29693"},"modified":"2022-06-15T17:28:22","modified_gmt":"2022-06-15T15:28:22","slug":"lobelia-laxiflora-var-angustifolia","status":"publish","type":"product","link":"https:\/\/staging.pepiniereezavin.com\/en\/product\/lobelia-laxiflora-var-angustifolia\/","title":{"rendered":"Lobelia laxiflora var. angustifolia"},"content":{"rendered":"<p>Herbac\u00e9e \u00e0 feuilles lin\u00e9aires et tiges annuelles. Les fleurs rouges et jaunes apparaissent en haut des tiges\u00a0pendant toute la belle saison. Sur un mur v\u00e9g\u00e9tal int\u00e9rieur, c&rsquo;est une plante remarquable pour sa floribondit\u00e9, et les fleurs tubulaires\u00a0renferment un nectar appr\u00e9ciable pour nourrir vos colibris&#8230; En ext\u00e9rieur, c&rsquo;est une plante rustique dans le Sud et la partie oc\u00e9anique. Prot\u00e9ger les souches au nord de la Loire les hivers froids.<\/p>\n<p><span style=\"text-decoration: underline;\">Hauteur adulte<\/span>\u00a0: 100\/200. <span style=\"text-decoration: underline;\">Origine g\u00e9ographique<\/span>\u00a0: Am\u00e9rique centrale. <span style=\"text-decoration: underline;\">Persistance hiver<\/span>\u00a0: Caduque. <span style=\"text-decoration: underline;\">Rusticit\u00e9 USDA<\/span>\u00a0: Zone 8.<\/p>","protected":false},"excerpt":{"rendered":"<p>Herbac\u00e9e \u00e0 feuilles lin\u00e9aires et tiges annuelles. Les fleurs rouges et jaunes apparaissent en haut des tiges\u00a0pendant toute la belle saison. Sur un mur v\u00e9g\u00e9tal int\u00e9rieur, c&rsquo;est une plante remarquable pour sa floribondit\u00e9, et les fleurs tubulaires\u00a0renferment un nectar appr\u00e9ciable pour nourrir vos colibris&#8230; En ext\u00e9rieur, c&rsquo;est une plante rustique dans le Sud et la partie oc\u00e9anique. Prot\u00e9ger les souches au nord de la Loire les hivers froids.<\/p>\n<p><span style=\"text-decoration: underline;\">Hauteur adulte<\/span>\u00a0: 100\/200. <span style=\"text-decoration: underline;\">Origine g\u00e9ographique<\/span>\u00a0: Am\u00e9rique centrale. <span style=\"text-decoration: underline;\">Persistance hiver<\/span>\u00a0: Caduque. <span style=\"text-decoration: underline;\">Rusticit\u00e9 USDA<\/span>\u00a0: Zone 8.<\/p>","protected":false},"featured_media":29724,"template":"","meta":{"site-sidebar-layout":"default","site-content-layout":"default","ast-global-header-display":"","ast-main-header-display":"","ast-hfb-above-header-display":"","ast-hfb-below-header-display":"","ast-hfb-mobile-header-display":"","site-post-title":"","ast-breadcrumbs-content":"","ast-featured-img":"","footer-sml-layout":"","theme-transparent-header-meta":"default","adv-header-id-meta":"","stick-header-meta":"default","header-above-stick-meta":"","header-main-stick-meta":"","header-below-stick-meta":""},"product_cat":[537,552],"product_tag":[528,558,533],"class_list":["post-29693","product","type-product","status-publish","has-post-thumbnail","hentry","product_cat-autres-plantes","product_cat-autres-plantes-pour-climat-doux","product_tag-plantes-origine-americaine","product_tag-plantes-pour-climats-doux","product_tag-plantes-pour-mur-vegetaux","pa_taille-du-pot-pot-12-14-cm-diametre","desktop-align-center","tablet-align-center","mobile-align-center","ast-product-gallery-layout-horizontal","ast-product-gallery-with-no-image","ast-product-single-variable","ast-product-tabs-layout-horizontal","ast-qv-on-image"],"_links":{"self":[{"href":"https:\/\/staging.pepiniereezavin.com\/en\/wp-json\/wp\/v2\/product\/29693","targetHints":{"allow":["GET"]}}],"collection":[{"href":"https:\/\/staging.pepiniereezavin.com\/en\/wp-json\/wp\/v2\/product"}],"about":[{"href":"https:\/\/staging.pepiniereezavin.com\/en\/wp-json\/wp\/v2\/types\/product"}],"wp:featuredmedia":[{"embeddable":true,"href":"https:\/\/staging.pepiniereezavin.com\/en\/wp-json\/wp\/v2\/media\/29724"}],"wp:attachment":[{"href":"https:\/\/staging.pepiniereezavin.com\/en\/wp-json\/wp\/v2\/media?parent=29693"}],"wp:term":[{"taxonomy":"product_cat","embeddable":true,"href":"https:\/\/staging.pepiniereezavin.com\/en\/wp-json\/wp\/v2\/product_cat?post=29693"},{"taxonomy":"product_tag","embeddable":true,"href":"https:\/\/staging.pepiniereezavin.com\/en\/wp-json\/wp\/v2\/product_tag?post=29693"}],"curies":[{"name":"wp","href":"https:\/\/api.w.org\/{rel}","templated":true}]}}