{"id":29738,"date":"2021-12-09T22:45:21","date_gmt":"2021-12-09T21:45:21","guid":{"rendered":"https:\/\/pepiniereezavin.fr\/?post_type=product&#038;p=29738"},"modified":"2022-11-15T09:44:15","modified_gmt":"2022-11-15T08:44:15","slug":"neomarica-gracilis","status":"publish","type":"product","link":"https:\/\/staging.pepiniereezavin.com\/en\/product\/neomarica-gracilis\/","title":{"rendered":"Neomarica gracilis"},"content":{"rendered":"<p>Cette Iridaceae a des feuilles dress\u00e9es vert vif, rappelant les iris.\u00a0Les fleurs blanches, \u00e0 centre bleu et marron, de toute beaut\u00e9, apparaissent en \u00e9t\u00e9.\u00a0Elles\u00a0sont port\u00e9es par des branches retombantes, cette particularit\u00e9 rend cette plante utilisables dans 1\/ les murs v\u00e9g\u00e9taux, , 2\/ les rocailles et murets o\u00f9 les inflorescences peuvent retomber gracieusement ; d&rsquo;autant que les magnifiques fleurs valent bien d&rsquo;\u00eatre mises en valeur.\u00a0Supporte des\u00a0gels brefs. A installer au soleil, en bonne terre.\u00a0Fleurit tr\u00e8s bien aussi en \u00a0v\u00e9randa.<\/p>\n<p><span style=\"text-decoration: underline;\">Hauteur adulte<\/span>\u00a0: 60\/80.\u00a0<span style=\"text-decoration: underline;\">Origine g\u00e9ographique<\/span>\u00a0: Am\u00e9rique du Sud.\u00a0<span style=\"text-decoration: underline;\">Persistance hiver<\/span>\u00a0: Persistant.\u00a0<span style=\"text-decoration: underline;\">Rusticit\u00e9 USDA<\/span>\u00a0: Zone 8\/9.<\/p>","protected":false},"excerpt":{"rendered":"<p>Cette Iridaceae a des feuilles dress\u00e9es vert vif, rappelant les iris.\u00a0Les fleurs blanches, \u00e0 centre bleu et marron, de toute beaut\u00e9, apparaissent en \u00e9t\u00e9.\u00a0Elles\u00a0sont port\u00e9es par des branches retombantes, cette particularit\u00e9 rend cette plante utilisables dans 1\/ les murs v\u00e9g\u00e9taux, , 2\/ les rocailles et murets o\u00f9 les inflorescences peuvent retomber gracieusement ; d&rsquo;autant que les magnifiques fleurs valent bien d&rsquo;\u00eatre mises en valeur.\u00a0Supporte des\u00a0gels brefs. A installer au soleil, en bonne terre.\u00a0Fleurit tr\u00e8s bien aussi en \u00a0v\u00e9randa.<\/p>\n<p><span style=\"text-decoration: underline;\">Hauteur adulte<\/span>\u00a0: 60\/80.\u00a0<span style=\"text-decoration: underline;\">Origine g\u00e9ographique<\/span>\u00a0: Am\u00e9rique du Sud.\u00a0<span style=\"text-decoration: underline;\">Persistance hiver<\/span>\u00a0: Persistant.\u00a0<span style=\"text-decoration: underline;\">Rusticit\u00e9 USDA<\/span>\u00a0: Zone 8\/9.<\/p>","protected":false},"featured_media":29763,"template":"","meta":{"site-sidebar-layout":"default","site-content-layout":"default","ast-global-header-display":"","ast-main-header-display":"","ast-hfb-above-header-display":"","ast-hfb-below-header-display":"","ast-hfb-mobile-header-display":"","site-post-title":"","ast-breadcrumbs-content":"","ast-featured-img":"","footer-sml-layout":"","theme-transparent-header-meta":"default","adv-header-id-meta":"","stick-header-meta":"default","header-above-stick-meta":"","header-main-stick-meta":"","header-below-stick-meta":""},"product_cat":[537,551,552],"product_tag":[523,528,556,558,533],"class_list":["post-29738","product","type-product","status-publish","has-post-thumbnail","hentry","product_cat-autres-plantes","product_cat-autres-plantes-d-interieur","product_cat-autres-plantes-pour-climat-doux","product_tag-plantes-famille-iridacees","product_tag-plantes-origine-americaine","product_tag-plantes-pour-interieur","product_tag-plantes-pour-climats-doux","product_tag-plantes-pour-mur-vegetaux","pa_taille-du-pot-pot-12-14-cm-diametre","desktop-align-center","tablet-align-center","mobile-align-center","ast-product-gallery-layout-horizontal","ast-product-single-variable","ast-product-tabs-layout-horizontal","ast-qv-on-image"],"_links":{"self":[{"href":"https:\/\/staging.pepiniereezavin.com\/en\/wp-json\/wp\/v2\/product\/29738","targetHints":{"allow":["GET"]}}],"collection":[{"href":"https:\/\/staging.pepiniereezavin.com\/en\/wp-json\/wp\/v2\/product"}],"about":[{"href":"https:\/\/staging.pepiniereezavin.com\/en\/wp-json\/wp\/v2\/types\/product"}],"wp:featuredmedia":[{"embeddable":true,"href":"https:\/\/staging.pepiniereezavin.com\/en\/wp-json\/wp\/v2\/media\/29763"}],"wp:attachment":[{"href":"https:\/\/staging.pepiniereezavin.com\/en\/wp-json\/wp\/v2\/media?parent=29738"}],"wp:term":[{"taxonomy":"product_cat","embeddable":true,"href":"https:\/\/staging.pepiniereezavin.com\/en\/wp-json\/wp\/v2\/product_cat?post=29738"},{"taxonomy":"product_tag","embeddable":true,"href":"https:\/\/staging.pepiniereezavin.com\/en\/wp-json\/wp\/v2\/product_tag?post=29738"}],"curies":[{"name":"wp","href":"https:\/\/api.w.org\/{rel}","templated":true}]}}