{"id":29739,"date":"2021-12-09T22:45:21","date_gmt":"2021-12-09T21:45:21","guid":{"rendered":"https:\/\/pepiniereezavin.fr\/?post_type=product&#038;p=29739"},"modified":"2022-11-24T18:43:25","modified_gmt":"2022-11-24T17:43:25","slug":"nipponanthemum-nipponicum","status":"publish","type":"product","link":"https:\/\/staging.pepiniereezavin.com\/en\/product\/nipponanthemum-nipponicum\/","title":{"rendered":"Nipponanthemum nipponicum"},"content":{"rendered":"<p>Voici une \u00ab\u00a0Marguerite\u00a0\u00bb blanche formant un petit buisson pour le soleil ou la mi-ombre. Les feuilles sont \u00e9paisses et la plante est odorante. Le buisson se couvre de marguerites blanches \u00e0 coeur jaune en automne. Sol drainant. Plante tr\u00e8s rustique et vigoureuse.<\/p>\n<p><span style=\"text-decoration: underline;\">Hauteur adulte<\/span>\u00a0: 60\/80 (100). \u00a0<span style=\"text-decoration: underline;\">Origine g\u00e9ographique<\/span>\u00a0: Japon. \u00a0<span style=\"text-decoration: underline;\">Persistance hiver<\/span>\u00a0: Semi-persistant. \u00a0<span style=\"text-decoration: underline;\">Rusticit\u00e9 USDA<\/span>\u00a0: Zone 6\/7.<\/p>","protected":false},"excerpt":{"rendered":"<p>Voici une \u00ab\u00a0Marguerite\u00a0\u00bb blanche formant un petit buisson pour le soleil ou la mi-ombre. Les feuilles sont \u00e9paisses et la plante est odorante. Le buisson se couvre de marguerites blanches \u00e0 coeur jaune en automne. Sol drainant. Plante tr\u00e8s rustique et vigoureuse.<\/p>\n<p><span style=\"text-decoration: underline;\">Hauteur adulte<\/span>\u00a0: 60\/80 (100). \u00a0<span style=\"text-decoration: underline;\">Origine g\u00e9ographique<\/span>\u00a0: Japon. \u00a0<span style=\"text-decoration: underline;\">Persistance hiver<\/span>\u00a0: Semi-persistant. \u00a0<span style=\"text-decoration: underline;\">Rusticit\u00e9 USDA<\/span>\u00a0: Zone 6\/7.<\/p>","protected":false},"featured_media":29765,"template":"","meta":{"site-sidebar-layout":"default","site-content-layout":"default","ast-global-header-display":"","ast-main-header-display":"","ast-hfb-above-header-display":"","ast-hfb-below-header-display":"","ast-hfb-mobile-header-display":"","site-post-title":"","ast-breadcrumbs-content":"","ast-featured-img":"","footer-sml-layout":"","theme-transparent-header-meta":"default","adv-header-id-meta":"","stick-header-meta":"default","header-above-stick-meta":"","header-main-stick-meta":"","header-below-stick-meta":""},"product_cat":[537,552,553],"product_tag":[529,558,559,533],"class_list":["post-29739","product","type-product","status-publish","has-post-thumbnail","hentry","product_cat-autres-plantes","product_cat-autres-plantes-pour-climat-doux","product_cat-autres-plantes-pour-climat-frais","product_tag-plantes-origine-asiatique","product_tag-plantes-pour-climats-doux","product_tag-plantes-pour-climats-frais","product_tag-plantes-pour-mur-vegetaux","pa_taille-du-pot-pot-12-14-cm-diametre","desktop-align-center","tablet-align-center","mobile-align-center","ast-product-gallery-layout-horizontal","ast-product-gallery-with-no-image","ast-product-single-variable","ast-product-tabs-layout-horizontal","ast-qv-on-image"],"_links":{"self":[{"href":"https:\/\/staging.pepiniereezavin.com\/en\/wp-json\/wp\/v2\/product\/29739","targetHints":{"allow":["GET"]}}],"collection":[{"href":"https:\/\/staging.pepiniereezavin.com\/en\/wp-json\/wp\/v2\/product"}],"about":[{"href":"https:\/\/staging.pepiniereezavin.com\/en\/wp-json\/wp\/v2\/types\/product"}],"wp:featuredmedia":[{"embeddable":true,"href":"https:\/\/staging.pepiniereezavin.com\/en\/wp-json\/wp\/v2\/media\/29765"}],"wp:attachment":[{"href":"https:\/\/staging.pepiniereezavin.com\/en\/wp-json\/wp\/v2\/media?parent=29739"}],"wp:term":[{"taxonomy":"product_cat","embeddable":true,"href":"https:\/\/staging.pepiniereezavin.com\/en\/wp-json\/wp\/v2\/product_cat?post=29739"},{"taxonomy":"product_tag","embeddable":true,"href":"https:\/\/staging.pepiniereezavin.com\/en\/wp-json\/wp\/v2\/product_tag?post=29739"}],"curies":[{"name":"wp","href":"https:\/\/api.w.org\/{rel}","templated":true}]}}