{"id":29746,"date":"2021-12-09T22:45:22","date_gmt":"2021-12-09T21:45:22","guid":{"rendered":"https:\/\/pepiniereezavin.fr\/?post_type=product&#038;p=29746"},"modified":"2022-05-31T09:46:59","modified_gmt":"2022-05-31T07:46:59","slug":"ornithogalum-longibracteatum","status":"publish","type":"product","link":"https:\/\/staging.pepiniereezavin.com\/en\/product\/ornithogalum-longibracteatum\/","title":{"rendered":"Ornithogalum longibracteatum"},"content":{"rendered":"<p>Bulbeuse \u00e0 longues feuilles tombantes (60\/80 cm) un peu charnues. De nombreuses bulbilles apparaissent sur l&rsquo;oignon\u00a0 principal, au dessus de la surface du sol. Floraison estivale en longs \u00e9pis dress\u00e9s couverts de petites fleurs blanches. Rustique ici depuis 15 ans. Pour endroits plut\u00f4t secs, et en surplomb pour profiter de la longueur des feuilles. Pousse tr\u00e8s bien aussi en int\u00e9rieur (pleine lumi\u00e8re). \u00a0C&rsquo;est une plante tr\u00e8s solide. NE PAS CONSOMMER. Le nom correct botanique de cette plante est <em>Albucca bracteata<\/em>.<\/p>\n<p><span style=\"text-decoration: underline;\">Hauteur adulte<\/span>\u00a0: 60\/80 cm.\u00a0<span style=\"text-decoration: underline;\">Origine g\u00e9ographique<\/span>\u00a0: Afrique du Sud.\u00a0<span style=\"text-decoration: underline;\">Persistance hiver<\/span>\u00a0: Persistant si hors gel, caduque sinon.\u00a0<span style=\"text-decoration: underline;\">Rusticit\u00e9 USDA<\/span>\u00a0: Zone 8 (Garder au sec en hiver).<\/p>","protected":false},"excerpt":{"rendered":"<p>Bulbeuse \u00e0 longues feuilles tombantes (60\/80 cm) un peu charnues. De nombreuses bulbilles apparaissent sur l&rsquo;oignon\u00a0 principal, au dessus de la surface du sol. Floraison estivale en longs \u00e9pis dress\u00e9s couverts de petites fleurs blanches. Rustique ici depuis 15 ans. Pour endroits plut\u00f4t secs, et en surplomb pour profiter de la longueur des feuilles. Pousse tr\u00e8s bien aussi en int\u00e9rieur (pleine lumi\u00e8re). \u00a0C&rsquo;est une plante tr\u00e8s solide. NE PAS CONSOMMER. Le nom correct botanique de cette plante est <em>Albucca bracteata<\/em>.<\/p>\n<p><span style=\"text-decoration: underline;\">Hauteur adulte<\/span>\u00a0: 60\/80 cm.\u00a0<span style=\"text-decoration: underline;\">Origine g\u00e9ographique<\/span>\u00a0: Afrique du Sud.\u00a0<span style=\"text-decoration: underline;\">Persistance hiver<\/span>\u00a0: Persistant si hors gel, caduque sinon.\u00a0<span style=\"text-decoration: underline;\">Rusticit\u00e9 USDA<\/span>\u00a0: Zone 8 (Garder au sec en hiver).<\/p>","protected":false},"featured_media":29771,"template":"","meta":{"site-sidebar-layout":"default","site-content-layout":"default","ast-global-header-display":"","ast-main-header-display":"","ast-hfb-above-header-display":"","ast-hfb-below-header-display":"","ast-hfb-mobile-header-display":"","site-post-title":"","ast-breadcrumbs-content":"","ast-featured-img":"","footer-sml-layout":"","theme-transparent-header-meta":"default","adv-header-id-meta":"","stick-header-meta":"default","header-above-stick-meta":"","header-main-stick-meta":"","header-below-stick-meta":""},"product_cat":[537,551,552],"product_tag":[527,558,533,534],"class_list":["post-29746","product","type-product","status-publish","has-post-thumbnail","hentry","product_cat-autres-plantes","product_cat-autres-plantes-d-interieur","product_cat-autres-plantes-pour-climat-doux","product_tag-plantes-origine-africaine","product_tag-plantes-pour-climats-doux","product_tag-plantes-pour-mur-vegetaux","product_tag-plantes-pour-ombre-seche","pa_taille-du-pot-pot-12-14-cm-diametre","desktop-align-center","tablet-align-center","mobile-align-center","ast-product-gallery-layout-horizontal","ast-product-gallery-with-no-image","ast-product-single-variable","ast-product-tabs-layout-horizontal","ast-qv-on-image"],"_links":{"self":[{"href":"https:\/\/staging.pepiniereezavin.com\/en\/wp-json\/wp\/v2\/product\/29746","targetHints":{"allow":["GET"]}}],"collection":[{"href":"https:\/\/staging.pepiniereezavin.com\/en\/wp-json\/wp\/v2\/product"}],"about":[{"href":"https:\/\/staging.pepiniereezavin.com\/en\/wp-json\/wp\/v2\/types\/product"}],"wp:featuredmedia":[{"embeddable":true,"href":"https:\/\/staging.pepiniereezavin.com\/en\/wp-json\/wp\/v2\/media\/29771"}],"wp:attachment":[{"href":"https:\/\/staging.pepiniereezavin.com\/en\/wp-json\/wp\/v2\/media?parent=29746"}],"wp:term":[{"taxonomy":"product_cat","embeddable":true,"href":"https:\/\/staging.pepiniereezavin.com\/en\/wp-json\/wp\/v2\/product_cat?post=29746"},{"taxonomy":"product_tag","embeddable":true,"href":"https:\/\/staging.pepiniereezavin.com\/en\/wp-json\/wp\/v2\/product_tag?post=29746"}],"curies":[{"name":"wp","href":"https:\/\/api.w.org\/{rel}","templated":true}]}}