{"id":29753,"date":"2021-12-09T22:45:23","date_gmt":"2021-12-09T21:45:23","guid":{"rendered":"https:\/\/pepiniereezavin.fr\/?post_type=product&#038;p=29753"},"modified":"2022-04-20T20:02:05","modified_gmt":"2022-04-20T18:02:05","slug":"phaenosperma-globosa","status":"publish","type":"product","link":"https:\/\/staging.pepiniereezavin.com\/en\/product\/phaenosperma-globosa\/","title":{"rendered":"Phaenosperma globosa"},"content":{"rendered":"<p>Cette gramin\u00e9e a des feuilles larges et un look tr\u00e8s tropical, bien qu&rsquo;elle soit totalement rustique en France. Particularit\u00e9 botanique : les\u00a0 feuilles de la plante sont toutes \u00e0 l&rsquo;envers : le p\u00e9tiole est syst\u00e9matiquement tordu dans sa longueur, pour pr\u00e9senter au ciel la face inf\u00e9rieure du limbe! tout comme les Alstromeria&#8230; Culture tr\u00e8s facile au soleil en toute bonne terre.<\/p>\n<p><span style=\"text-decoration: underline;\">Hauteur adulte<\/span>\u00a0: 100\/200 cm.\u00a0<span style=\"text-decoration: underline;\">Origine g\u00e9ographique<\/span>\u00a0: Chine, Japon, Cor\u00e9e.\u00a0<span style=\"text-decoration: underline;\">Persistance hiver<\/span>\u00a0: Semi-persistant.\u00a0<span style=\"text-decoration: underline;\">Rusticit\u00e9 USDA<\/span>\u00a0: Zone 7.<\/p>","protected":false},"excerpt":{"rendered":"<p>Cette gramin\u00e9e a des feuilles larges et un look tr\u00e8s tropical, bien qu&rsquo;elle soit totalement rustique en France. Particularit\u00e9 botanique : les\u00a0 feuilles de la plante sont toutes \u00e0 l&rsquo;envers : le p\u00e9tiole est syst\u00e9matiquement tordu dans sa longueur, pour pr\u00e9senter au ciel la face inf\u00e9rieure du limbe! tout comme les Alstromeria&#8230; Culture tr\u00e8s facile au soleil en toute bonne terre.<\/p>\n<p><span style=\"text-decoration: underline;\">Hauteur adulte<\/span>\u00a0: 100\/200 cm.\u00a0<span style=\"text-decoration: underline;\">Origine g\u00e9ographique<\/span>\u00a0: Chine, Japon, Cor\u00e9e.\u00a0<span style=\"text-decoration: underline;\">Persistance hiver<\/span>\u00a0: Semi-persistant.\u00a0<span style=\"text-decoration: underline;\">Rusticit\u00e9 USDA<\/span>\u00a0: Zone 7.<\/p>","protected":false},"featured_media":0,"template":"","meta":{"site-sidebar-layout":"default","site-content-layout":"default","ast-global-header-display":"","ast-main-header-display":"","ast-hfb-above-header-display":"","ast-hfb-below-header-display":"","ast-hfb-mobile-header-display":"","site-post-title":"","ast-breadcrumbs-content":"","ast-featured-img":"","footer-sml-layout":"","theme-transparent-header-meta":"default","adv-header-id-meta":"","stick-header-meta":"default","header-above-stick-meta":"","header-main-stick-meta":"","header-below-stick-meta":""},"product_cat":[537,552,553],"product_tag":[529,558,559,533],"class_list":["post-29753","product","type-product","status-publish","hentry","product_cat-autres-plantes","product_cat-autres-plantes-pour-climat-doux","product_cat-autres-plantes-pour-climat-frais","product_tag-plantes-origine-asiatique","product_tag-plantes-pour-climats-doux","product_tag-plantes-pour-climats-frais","product_tag-plantes-pour-mur-vegetaux","pa_taille-du-pot-pot-12-14-cm-diametre","desktop-align-center","tablet-align-center","mobile-align-center","ast-product-gallery-layout-horizontal","ast-product-gallery-with-no-image","ast-product-single-variable","ast-product-tabs-layout-horizontal","ast-qv-on-image"],"_links":{"self":[{"href":"https:\/\/staging.pepiniereezavin.com\/en\/wp-json\/wp\/v2\/product\/29753","targetHints":{"allow":["GET"]}}],"collection":[{"href":"https:\/\/staging.pepiniereezavin.com\/en\/wp-json\/wp\/v2\/product"}],"about":[{"href":"https:\/\/staging.pepiniereezavin.com\/en\/wp-json\/wp\/v2\/types\/product"}],"wp:attachment":[{"href":"https:\/\/staging.pepiniereezavin.com\/en\/wp-json\/wp\/v2\/media?parent=29753"}],"wp:term":[{"taxonomy":"product_cat","embeddable":true,"href":"https:\/\/staging.pepiniereezavin.com\/en\/wp-json\/wp\/v2\/product_cat?post=29753"},{"taxonomy":"product_tag","embeddable":true,"href":"https:\/\/staging.pepiniereezavin.com\/en\/wp-json\/wp\/v2\/product_tag?post=29753"}],"curies":[{"name":"wp","href":"https:\/\/api.w.org\/{rel}","templated":true}]}}