{"id":29779,"date":"2021-12-09T22:45:39","date_gmt":"2021-12-09T21:45:39","guid":{"rendered":"https:\/\/pepiniereezavin.fr\/?post_type=product&#038;p=29779"},"modified":"2022-04-21T08:17:44","modified_gmt":"2022-04-21T06:17:44","slug":"pilea-angulata-subsp-petiolaris-pb-96-1074","status":"publish","type":"product","link":"https:\/\/staging.pepiniereezavin.com\/en\/product\/pilea-angulata-subsp-petiolaris-pb-96-1074\/","title":{"rendered":"Pilea angulata subsp. petiolaris &#8211; PB 96-1074"},"content":{"rendered":"<p>Tr\u00e8s vigoureux couvre sol d&rsquo;ombre drageonnant. Feuilles luisantes vert clair sur tiges dress\u00e9es de 20 \u00e0 40 cm de haut. Adapt\u00e9e pour coloniser un sous-bois, o\u00f9 son feuillage vert clair illuminera l&rsquo;atmosph\u00e8re. \u00a0Tr\u00e8s bien aussi en pot en v\u00e9randa, ou alors sur un mur v\u00e9g\u00e9tal, d&rsquo;int\u00e9rieur ou d&rsquo;ext\u00e9rieur.<\/p>\n<p><span style=\"text-decoration: underline;\">Hauteur adulte<\/span>\u00a0: 40\/60 cm.\u00a0<span style=\"text-decoration: underline;\">Origine g\u00e9ographique<\/span>\u00a0: Japon.\u00a0<span style=\"text-decoration: underline;\">Persistance hiver<\/span>\u00a0: Caduque.\u00a0<span style=\"text-decoration: underline;\">Rusticit\u00e9 USDA<\/span> : Zone 7 (-17.8\u00b0C\/-12.2\u00b0C).<\/p>","protected":false},"excerpt":{"rendered":"<p>Tr\u00e8s vigoureux couvre sol d&rsquo;ombre drageonnant. Feuilles luisantes vert clair sur tiges dress\u00e9es de 20 \u00e0 40 cm de haut. Adapt\u00e9e pour coloniser un sous-bois, o\u00f9 son feuillage vert clair illuminera l&rsquo;atmosph\u00e8re. \u00a0Tr\u00e8s bien aussi en pot en v\u00e9randa, ou alors sur un mur v\u00e9g\u00e9tal, d&rsquo;int\u00e9rieur ou d&rsquo;ext\u00e9rieur.<\/p>\n<p><span style=\"text-decoration: underline;\">Hauteur adulte<\/span>\u00a0: 40\/60 cm.\u00a0<span style=\"text-decoration: underline;\">Origine g\u00e9ographique<\/span>\u00a0: Japon.\u00a0<span style=\"text-decoration: underline;\">Persistance hiver<\/span>\u00a0: Caduque.\u00a0<span style=\"text-decoration: underline;\">Rusticit\u00e9 USDA<\/span> : Zone 7 (-17.8\u00b0C\/-12.2\u00b0C).<\/p>","protected":false},"featured_media":29809,"template":"","meta":{"site-sidebar-layout":"default","site-content-layout":"default","ast-global-header-display":"","ast-main-header-display":"","ast-hfb-above-header-display":"","ast-hfb-below-header-display":"","ast-hfb-mobile-header-display":"","site-post-title":"","ast-breadcrumbs-content":"","ast-featured-img":"","footer-sml-layout":"","theme-transparent-header-meta":"default","adv-header-id-meta":"","stick-header-meta":"default","header-above-stick-meta":"","header-main-stick-meta":"","header-below-stick-meta":""},"product_cat":[537,554,552,553],"product_tag":[524,526,529,532,558,559,533],"class_list":["post-29779","product","type-product","status-publish","has-post-thumbnail","hentry","product_cat-autres-plantes","product_cat-autres-plantes-pour-terrarium","product_cat-autres-plantes-pour-climat-doux","product_cat-autres-plantes-pour-climat-frais","product_tag-plantes-famille-urticaceae","product_tag-plantes-couvre-sol","product_tag-plantes-origine-asiatique","product_tag-plantes-pour-berges","product_tag-plantes-pour-climats-doux","product_tag-plantes-pour-climats-frais","product_tag-plantes-pour-mur-vegetaux","pa_taille-du-pot-pot-10-cm-diametre","desktop-align-center","tablet-align-center","mobile-align-center","ast-product-gallery-layout-horizontal","ast-product-gallery-with-no-image","ast-product-single-variable","ast-product-tabs-layout-horizontal","ast-qv-on-image"],"_links":{"self":[{"href":"https:\/\/staging.pepiniereezavin.com\/en\/wp-json\/wp\/v2\/product\/29779","targetHints":{"allow":["GET"]}}],"collection":[{"href":"https:\/\/staging.pepiniereezavin.com\/en\/wp-json\/wp\/v2\/product"}],"about":[{"href":"https:\/\/staging.pepiniereezavin.com\/en\/wp-json\/wp\/v2\/types\/product"}],"wp:featuredmedia":[{"embeddable":true,"href":"https:\/\/staging.pepiniereezavin.com\/en\/wp-json\/wp\/v2\/media\/29809"}],"wp:attachment":[{"href":"https:\/\/staging.pepiniereezavin.com\/en\/wp-json\/wp\/v2\/media?parent=29779"}],"wp:term":[{"taxonomy":"product_cat","embeddable":true,"href":"https:\/\/staging.pepiniereezavin.com\/en\/wp-json\/wp\/v2\/product_cat?post=29779"},{"taxonomy":"product_tag","embeddable":true,"href":"https:\/\/staging.pepiniereezavin.com\/en\/wp-json\/wp\/v2\/product_tag?post=29779"}],"curies":[{"name":"wp","href":"https:\/\/api.w.org\/{rel}","templated":true}]}}