{"id":29783,"date":"2021-12-09T22:45:39","date_gmt":"2021-12-09T21:45:39","guid":{"rendered":"https:\/\/pepiniereezavin.fr\/?post_type=product&#038;p=29783"},"modified":"2022-10-21T09:38:01","modified_gmt":"2022-10-21T07:38:01","slug":"pilea-peperomioides","status":"publish","type":"product","link":"https:\/\/staging.pepiniereezavin.com\/en\/product\/pilea-peperomioides\/","title":{"rendered":"Pilea peperomioides"},"content":{"rendered":"<p>Ce <em>Pilea<\/em> ne ressemble pas aux autres : avec ses feuilles rondes pelt\u00e9es \u00e0 texture grasse, il fait soit penser au \u201cnombril de V\u00e9nus\u201d, soit \u00e0 un petit n\u00e9nuphar.\u00a0Cette excellente plante d&rsquo;int\u00e9rieur est originale et \u00a0<strong>peu exigeante<\/strong>\u00a0: A installer dans un endroit sans soleil direct, elle orientera ses feuilles vers la source de lumi\u00e8re. Pour l&rsquo;arrosage, une fois par semaine suffit : quand le substrat s\u00e8che un peu en surface, c&rsquo;est le moment de l&rsquo;arroser, toujours parcimonieusement! Possible en ext\u00e9rieur en climat doux (hors gel), garder alors au sec en hiver.<\/p>\n<p><span style=\"text-decoration: underline;\">Hauteur adulte<\/span>\u00a0: 40\/60 cm. Retombant quand en pot, mais croissance lente.\u00a0<span style=\"text-decoration: underline;\">Origine g\u00e9ographique<\/span>\u00a0: Chine (Yunnan). <span style=\"text-decoration: underline;\">Persistance hiver<\/span>\u00a0: Persistante.\u00a0<span style=\"text-decoration: underline;\">Rusticit\u00e9 USDA<\/span>\u00a0: Zone 9.<\/p>","protected":false},"excerpt":{"rendered":"<p>Ce <em>Pilea<\/em> ne ressemble pas aux autres : avec ses feuilles rondes pelt\u00e9es \u00e0 texture grasse, il fait soit penser au \u201cnombril de V\u00e9nus\u201d, soit \u00e0 un petit n\u00e9nuphar.\u00a0Cette excellente plante d&rsquo;int\u00e9rieur est originale et \u00a0<strong>peu exigeante<\/strong>\u00a0: A installer dans un endroit sans soleil direct, elle orientera ses feuilles vers la source de lumi\u00e8re. Pour l&rsquo;arrosage, une fois par semaine suffit : quand le substrat s\u00e8che un peu en surface, c&rsquo;est le moment de l&rsquo;arroser, toujours parcimonieusement! Possible en ext\u00e9rieur en climat doux (hors gel), garder alors au sec en hiver.<\/p>\n<p><span style=\"text-decoration: underline;\">Hauteur adulte<\/span>\u00a0: 40\/60 cm. Retombant quand en pot, mais croissance lente.\u00a0<span style=\"text-decoration: underline;\">Origine g\u00e9ographique<\/span>\u00a0: Chine (Yunnan). <span style=\"text-decoration: underline;\">Persistance hiver<\/span>\u00a0: Persistante.\u00a0<span style=\"text-decoration: underline;\">Rusticit\u00e9 USDA<\/span>\u00a0: Zone 9.<\/p>","protected":false},"featured_media":29813,"template":"","meta":{"site-sidebar-layout":"default","site-content-layout":"default","ast-global-header-display":"","ast-main-header-display":"","ast-hfb-above-header-display":"","ast-hfb-below-header-display":"","ast-hfb-mobile-header-display":"","site-post-title":"","ast-breadcrumbs-content":"","ast-featured-img":"","footer-sml-layout":"","theme-transparent-header-meta":"default","adv-header-id-meta":"","stick-header-meta":"default","header-above-stick-meta":"","header-main-stick-meta":"","header-below-stick-meta":""},"product_cat":[537,551,554],"product_tag":[524,526,529,556,533,534,557],"class_list":["post-29783","product","type-product","status-publish","has-post-thumbnail","hentry","product_cat-autres-plantes","product_cat-autres-plantes-d-interieur","product_cat-autres-plantes-pour-terrarium","product_tag-plantes-famille-urticaceae","product_tag-plantes-couvre-sol","product_tag-plantes-origine-asiatique","product_tag-plantes-pour-interieur","product_tag-plantes-pour-mur-vegetaux","product_tag-plantes-pour-ombre-seche","product_tag-plantes-pour-terrarium","pa_taille-du-pot-pot-12-14-cm-diametre","desktop-align-center","tablet-align-center","mobile-align-center","ast-product-gallery-layout-horizontal","ast-product-single-variable","ast-product-tabs-layout-horizontal","ast-qv-on-image"],"_links":{"self":[{"href":"https:\/\/staging.pepiniereezavin.com\/en\/wp-json\/wp\/v2\/product\/29783","targetHints":{"allow":["GET"]}}],"collection":[{"href":"https:\/\/staging.pepiniereezavin.com\/en\/wp-json\/wp\/v2\/product"}],"about":[{"href":"https:\/\/staging.pepiniereezavin.com\/en\/wp-json\/wp\/v2\/types\/product"}],"wp:featuredmedia":[{"embeddable":true,"href":"https:\/\/staging.pepiniereezavin.com\/en\/wp-json\/wp\/v2\/media\/29813"}],"wp:attachment":[{"href":"https:\/\/staging.pepiniereezavin.com\/en\/wp-json\/wp\/v2\/media?parent=29783"}],"wp:term":[{"taxonomy":"product_cat","embeddable":true,"href":"https:\/\/staging.pepiniereezavin.com\/en\/wp-json\/wp\/v2\/product_cat?post=29783"},{"taxonomy":"product_tag","embeddable":true,"href":"https:\/\/staging.pepiniereezavin.com\/en\/wp-json\/wp\/v2\/product_tag?post=29783"}],"curies":[{"name":"wp","href":"https:\/\/api.w.org\/{rel}","templated":true}]}}