{"id":29784,"date":"2021-12-09T22:45:39","date_gmt":"2021-12-09T21:45:39","guid":{"rendered":"https:\/\/pepiniereezavin.fr\/?post_type=product&#038;p=29784"},"modified":"2022-11-02T13:53:55","modified_gmt":"2022-11-02T12:53:55","slug":"pilea-plataniflora-glossy-pb-09-1235","status":"publish","type":"product","link":"https:\/\/staging.pepiniereezavin.com\/en\/product\/pilea-plataniflora-glossy-pb-09-1235\/","title":{"rendered":"Pilea plataniflora &lsquo;Glossy&rsquo; PB 09-1235"},"content":{"rendered":"<p>Comme <em>Pilea peperomioides<\/em>, cette souche de <em>Pilea plataniflora<\/em> a des feuilles grasses, brillantes, et tr\u00e8s nervur\u00e9es. Il forme un buisson gracieux de tiges dress\u00e9es et recourb\u00e9es \u00e0 leurs pointes. Forme tr\u00e8s originale. Rustique -8\u00b0C ici depuis plusieurs ann\u00e9es. Test\u00e9 avec succ\u00e8s en int\u00e9rieur, c&rsquo;est \u00a0une plante facile, demandant peu d&rsquo;arrosage et d&rsquo;entretien.<\/p>\n<p><span style=\"text-decoration: underline;\">Hauteur adulte<\/span>\u00a0: 40\/60 cm.\u00a0<span style=\"text-decoration: underline;\">Origine g\u00e9ographique<\/span>\u00a0: Ta\u00efwan.\u00a0<span style=\"text-decoration: underline;\">Persistance hiver<\/span>\u00a0: Persistante en int\u00e9rieur, caduque en ext\u00e9rieur.\u00a0<span style=\"text-decoration: underline;\">Rusticit\u00e9 USDA<\/span>\u00a0: Zone 8.<\/p>\n<p>&nbsp;<\/p>","protected":false},"excerpt":{"rendered":"<p>Comme <em>Pilea peperomioides<\/em>, cette souche de <em>Pilea plataniflora<\/em> a des feuilles grasses, brillantes, et tr\u00e8s nervur\u00e9es. Il forme un buisson gracieux de tiges dress\u00e9es et recourb\u00e9es \u00e0 leurs pointes. Forme tr\u00e8s originale. Rustique -8\u00b0C ici depuis plusieurs ann\u00e9es. Test\u00e9 avec succ\u00e8s en int\u00e9rieur, c&rsquo;est \u00a0une plante facile, demandant peu d&rsquo;arrosage et d&rsquo;entretien.<\/p>\n<p><span style=\"text-decoration: underline;\">Hauteur adulte<\/span>\u00a0: 40\/60 cm.\u00a0<span style=\"text-decoration: underline;\">Origine g\u00e9ographique<\/span>\u00a0: Ta\u00efwan.\u00a0<span style=\"text-decoration: underline;\">Persistance hiver<\/span>\u00a0: Persistante en int\u00e9rieur, caduque en ext\u00e9rieur.\u00a0<span style=\"text-decoration: underline;\">Rusticit\u00e9 USDA<\/span>\u00a0: Zone 8.<\/p>\n<p>&nbsp;<\/p>","protected":false},"featured_media":29815,"template":"","meta":{"site-sidebar-layout":"default","site-content-layout":"default","ast-global-header-display":"","ast-main-header-display":"","ast-hfb-above-header-display":"","ast-hfb-below-header-display":"","ast-hfb-mobile-header-display":"","site-post-title":"","ast-breadcrumbs-content":"","ast-featured-img":"","footer-sml-layout":"","theme-transparent-header-meta":"default","adv-header-id-meta":"","stick-header-meta":"default","header-above-stick-meta":"","header-main-stick-meta":"","header-below-stick-meta":""},"product_cat":[537,551,552],"product_tag":[524,526,529,556,558,533],"class_list":["post-29784","product","type-product","status-publish","has-post-thumbnail","hentry","product_cat-autres-plantes","product_cat-autres-plantes-d-interieur","product_cat-autres-plantes-pour-climat-doux","product_tag-plantes-famille-urticaceae","product_tag-plantes-couvre-sol","product_tag-plantes-origine-asiatique","product_tag-plantes-pour-interieur","product_tag-plantes-pour-climats-doux","product_tag-plantes-pour-mur-vegetaux","pa_taille-du-pot-pot-12-14-cm-diametre","desktop-align-center","tablet-align-center","mobile-align-center","ast-product-gallery-layout-horizontal","ast-product-single-variable","ast-product-tabs-layout-horizontal","ast-qv-on-image"],"_links":{"self":[{"href":"https:\/\/staging.pepiniereezavin.com\/en\/wp-json\/wp\/v2\/product\/29784","targetHints":{"allow":["GET"]}}],"collection":[{"href":"https:\/\/staging.pepiniereezavin.com\/en\/wp-json\/wp\/v2\/product"}],"about":[{"href":"https:\/\/staging.pepiniereezavin.com\/en\/wp-json\/wp\/v2\/types\/product"}],"wp:featuredmedia":[{"embeddable":true,"href":"https:\/\/staging.pepiniereezavin.com\/en\/wp-json\/wp\/v2\/media\/29815"}],"wp:attachment":[{"href":"https:\/\/staging.pepiniereezavin.com\/en\/wp-json\/wp\/v2\/media?parent=29784"}],"wp:term":[{"taxonomy":"product_cat","embeddable":true,"href":"https:\/\/staging.pepiniereezavin.com\/en\/wp-json\/wp\/v2\/product_cat?post=29784"},{"taxonomy":"product_tag","embeddable":true,"href":"https:\/\/staging.pepiniereezavin.com\/en\/wp-json\/wp\/v2\/product_tag?post=29784"}],"curies":[{"name":"wp","href":"https:\/\/api.w.org\/{rel}","templated":true}]}}