{"id":29786,"date":"2021-12-09T22:45:39","date_gmt":"2021-12-09T21:45:39","guid":{"rendered":"https:\/\/pepiniereezavin.fr\/?post_type=product&#038;p=29786"},"modified":"2022-05-05T15:21:45","modified_gmt":"2022-05-05T13:21:45","slug":"pilea-scripta-pb-02-520","status":"publish","type":"product","link":"https:\/\/staging.pepiniereezavin.com\/en\/product\/pilea-scripta-pb-02-520\/","title":{"rendered":"Pilea scripta PB 02-520"},"content":{"rendered":"<p>Originaire du Bengale occidental, ce buisson herbac\u00e9 d&rsquo;altituse (1500m) a des\u00a0<strong>feuilles asym\u00e9triques<\/strong>\u00a0et\u00a0<strong>tr\u00e8s effil\u00e9es<\/strong>, qui\u00a0donnent beaucoup\u00a0<strong>d&rsquo;\u00e9l\u00e9gance<\/strong>\u00a0\u00e0 cette esp\u00e8ce vigoureuse aussi bien \u00e0 l&rsquo;int\u00e9rieur que dehors. Splendide en rocaille, ou en mur v\u00e9g\u00e9tal, o\u00f9 les rameaux deviennent\u00a0horizontaux (plagiotropes). Culture tr\u00e8s facile. Rustique ici depuis 15 ans, il forme une touffe de 70 cm par 1 m d&rsquo;\u00e9talement.<\/p>\n<p><span style=\"text-decoration: underline;\">Hauteur adulte<\/span>\u00a0: 60\/80 cm.\u00a0<span style=\"text-decoration: underline;\">Origine g\u00e9ographique<\/span>\u00a0: Inde.\u00a0<span style=\"text-decoration: underline;\">Persistance hiver<\/span>\u00a0: Caduque.\u00a0<span style=\"text-decoration: underline;\">Rusticit\u00e9 USDA<\/span>\u00a0:\u00a0Zone 8 (-12.2\u00b0C\/-6.7\u00b0C).<\/p>\n<p>&nbsp;<\/p>","protected":false},"excerpt":{"rendered":"<p>Originaire du Bengale occidental, ce buisson herbac\u00e9 d&rsquo;altituse (1500m) a des\u00a0<strong>feuilles asym\u00e9triques<\/strong>\u00a0et\u00a0<strong>tr\u00e8s effil\u00e9es<\/strong>, qui\u00a0donnent beaucoup\u00a0<strong>d&rsquo;\u00e9l\u00e9gance<\/strong>\u00a0\u00e0 cette esp\u00e8ce vigoureuse aussi bien \u00e0 l&rsquo;int\u00e9rieur que dehors. Splendide en rocaille, ou en mur v\u00e9g\u00e9tal, o\u00f9 les rameaux deviennent\u00a0horizontaux (plagiotropes). Culture tr\u00e8s facile. Rustique ici depuis 15 ans, il forme une touffe de 70 cm par 1 m d&rsquo;\u00e9talement.<\/p>\n<p><span style=\"text-decoration: underline;\">Hauteur adulte<\/span>\u00a0: 60\/80 cm.\u00a0<span style=\"text-decoration: underline;\">Origine g\u00e9ographique<\/span>\u00a0: Inde.\u00a0<span style=\"text-decoration: underline;\">Persistance hiver<\/span>\u00a0: Caduque.\u00a0<span style=\"text-decoration: underline;\">Rusticit\u00e9 USDA<\/span>\u00a0:\u00a0Zone 8 (-12.2\u00b0C\/-6.7\u00b0C).<\/p>\n<p>&nbsp;<\/p>","protected":false},"featured_media":29818,"template":"","meta":{"site-sidebar-layout":"default","site-content-layout":"default","ast-global-header-display":"","ast-main-header-display":"","ast-hfb-above-header-display":"","ast-hfb-below-header-display":"","ast-hfb-mobile-header-display":"","site-post-title":"","ast-breadcrumbs-content":"","ast-featured-img":"","footer-sml-layout":"","theme-transparent-header-meta":"default","adv-header-id-meta":"","stick-header-meta":"default","header-above-stick-meta":"","header-main-stick-meta":"","header-below-stick-meta":""},"product_cat":[537,551,552],"product_tag":[524,526,529,532,556,558,533],"class_list":["post-29786","product","type-product","status-publish","has-post-thumbnail","hentry","product_cat-autres-plantes","product_cat-autres-plantes-d-interieur","product_cat-autres-plantes-pour-climat-doux","product_tag-plantes-famille-urticaceae","product_tag-plantes-couvre-sol","product_tag-plantes-origine-asiatique","product_tag-plantes-pour-berges","product_tag-plantes-pour-interieur","product_tag-plantes-pour-climats-doux","product_tag-plantes-pour-mur-vegetaux","pa_taille-du-pot-pot-12-14-cm-diametre","desktop-align-center","tablet-align-center","mobile-align-center","ast-product-gallery-layout-horizontal","ast-product-gallery-with-no-image","ast-product-single-variable","ast-product-tabs-layout-horizontal","ast-qv-on-image"],"_links":{"self":[{"href":"https:\/\/staging.pepiniereezavin.com\/en\/wp-json\/wp\/v2\/product\/29786","targetHints":{"allow":["GET"]}}],"collection":[{"href":"https:\/\/staging.pepiniereezavin.com\/en\/wp-json\/wp\/v2\/product"}],"about":[{"href":"https:\/\/staging.pepiniereezavin.com\/en\/wp-json\/wp\/v2\/types\/product"}],"wp:featuredmedia":[{"embeddable":true,"href":"https:\/\/staging.pepiniereezavin.com\/en\/wp-json\/wp\/v2\/media\/29818"}],"wp:attachment":[{"href":"https:\/\/staging.pepiniereezavin.com\/en\/wp-json\/wp\/v2\/media?parent=29786"}],"wp:term":[{"taxonomy":"product_cat","embeddable":true,"href":"https:\/\/staging.pepiniereezavin.com\/en\/wp-json\/wp\/v2\/product_cat?post=29786"},{"taxonomy":"product_tag","embeddable":true,"href":"https:\/\/staging.pepiniereezavin.com\/en\/wp-json\/wp\/v2\/product_tag?post=29786"}],"curies":[{"name":"wp","href":"https:\/\/api.w.org\/{rel}","templated":true}]}}