{"id":29789,"date":"2021-12-09T22:45:40","date_gmt":"2021-12-09T21:45:40","guid":{"rendered":"https:\/\/pepiniereezavin.fr\/?post_type=product&#038;p=29789"},"modified":"2022-07-29T07:56:17","modified_gmt":"2022-07-29T05:56:17","slug":"piper-kadsura","status":"publish","type":"product","link":"https:\/\/staging.pepiniereezavin.com\/en\/product\/piper-kadsura\/","title":{"rendered":"Piper kadsura"},"content":{"rendered":"<p>Ce poivrier est une plante grimpante ou retombante, \u00e0 fort d\u00e9veloppement estival. Garder hors gel. Fruits comestibles (quand il fructifie!). Parfait en v\u00e9randa, au pieds d&rsquo;un oranger par exemple, dans lequel il pourra grimper. Supporte les hivers quasi hors gel (gard\u00e9 au sec), et refait de nouvelles feuilles d\u00e8s le printemps.<\/p>\n<p><span style=\"text-decoration: underline;\">Hauteur adulte<\/span>\u00a0: 60\/80\u00a0cm.\u00a0<span style=\"text-decoration: underline;\">Origine g\u00e9ographique<\/span>\u00a0: Inde et Sri-Lanka.\u00a0<span style=\"text-decoration: underline;\">Persistance hiver<\/span>\u00a0: Persistant. Garder hors gel.\u00a0<span style=\"text-decoration: underline;\">Rusticit\u00e9 USDA<\/span>\u00a0: Zone 10 (-1.1\u00b0C\/+4.4\u00b0C).<\/p>\n<p>&nbsp;<\/p>","protected":false},"excerpt":{"rendered":"<p>Ce poivrier est une plante grimpante ou retombante, \u00e0 fort d\u00e9veloppement estival. Garder hors gel. Fruits comestibles (quand il fructifie!). Parfait en v\u00e9randa, au pieds d&rsquo;un oranger par exemple, dans lequel il pourra grimper. Supporte les hivers quasi hors gel (gard\u00e9 au sec), et refait de nouvelles feuilles d\u00e8s le printemps.<\/p>\n<p><span style=\"text-decoration: underline;\">Hauteur adulte<\/span>\u00a0: 60\/80\u00a0cm.\u00a0<span style=\"text-decoration: underline;\">Origine g\u00e9ographique<\/span>\u00a0: Inde et Sri-Lanka.\u00a0<span style=\"text-decoration: underline;\">Persistance hiver<\/span>\u00a0: Persistant. Garder hors gel.\u00a0<span style=\"text-decoration: underline;\">Rusticit\u00e9 USDA<\/span>\u00a0: Zone 10 (-1.1\u00b0C\/+4.4\u00b0C).<\/p>\n<p>&nbsp;<\/p>","protected":false},"featured_media":29823,"template":"","meta":{"site-sidebar-layout":"default","site-content-layout":"default","ast-global-header-display":"","ast-main-header-display":"","ast-hfb-above-header-display":"","ast-hfb-below-header-display":"","ast-hfb-mobile-header-display":"","site-post-title":"","ast-breadcrumbs-content":"","ast-featured-img":"","footer-sml-layout":"","theme-transparent-header-meta":"default","adv-header-id-meta":"","stick-header-meta":"default","header-above-stick-meta":"","header-main-stick-meta":"","header-below-stick-meta":""},"product_cat":[537,551,554],"product_tag":[526,529,556,533,557],"class_list":["post-29789","product","type-product","status-publish","has-post-thumbnail","hentry","product_cat-autres-plantes","product_cat-autres-plantes-d-interieur","product_cat-autres-plantes-pour-terrarium","product_tag-plantes-couvre-sol","product_tag-plantes-origine-asiatique","product_tag-plantes-pour-interieur","product_tag-plantes-pour-mur-vegetaux","product_tag-plantes-pour-terrarium","pa_taille-du-pot-pot-10-12-cm-diametre","desktop-align-center","tablet-align-center","mobile-align-center","ast-product-gallery-layout-horizontal","ast-product-gallery-with-no-image","ast-product-single-variable","ast-product-tabs-layout-horizontal","ast-qv-on-image"],"_links":{"self":[{"href":"https:\/\/staging.pepiniereezavin.com\/en\/wp-json\/wp\/v2\/product\/29789","targetHints":{"allow":["GET"]}}],"collection":[{"href":"https:\/\/staging.pepiniereezavin.com\/en\/wp-json\/wp\/v2\/product"}],"about":[{"href":"https:\/\/staging.pepiniereezavin.com\/en\/wp-json\/wp\/v2\/types\/product"}],"wp:featuredmedia":[{"embeddable":true,"href":"https:\/\/staging.pepiniereezavin.com\/en\/wp-json\/wp\/v2\/media\/29823"}],"wp:attachment":[{"href":"https:\/\/staging.pepiniereezavin.com\/en\/wp-json\/wp\/v2\/media?parent=29789"}],"wp:term":[{"taxonomy":"product_cat","embeddable":true,"href":"https:\/\/staging.pepiniereezavin.com\/en\/wp-json\/wp\/v2\/product_cat?post=29789"},{"taxonomy":"product_tag","embeddable":true,"href":"https:\/\/staging.pepiniereezavin.com\/en\/wp-json\/wp\/v2\/product_tag?post=29789"}],"curies":[{"name":"wp","href":"https:\/\/api.w.org\/{rel}","templated":true}]}}