{"id":29791,"date":"2021-12-09T22:45:40","date_gmt":"2021-12-09T21:45:40","guid":{"rendered":"https:\/\/pepiniereezavin.fr\/?post_type=product&#038;p=29791"},"modified":"2022-09-24T17:29:16","modified_gmt":"2022-09-24T15:29:16","slug":"pollia-omeiensis","status":"publish","type":"product","link":"https:\/\/staging.pepiniereezavin.com\/en\/product\/pollia-omeiensis\/","title":{"rendered":"Pollia omeiensis"},"content":{"rendered":"<p>Originaire du mont Ome (1600m d&rsquo;altitude) \u00e0 cot\u00e9 de Tokyo, cette herbe drageonnante (stolons nombreux)\u00a0vous enchantera par ses rosettes de feuilles ondul\u00e9es et ses fleurs blanches printani\u00e8res, suivies de fruits ressemblant \u00e0 des perles de couleur bronze.\u00a0Culture facile en bonne terre fra\u00eeche. Excellente plante tapissante pour mur v\u00e9g\u00e9tal.<\/p>\n<p><span style=\"text-decoration: underline;\">Hauteur adulte<\/span>\u00a0: 20\/40 cm. <span style=\"text-decoration: underline;\">Origine g\u00e9ographique<\/span>\u00a0: Japon. <span style=\"text-decoration: underline;\">Persistance hiver<\/span>\u00a0: Caduque. <span style=\"text-decoration: underline;\">Rusticit\u00e9 USDA<\/span>\u00a0: Zone 7\/8.<\/p>\n<p>&nbsp;<\/p>","protected":false},"excerpt":{"rendered":"<p>Originaire du mont Ome (1600m d&rsquo;altitude) \u00e0 cot\u00e9 de Tokyo, cette herbe drageonnante (stolons nombreux)\u00a0vous enchantera par ses rosettes de feuilles ondul\u00e9es et ses fleurs blanches printani\u00e8res, suivies de fruits ressemblant \u00e0 des perles de couleur bronze.\u00a0Culture facile en bonne terre fra\u00eeche. Excellente plante tapissante pour mur v\u00e9g\u00e9tal.<\/p>\n<p><span style=\"text-decoration: underline;\">Hauteur adulte<\/span>\u00a0: 20\/40 cm. <span style=\"text-decoration: underline;\">Origine g\u00e9ographique<\/span>\u00a0: Japon. <span style=\"text-decoration: underline;\">Persistance hiver<\/span>\u00a0: Caduque. <span style=\"text-decoration: underline;\">Rusticit\u00e9 USDA<\/span>\u00a0: Zone 7\/8.<\/p>\n<p>&nbsp;<\/p>","protected":false},"featured_media":29825,"template":"","meta":{"site-sidebar-layout":"default","site-content-layout":"default","ast-global-header-display":"","ast-main-header-display":"","ast-hfb-above-header-display":"","ast-hfb-below-header-display":"","ast-hfb-mobile-header-display":"","site-post-title":"","ast-breadcrumbs-content":"","ast-featured-img":"","footer-sml-layout":"","theme-transparent-header-meta":"","adv-header-id-meta":"","stick-header-meta":"","header-above-stick-meta":"","header-main-stick-meta":"","header-below-stick-meta":""},"product_cat":[537,551,552],"product_tag":[522,526,529,532,556,558,533],"class_list":["post-29791","product","type-product","status-publish","has-post-thumbnail","hentry","product_cat-autres-plantes","product_cat-autres-plantes-d-interieur","product_cat-autres-plantes-pour-climat-doux","product_tag-plantes-famille-commelinacees","product_tag-plantes-couvre-sol","product_tag-plantes-origine-asiatique","product_tag-plantes-pour-berges","product_tag-plantes-pour-interieur","product_tag-plantes-pour-climats-doux","product_tag-plantes-pour-mur-vegetaux","pa_taille-du-pot-pot-12-14-cm-diametre","desktop-align-center","tablet-align-center","mobile-align-center","ast-product-gallery-layout-horizontal","ast-product-gallery-with-no-image","ast-product-single-variable","ast-product-tabs-layout-horizontal","ast-qv-on-image"],"_links":{"self":[{"href":"https:\/\/staging.pepiniereezavin.com\/en\/wp-json\/wp\/v2\/product\/29791","targetHints":{"allow":["GET"]}}],"collection":[{"href":"https:\/\/staging.pepiniereezavin.com\/en\/wp-json\/wp\/v2\/product"}],"about":[{"href":"https:\/\/staging.pepiniereezavin.com\/en\/wp-json\/wp\/v2\/types\/product"}],"wp:featuredmedia":[{"embeddable":true,"href":"https:\/\/staging.pepiniereezavin.com\/en\/wp-json\/wp\/v2\/media\/29825"}],"wp:attachment":[{"href":"https:\/\/staging.pepiniereezavin.com\/en\/wp-json\/wp\/v2\/media?parent=29791"}],"wp:term":[{"taxonomy":"product_cat","embeddable":true,"href":"https:\/\/staging.pepiniereezavin.com\/en\/wp-json\/wp\/v2\/product_cat?post=29791"},{"taxonomy":"product_tag","embeddable":true,"href":"https:\/\/staging.pepiniereezavin.com\/en\/wp-json\/wp\/v2\/product_tag?post=29791"}],"curies":[{"name":"wp","href":"https:\/\/api.w.org\/{rel}","templated":true}]}}