{"id":29795,"date":"2021-12-09T22:45:40","date_gmt":"2021-12-09T21:45:40","guid":{"rendered":"https:\/\/pepiniereezavin.fr\/?post_type=product&#038;p=29795"},"modified":"2022-11-24T19:27:49","modified_gmt":"2022-11-24T18:27:49","slug":"pseuderanthemum-alatum","status":"publish","type":"product","link":"https:\/\/staging.pepiniereezavin.com\/en\/product\/pseuderanthemum-alatum\/","title":{"rendered":"Pseuderanthemum alatum"},"content":{"rendered":"<p>La <strong>\u00ab\u00a0plante chocolat\u00a0\u00bb<\/strong> nous vient du Mexique, et surprend assur\u00e9ment lorsqu&rsquo;on la d\u00e9couvre! Cette cousine des acanthes\u00a0 m\u00e9diterran\u00e9ennes forme de basses touffes de larges feuilles ovales, et totalement marron! Des macules argent\u00e9es marbrent la nervure m\u00e9diane.\u00a0 Les fleurs violettes, petites, sont organis\u00e9es en \u00e9pis terminaux. Plante facile \u00e0 cultiver en int\u00e9rieur, \u00e0 l&rsquo;ombre, serre ou v\u00e9randa. Craint le gel.<\/p>\n<p><span style=\"text-decoration: underline;\">Hauteur adulte<\/span>\u00a0: 40\/60 cm. Port en boule.\u00a0<span style=\"text-decoration: underline;\">Origine g\u00e9ographique<\/span>\u00a0: Mexique.\u00a0<span style=\"text-decoration: underline;\">Persistance hiver<\/span>\u00a0: Persistant.\u00a0<span style=\"text-decoration: underline;\">Rusticit\u00e9 USDA<\/span>\u00a0: Zone 9.<\/p>","protected":false},"excerpt":{"rendered":"<p>La <strong>\u00ab\u00a0plante chocolat\u00a0\u00bb<\/strong> nous vient du Mexique, et surprend assur\u00e9ment lorsqu&rsquo;on la d\u00e9couvre! Cette cousine des acanthes\u00a0 m\u00e9diterran\u00e9ennes forme de basses touffes de larges feuilles ovales, et totalement marron! Des macules argent\u00e9es marbrent la nervure m\u00e9diane.\u00a0 Les fleurs violettes, petites, sont organis\u00e9es en \u00e9pis terminaux. Plante facile \u00e0 cultiver en int\u00e9rieur, \u00e0 l&rsquo;ombre, serre ou v\u00e9randa. Craint le gel.<\/p>\n<p><span style=\"text-decoration: underline;\">Hauteur adulte<\/span>\u00a0: 40\/60 cm. Port en boule.\u00a0<span style=\"text-decoration: underline;\">Origine g\u00e9ographique<\/span>\u00a0: Mexique.\u00a0<span style=\"text-decoration: underline;\">Persistance hiver<\/span>\u00a0: Persistant.\u00a0<span style=\"text-decoration: underline;\">Rusticit\u00e9 USDA<\/span>\u00a0: Zone 9.<\/p>","protected":false},"featured_media":29829,"template":"","meta":{"site-sidebar-layout":"default","site-content-layout":"default","ast-global-header-display":"","ast-main-header-display":"","ast-hfb-above-header-display":"","ast-hfb-below-header-display":"","ast-hfb-mobile-header-display":"","site-post-title":"","ast-breadcrumbs-content":"","ast-featured-img":"","footer-sml-layout":"","theme-transparent-header-meta":"default","adv-header-id-meta":"","stick-header-meta":"default","header-above-stick-meta":"","header-main-stick-meta":"","header-below-stick-meta":""},"product_cat":[537,551,554,552],"product_tag":[528,556,558,533,557],"class_list":["post-29795","product","type-product","status-publish","has-post-thumbnail","hentry","product_cat-autres-plantes","product_cat-autres-plantes-d-interieur","product_cat-autres-plantes-pour-terrarium","product_cat-autres-plantes-pour-climat-doux","product_tag-plantes-origine-americaine","product_tag-plantes-pour-interieur","product_tag-plantes-pour-climats-doux","product_tag-plantes-pour-mur-vegetaux","product_tag-plantes-pour-terrarium","pa_taille-du-pot-pot-12-14-cm-diametre","desktop-align-center","tablet-align-center","mobile-align-center","ast-product-gallery-layout-horizontal","ast-product-gallery-with-no-image","ast-product-single-variable","ast-product-tabs-layout-horizontal","ast-qv-on-image"],"_links":{"self":[{"href":"https:\/\/staging.pepiniereezavin.com\/en\/wp-json\/wp\/v2\/product\/29795","targetHints":{"allow":["GET"]}}],"collection":[{"href":"https:\/\/staging.pepiniereezavin.com\/en\/wp-json\/wp\/v2\/product"}],"about":[{"href":"https:\/\/staging.pepiniereezavin.com\/en\/wp-json\/wp\/v2\/types\/product"}],"wp:featuredmedia":[{"embeddable":true,"href":"https:\/\/staging.pepiniereezavin.com\/en\/wp-json\/wp\/v2\/media\/29829"}],"wp:attachment":[{"href":"https:\/\/staging.pepiniereezavin.com\/en\/wp-json\/wp\/v2\/media?parent=29795"}],"wp:term":[{"taxonomy":"product_cat","embeddable":true,"href":"https:\/\/staging.pepiniereezavin.com\/en\/wp-json\/wp\/v2\/product_cat?post=29795"},{"taxonomy":"product_tag","embeddable":true,"href":"https:\/\/staging.pepiniereezavin.com\/en\/wp-json\/wp\/v2\/product_tag?post=29795"}],"curies":[{"name":"wp","href":"https:\/\/api.w.org\/{rel}","templated":true}]}}