{"id":29803,"date":"2021-12-09T22:45:41","date_gmt":"2021-12-09T21:45:41","guid":{"rendered":"https:\/\/pepiniereezavin.fr\/?post_type=product&#038;p=29803"},"modified":"2022-05-06T08:37:04","modified_gmt":"2022-05-06T06:37:04","slug":"reineckea-carnea","status":"publish","type":"product","link":"https:\/\/staging.pepiniereezavin.com\/en\/product\/reineckea-carnea\/","title":{"rendered":"Reineckea carnea"},"content":{"rendered":"<p>Couvre-sol\u00a0 \u00e0 feuilles ruban\u00e9es dress\u00e9es, croissance par stolons et rejets de la base. Mi-ombre. Plante tr\u00e8s vigoureuse et tr\u00e8s couvrante : elle fait volontiers un gazon de remplacement pour les endroits inaccessibles. La floraison estivale consiste en des \u00e9pis violet clair nich\u00e9s dans le feuillage. Les fruits rouges (baies) durent tout l&rsquo;automne et l&rsquo;hiver, et apportent un attrait suppl\u00e9mentaire. La souche que nous cultivons a support\u00e9 -30\u00b0C en Bourgogne en 1986.<\/p>\n<p style=\"text-align: right;\"><span style=\"text-decoration: underline;\">Hauteur adulte<\/span>\u00a0: 20\/40\u00a0cm.\u00a0<span style=\"text-decoration: underline;\">Origine g\u00e9ographique<\/span>\u00a0: Chine, Japon.\u00a0<span style=\"text-decoration: underline;\">Persistance hiver<\/span>\u00a0: Persistant.\u00a0<span style=\"text-decoration: underline;\">Rusticit\u00e9 USDA<\/span> : Zone 6 (-23.3\u00b0C\/-17.8\u00b0C).<\/p>","protected":false},"excerpt":{"rendered":"<p>Couvre-sol\u00a0 \u00e0 feuilles ruban\u00e9es dress\u00e9es, croissance par stolons et rejets de la base. Mi-ombre. Plante tr\u00e8s vigoureuse et tr\u00e8s couvrante : elle fait volontiers un gazon de remplacement pour les endroits inaccessibles. La floraison estivale consiste en des \u00e9pis violet clair nich\u00e9s dans le feuillage. Les fruits rouges (baies) durent tout l&rsquo;automne et l&rsquo;hiver, et apportent un attrait suppl\u00e9mentaire. La souche que nous cultivons a support\u00e9 -30\u00b0C en Bourgogne en 1986.<\/p>\n<p><span style=\"text-decoration: underline;\">Hauteur adulte<\/span>\u00a0: 20\/40\u00a0cm.\u00a0<span style=\"text-decoration: underline;\">Origine g\u00e9ographique<\/span>\u00a0: Chine, Japon.\u00a0<span style=\"text-decoration: underline;\">Persistance hiver<\/span>\u00a0: Persistant.\u00a0<span style=\"text-decoration: underline;\">Rusticit\u00e9 USDA<\/span> : Zone 6 (-23.3\u00b0C\/-17.8\u00b0C).<\/p>","protected":false},"featured_media":29830,"template":"","meta":{"site-sidebar-layout":"default","site-content-layout":"default","ast-global-header-display":"","ast-main-header-display":"","ast-hfb-above-header-display":"","ast-hfb-below-header-display":"","ast-hfb-mobile-header-display":"","site-post-title":"","ast-breadcrumbs-content":"","ast-featured-img":"","footer-sml-layout":"","theme-transparent-header-meta":"default","adv-header-id-meta":"","stick-header-meta":"default","header-above-stick-meta":"","header-main-stick-meta":"","header-below-stick-meta":""},"product_cat":[537,552,553],"product_tag":[526,529,558,559,533,534],"class_list":["post-29803","product","type-product","status-publish","has-post-thumbnail","hentry","product_cat-autres-plantes","product_cat-autres-plantes-pour-climat-doux","product_cat-autres-plantes-pour-climat-frais","product_tag-plantes-couvre-sol","product_tag-plantes-origine-asiatique","product_tag-plantes-pour-climats-doux","product_tag-plantes-pour-climats-frais","product_tag-plantes-pour-mur-vegetaux","product_tag-plantes-pour-ombre-seche","pa_taille-du-pot-godet-carre-8x8-ou-9x9","desktop-align-center","tablet-align-center","mobile-align-center","ast-product-gallery-layout-horizontal","ast-product-single-variable","ast-product-tabs-layout-horizontal","ast-qv-on-image"],"_links":{"self":[{"href":"https:\/\/staging.pepiniereezavin.com\/en\/wp-json\/wp\/v2\/product\/29803","targetHints":{"allow":["GET"]}}],"collection":[{"href":"https:\/\/staging.pepiniereezavin.com\/en\/wp-json\/wp\/v2\/product"}],"about":[{"href":"https:\/\/staging.pepiniereezavin.com\/en\/wp-json\/wp\/v2\/types\/product"}],"wp:featuredmedia":[{"embeddable":true,"href":"https:\/\/staging.pepiniereezavin.com\/en\/wp-json\/wp\/v2\/media\/29830"}],"wp:attachment":[{"href":"https:\/\/staging.pepiniereezavin.com\/en\/wp-json\/wp\/v2\/media?parent=29803"}],"wp:term":[{"taxonomy":"product_cat","embeddable":true,"href":"https:\/\/staging.pepiniereezavin.com\/en\/wp-json\/wp\/v2\/product_cat?post=29803"},{"taxonomy":"product_tag","embeddable":true,"href":"https:\/\/staging.pepiniereezavin.com\/en\/wp-json\/wp\/v2\/product_tag?post=29803"}],"curies":[{"name":"wp","href":"https:\/\/api.w.org\/{rel}","templated":true}]}}