{"id":29805,"date":"2021-12-09T22:45:41","date_gmt":"2021-12-09T21:45:41","guid":{"rendered":"https:\/\/pepiniereezavin.fr\/?post_type=product&#038;p=29805"},"modified":"2022-12-27T17:14:50","modified_gmt":"2022-12-27T16:14:50","slug":"rohdea-japonica-marginata","status":"publish","type":"product","link":"https:\/\/staging.pepiniereezavin.com\/en\/product\/rohdea-japonica-marginata\/","title":{"rendered":"Rohdea japonica &lsquo;Marginata&rsquo;"},"content":{"rendered":"<p>Le <strong>Lys Sacr\u00e9 du Japon<\/strong> est une plante pour la mi-ombre, comme les Aspidistra. Les \u00e9paisses feuilles partent de la base, sans p\u00e9tiole marqu\u00e9. Floraison en \u00e9pis (10 cm) au centre des touffes. Fruits rouges en hiver. Croissance lente, mais tr\u00e8s solide. La mati\u00e8re du feuillage, dure et \u00e9paisse, est particuli\u00e8re et rend cette plante totalement \u201cplastique\u201d. Cette forme a un <strong>liser\u00e9 blanc<\/strong> sur les marges des feuilles (multiplication v\u00e9g\u00e9tative seulement).<\/p>\n<p>Il en existe pr\u00e8s de 500 cultivars, tr\u00e8s pris\u00e9s, au Japon. Tr\u00e8s adaptables en jardin \u00e0 l&rsquo;ombre ou mi-ombre, ce sont aussi de tr\u00e8s belles plantes d\u2019int\u00e9rieur, qui demandent tr\u00e8s peu d\u2019entretien.<\/p>\n<p><span style=\"text-decoration: underline;\">Hauteur adulte<\/span>\u00a0: 40\/60 cm.\u00a0<span style=\"text-decoration: underline;\">Origine g\u00e9ographique<\/span>\u00a0: Japon.\u00a0<span style=\"text-decoration: underline;\">Persistance hiver<\/span>\u00a0: Persistant.\u00a0<span style=\"text-decoration: underline;\">Rusticit\u00e9 USDA<\/span>\u00a0: Zone 7 (-17.8\u00b0C\/-12.2\u00b0C).<\/p>","protected":false},"excerpt":{"rendered":"<p>Le <strong>Lys Sacr\u00e9 du Japon<\/strong> est une plante pour la mi-ombre, comme les Aspidistra. Les \u00e9paisses feuilles partent de la base, sans p\u00e9tiole marqu\u00e9. Floraison en \u00e9pis (10 cm) au centre des touffes. Fruits rouges en hiver. Croissance lente, mais tr\u00e8s solide. La mati\u00e8re du feuillage, dure et \u00e9paisse, est particuli\u00e8re et rend cette plante totalement \u201cplastique\u201d. Cette forme a un <strong>liser\u00e9 blanc<\/strong> sur les marges des feuilles (multiplication v\u00e9g\u00e9tative seulement).<\/p>\n<p>Il en existe pr\u00e8s de 500 cultivars, tr\u00e8s pris\u00e9s, au Japon. Tr\u00e8s adaptables en jardin \u00e0 l&rsquo;ombre ou mi-ombre, ce sont aussi de tr\u00e8s belles plantes d\u2019int\u00e9rieur, qui demandent tr\u00e8s peu d\u2019entretien.<\/p>\n<p><span style=\"text-decoration: underline;\">Hauteur adulte<\/span>\u00a0: 40\/60 cm.\u00a0<span style=\"text-decoration: underline;\">Origine g\u00e9ographique<\/span>\u00a0: Japon.\u00a0<span style=\"text-decoration: underline;\">Persistance hiver<\/span>\u00a0: Persistant.\u00a0<span style=\"text-decoration: underline;\">Rusticit\u00e9 USDA<\/span>\u00a0: Zone 7 (-17.8\u00b0C\/-12.2\u00b0C).<\/p>","protected":false},"featured_media":33581,"template":"","meta":{"site-sidebar-layout":"default","site-content-layout":"default","ast-global-header-display":"","ast-main-header-display":"","ast-hfb-above-header-display":"","ast-hfb-below-header-display":"","ast-hfb-mobile-header-display":"","site-post-title":"","ast-breadcrumbs-content":"","ast-featured-img":"","footer-sml-layout":"","theme-transparent-header-meta":"default","adv-header-id-meta":"","stick-header-meta":"default","header-above-stick-meta":"","header-main-stick-meta":"","header-below-stick-meta":""},"product_cat":[537,551,552,553],"product_tag":[525,529,556,558,559,534],"class_list":["post-29805","product","type-product","status-publish","has-post-thumbnail","hentry","product_cat-autres-plantes","product_cat-autres-plantes-d-interieur","product_cat-autres-plantes-pour-climat-doux","product_cat-autres-plantes-pour-climat-frais","product_tag-plantes-a-feuillage-coriace","product_tag-plantes-origine-asiatique","product_tag-plantes-pour-interieur","product_tag-plantes-pour-climats-doux","product_tag-plantes-pour-climats-frais","product_tag-plantes-pour-ombre-seche","pa_taille-du-pot-pot-12-14-cm-diametre","desktop-align-center","tablet-align-center","mobile-align-center","ast-product-gallery-layout-horizontal","ast-product-single-variable","ast-product-tabs-layout-horizontal","ast-qv-on-image"],"_links":{"self":[{"href":"https:\/\/staging.pepiniereezavin.com\/en\/wp-json\/wp\/v2\/product\/29805","targetHints":{"allow":["GET"]}}],"collection":[{"href":"https:\/\/staging.pepiniereezavin.com\/en\/wp-json\/wp\/v2\/product"}],"about":[{"href":"https:\/\/staging.pepiniereezavin.com\/en\/wp-json\/wp\/v2\/types\/product"}],"wp:featuredmedia":[{"embeddable":true,"href":"https:\/\/staging.pepiniereezavin.com\/en\/wp-json\/wp\/v2\/media\/33581"}],"wp:attachment":[{"href":"https:\/\/staging.pepiniereezavin.com\/en\/wp-json\/wp\/v2\/media?parent=29805"}],"wp:term":[{"taxonomy":"product_cat","embeddable":true,"href":"https:\/\/staging.pepiniereezavin.com\/en\/wp-json\/wp\/v2\/product_cat?post=29805"},{"taxonomy":"product_tag","embeddable":true,"href":"https:\/\/staging.pepiniereezavin.com\/en\/wp-json\/wp\/v2\/product_tag?post=29805"}],"curies":[{"name":"wp","href":"https:\/\/api.w.org\/{rel}","templated":true}]}}