{"id":29835,"date":"2021-12-09T22:45:58","date_gmt":"2021-12-09T21:45:58","guid":{"rendered":"https:\/\/pepiniereezavin.fr\/?post_type=product&#038;p=29835"},"modified":"2022-12-06T15:13:25","modified_gmt":"2022-12-06T14:13:25","slug":"ruscus-x-microglossus","status":"publish","type":"product","link":"https:\/\/staging.pepiniereezavin.com\/en\/product\/ruscus-x-microglossus\/","title":{"rendered":"Ruscus x microglossus"},"content":{"rendered":"<p>Ce buisson bas et dense poss\u00e8de des feuilles (= rameaux aplatis = cladodes) plus grandes que son cousin le Petit Houx. C&rsquo;est une plante des sous-bois m\u00e9diterran\u00e9ens, adapt\u00e9e \u00e0 la s\u00e9cheresse estivale. Les fleurs apparaissent sur les cladodes, \u00ab\u00a0sur les feuilles\u00a0\u00bb, et sont suivies de fruits rouges persistant tout l&rsquo;hiver. Excellente plante pour ombre s\u00e8che, forme une touffe dense d&rsquo;un beau vert fonc\u00e9. Plante non piquante. Serait un hybride (<em>R. hypophyllum x R. hypoglossum<\/em>) anciennement utilis\u00e9 sur la C\u00f4te d&rsquo;Azur et la Riviera italienne.<\/p>\n<p><span style=\"text-decoration: underline;\">Hauteur adulte<\/span> : 20\/40 cm. <span style=\"text-decoration: underline;\">Origine g\u00e9ographique<\/span> : Europe m\u00e9diterran\u00e9enne. <span style=\"text-decoration: underline;\">Persistance hiver<\/span> :\u00a0 Persistant. <span style=\"text-decoration: underline;\">Rusticit\u00e9 USDA<\/span> : Zone 7 (-17.8\u00b0C\/-12.2\u00b0C).<\/p>","protected":false},"excerpt":{"rendered":"<p>Ce buisson bas et dense poss\u00e8de des feuilles (= rameaux aplatis = cladodes) plus grandes que son cousin le Petit Houx. C&rsquo;est une plante des sous-bois m\u00e9diterran\u00e9ens, adapt\u00e9e \u00e0 la s\u00e9cheresse estivale. Les fleurs apparaissent sur les cladodes, \u00ab\u00a0sur les feuilles\u00a0\u00bb, et sont suivies de fruits rouges persistant tout l&rsquo;hiver. Excellente plante pour ombre s\u00e8che, forme une touffe dense d&rsquo;un beau vert fonc\u00e9. Plante non piquante. Serait un hybride (<em>R. hypophyllum x R. hypoglossum<\/em>) anciennement utilis\u00e9 sur la C\u00f4te d&rsquo;Azur et la Riviera italienne.<\/p>\n<p><span style=\"text-decoration: underline;\">Hauteur adulte<\/span> : 20\/40 cm. <span style=\"text-decoration: underline;\">Origine g\u00e9ographique<\/span> : Europe m\u00e9diterran\u00e9enne. <span style=\"text-decoration: underline;\">Persistance hiver<\/span> :\u00a0 Persistant. <span style=\"text-decoration: underline;\">Rusticit\u00e9 USDA<\/span> : Zone 7 (-17.8\u00b0C\/-12.2\u00b0C).<\/p>","protected":false},"featured_media":29865,"template":"","meta":{"site-sidebar-layout":"default","site-content-layout":"default","ast-global-header-display":"","ast-main-header-display":"","ast-hfb-above-header-display":"","ast-hfb-below-header-display":"","ast-hfb-mobile-header-display":"","site-post-title":"","ast-breadcrumbs-content":"","ast-featured-img":"","footer-sml-layout":"","theme-transparent-header-meta":"default","adv-header-id-meta":"","stick-header-meta":"default","header-above-stick-meta":"","header-main-stick-meta":"","header-below-stick-meta":""},"product_cat":[537,552,553],"product_tag":[525,530,558,559,533,534],"class_list":["post-29835","product","type-product","status-publish","has-post-thumbnail","hentry","product_cat-autres-plantes","product_cat-autres-plantes-pour-climat-doux","product_cat-autres-plantes-pour-climat-frais","product_tag-plantes-a-feuillage-coriace","product_tag-plantes-origine-europeenne","product_tag-plantes-pour-climats-doux","product_tag-plantes-pour-climats-frais","product_tag-plantes-pour-mur-vegetaux","product_tag-plantes-pour-ombre-seche","pa_taille-du-pot-pot-12-14-cm-diametre","pa_taille-du-pot-pot-15-18-cm-diametre","desktop-align-center","tablet-align-center","mobile-align-center","ast-product-gallery-layout-horizontal","ast-product-gallery-with-no-image","ast-product-single-variable","ast-product-tabs-layout-horizontal","ast-qv-on-image"],"_links":{"self":[{"href":"https:\/\/staging.pepiniereezavin.com\/en\/wp-json\/wp\/v2\/product\/29835","targetHints":{"allow":["GET"]}}],"collection":[{"href":"https:\/\/staging.pepiniereezavin.com\/en\/wp-json\/wp\/v2\/product"}],"about":[{"href":"https:\/\/staging.pepiniereezavin.com\/en\/wp-json\/wp\/v2\/types\/product"}],"wp:featuredmedia":[{"embeddable":true,"href":"https:\/\/staging.pepiniereezavin.com\/en\/wp-json\/wp\/v2\/media\/29865"}],"wp:attachment":[{"href":"https:\/\/staging.pepiniereezavin.com\/en\/wp-json\/wp\/v2\/media?parent=29835"}],"wp:term":[{"taxonomy":"product_cat","embeddable":true,"href":"https:\/\/staging.pepiniereezavin.com\/en\/wp-json\/wp\/v2\/product_cat?post=29835"},{"taxonomy":"product_tag","embeddable":true,"href":"https:\/\/staging.pepiniereezavin.com\/en\/wp-json\/wp\/v2\/product_tag?post=29835"}],"curies":[{"name":"wp","href":"https:\/\/api.w.org\/{rel}","templated":true}]}}