{"id":29836,"date":"2021-12-09T22:45:58","date_gmt":"2021-12-09T21:45:58","guid":{"rendered":"https:\/\/pepiniereezavin.fr\/?post_type=product&#038;p=29836"},"modified":"2022-10-25T11:13:05","modified_gmt":"2022-10-25T09:13:05","slug":"ruscus-streptophyllus","status":"publish","type":"product","link":"https:\/\/staging.pepiniereezavin.com\/en\/product\/ruscus-streptophyllus\/","title":{"rendered":"Ruscus streptophyllus"},"content":{"rendered":"<p>Ce cousin de notre <strong>Petit Houx<\/strong>\u00a0vient de Mad\u00e8re. Il pr\u00e9sente des rameaux aplatis (qui ressemblent \u00e0 des feuilles) tr\u00e8s larges (4 \u00e0 5 cm), et un port prostr\u00e9. D&rsquo;un vert sombre magnifique, c&rsquo;est une plante \u00e0 croissance lente, facile \u00e0 cultiver dans les endroits sombres de votre jardin. Fait aussi une somptueuse plante d&rsquo;int\u00e9rieur. \u00a0Merci \u00e0 Jean-Fran\u00e7ois Giraud d&rsquo;avoir partag\u00e9 cette merveille. Rustique \u00e0 Roquefort les pins depuis + de 10 ans, sous un arbre, en sous-bois.<\/p>\n<p><span style=\"text-decoration: underline;\">Hauteur adulte<\/span>\u00a0: 10\/20 cm.\u00a0<span style=\"text-decoration: underline;\">Origine g\u00e9ographique<\/span>\u00a0: Portugal (Ile de\u00a0Mad\u00e8re).\u00a0<span style=\"text-decoration: underline;\">Persistance hiver<\/span>\u00a0: \u00a0Persistant.\u00a0<span style=\"text-decoration: underline;\">Rusticit\u00e9 USDA<\/span>\u00a0: Zone 10 (-1.1\u00b0C\/+4.4\u00b0C). Garder au sec en hiver.<\/p>","protected":false},"excerpt":{"rendered":"<p>Ce cousin de notre <strong>Petit Houx<\/strong>\u00a0vient de Mad\u00e8re. Il pr\u00e9sente des rameaux aplatis (qui ressemblent \u00e0 des feuilles) tr\u00e8s larges (4 \u00e0 5 cm), et un port prostr\u00e9. D&rsquo;un vert sombre magnifique, c&rsquo;est une plante \u00e0 croissance lente, facile \u00e0 cultiver dans les endroits sombres de votre jardin. Fait aussi une somptueuse plante d&rsquo;int\u00e9rieur. \u00a0Merci \u00e0 Jean-Fran\u00e7ois Giraud d&rsquo;avoir partag\u00e9 cette merveille. Rustique \u00e0 Roquefort les pins depuis + de 10 ans, sous un arbre, en sous-bois.<\/p>\n<p><span style=\"text-decoration: underline;\">Hauteur adulte<\/span>\u00a0: 10\/20 cm.\u00a0<span style=\"text-decoration: underline;\">Origine g\u00e9ographique<\/span>\u00a0: Portugal (Ile de\u00a0Mad\u00e8re).\u00a0<span style=\"text-decoration: underline;\">Persistance hiver<\/span>\u00a0: \u00a0Persistant.\u00a0<span style=\"text-decoration: underline;\">Rusticit\u00e9 USDA<\/span>\u00a0: Zone 10 (-1.1\u00b0C\/+4.4\u00b0C). Garder au sec en hiver.<\/p>","protected":false},"featured_media":29866,"template":"","meta":{"site-sidebar-layout":"default","site-content-layout":"default","ast-global-header-display":"","ast-main-header-display":"","ast-hfb-above-header-display":"","ast-hfb-below-header-display":"","ast-hfb-mobile-header-display":"","site-post-title":"","ast-breadcrumbs-content":"","ast-featured-img":"","footer-sml-layout":"","theme-transparent-header-meta":"default","adv-header-id-meta":"","stick-header-meta":"default","header-above-stick-meta":"","header-main-stick-meta":"","header-below-stick-meta":""},"product_cat":[537,552],"product_tag":[525,526,530,558,534],"class_list":["post-29836","product","type-product","status-publish","has-post-thumbnail","hentry","product_cat-autres-plantes","product_cat-autres-plantes-pour-climat-doux","product_tag-plantes-a-feuillage-coriace","product_tag-plantes-couvre-sol","product_tag-plantes-origine-europeenne","product_tag-plantes-pour-climats-doux","product_tag-plantes-pour-ombre-seche","pa_taille-du-pot-pot-15-18-cm-diametre","desktop-align-center","tablet-align-center","mobile-align-center","ast-product-gallery-layout-horizontal","ast-product-single-variable","ast-product-tabs-layout-horizontal","ast-qv-on-image"],"_links":{"self":[{"href":"https:\/\/staging.pepiniereezavin.com\/en\/wp-json\/wp\/v2\/product\/29836","targetHints":{"allow":["GET"]}}],"collection":[{"href":"https:\/\/staging.pepiniereezavin.com\/en\/wp-json\/wp\/v2\/product"}],"about":[{"href":"https:\/\/staging.pepiniereezavin.com\/en\/wp-json\/wp\/v2\/types\/product"}],"wp:featuredmedia":[{"embeddable":true,"href":"https:\/\/staging.pepiniereezavin.com\/en\/wp-json\/wp\/v2\/media\/29866"}],"wp:attachment":[{"href":"https:\/\/staging.pepiniereezavin.com\/en\/wp-json\/wp\/v2\/media?parent=29836"}],"wp:term":[{"taxonomy":"product_cat","embeddable":true,"href":"https:\/\/staging.pepiniereezavin.com\/en\/wp-json\/wp\/v2\/product_cat?post=29836"},{"taxonomy":"product_tag","embeddable":true,"href":"https:\/\/staging.pepiniereezavin.com\/en\/wp-json\/wp\/v2\/product_tag?post=29836"}],"curies":[{"name":"wp","href":"https:\/\/api.w.org\/{rel}","templated":true}]}}