{"id":29839,"date":"2021-12-09T22:45:59","date_gmt":"2021-12-09T21:45:59","guid":{"rendered":"https:\/\/pepiniereezavin.fr\/?post_type=product&#038;p=29839"},"modified":"2022-04-20T09:23:47","modified_gmt":"2022-04-20T07:23:47","slug":"sarcococca-hookeriana-var-digyna","status":"publish","type":"product","link":"https:\/\/staging.pepiniereezavin.com\/en\/product\/sarcococca-hookeriana-var-digyna\/","title":{"rendered":"Sarcococca hookeriana var. digyna"},"content":{"rendered":"<p>Cet arbrisseau a des feuilles \u00e9troites elliptiques vert fonc\u00e9, \u00e0 nervure plus claire, et bois marron clair. Sa floraison en d\u00e9but d&rsquo;hiver est aussi agr\u00e9ablement odorante que ses fleurs sont discr\u00e8tes! Convient dans nombre de situations, dont l&rsquo;ombre s\u00e8che.<\/p>\n<p><span style=\"text-decoration: underline;\">Hauteur adulte<\/span>\u00a0: 60\/80 cm.\u00a0<span style=\"text-decoration: underline;\">Origine g\u00e9ographique<\/span>\u00a0: Chine temp\u00e9r\u00e9e.\u00a0<span style=\"text-decoration: underline;\">Persistance hiver<\/span>\u00a0: \u00a0Persistant.\u00a0<span style=\"text-decoration: underline;\">Rusticit\u00e9 USDA<\/span>\u00a0: Zone 7.<\/p>","protected":false},"excerpt":{"rendered":"<p>Cet arbrisseau a des feuilles \u00e9troites elliptiques vert fonc\u00e9, \u00e0 nervure plus claire, et bois marron clair. Sa floraison en d\u00e9but d&rsquo;hiver est aussi agr\u00e9ablement odorante que ses fleurs sont discr\u00e8tes! Convient dans nombre de situations, dont l&rsquo;ombre s\u00e8che.<\/p>\n<p><span style=\"text-decoration: underline;\">Hauteur adulte<\/span>\u00a0: 60\/80 cm.\u00a0<span style=\"text-decoration: underline;\">Origine g\u00e9ographique<\/span>\u00a0: Chine temp\u00e9r\u00e9e.\u00a0<span style=\"text-decoration: underline;\">Persistance hiver<\/span>\u00a0: \u00a0Persistant.\u00a0<span style=\"text-decoration: underline;\">Rusticit\u00e9 USDA<\/span>\u00a0: Zone 7.<\/p>","protected":false},"featured_media":29870,"template":"","meta":{"site-sidebar-layout":"default","site-content-layout":"default","ast-global-header-display":"","ast-main-header-display":"","ast-hfb-above-header-display":"","ast-hfb-below-header-display":"","ast-hfb-mobile-header-display":"","site-post-title":"","ast-breadcrumbs-content":"","ast-featured-img":"","footer-sml-layout":"","theme-transparent-header-meta":"default","adv-header-id-meta":"","stick-header-meta":"default","header-above-stick-meta":"","header-main-stick-meta":"","header-below-stick-meta":""},"product_cat":[537,552,553],"product_tag":[525,529,558,559,533,534],"class_list":["post-29839","product","type-product","status-publish","has-post-thumbnail","hentry","product_cat-autres-plantes","product_cat-autres-plantes-pour-climat-doux","product_cat-autres-plantes-pour-climat-frais","product_tag-plantes-a-feuillage-coriace","product_tag-plantes-origine-asiatique","product_tag-plantes-pour-climats-doux","product_tag-plantes-pour-climats-frais","product_tag-plantes-pour-mur-vegetaux","product_tag-plantes-pour-ombre-seche","pa_taille-du-pot-pot-12-14-cm-diametre","desktop-align-center","tablet-align-center","mobile-align-center","ast-product-gallery-layout-horizontal","ast-product-gallery-with-no-image","ast-product-single-variable","ast-product-tabs-layout-horizontal","ast-qv-on-image"],"_links":{"self":[{"href":"https:\/\/staging.pepiniereezavin.com\/en\/wp-json\/wp\/v2\/product\/29839","targetHints":{"allow":["GET"]}}],"collection":[{"href":"https:\/\/staging.pepiniereezavin.com\/en\/wp-json\/wp\/v2\/product"}],"about":[{"href":"https:\/\/staging.pepiniereezavin.com\/en\/wp-json\/wp\/v2\/types\/product"}],"wp:featuredmedia":[{"embeddable":true,"href":"https:\/\/staging.pepiniereezavin.com\/en\/wp-json\/wp\/v2\/media\/29870"}],"wp:attachment":[{"href":"https:\/\/staging.pepiniereezavin.com\/en\/wp-json\/wp\/v2\/media?parent=29839"}],"wp:term":[{"taxonomy":"product_cat","embeddable":true,"href":"https:\/\/staging.pepiniereezavin.com\/en\/wp-json\/wp\/v2\/product_cat?post=29839"},{"taxonomy":"product_tag","embeddable":true,"href":"https:\/\/staging.pepiniereezavin.com\/en\/wp-json\/wp\/v2\/product_tag?post=29839"}],"curies":[{"name":"wp","href":"https:\/\/api.w.org\/{rel}","templated":true}]}}