{"id":29843,"date":"2021-12-09T22:45:59","date_gmt":"2021-12-09T21:45:59","guid":{"rendered":"https:\/\/pepiniereezavin.fr\/?post_type=product&#038;p=29843"},"modified":"2022-11-22T22:56:44","modified_gmt":"2022-11-22T21:56:44","slug":"saxifraga-stolonifera-gravier-oe","status":"publish","type":"product","link":"https:\/\/staging.pepiniereezavin.com\/en\/product\/saxifraga-stolonifera-gravier-oe\/","title":{"rendered":"Saxifraga  stolonifera &lsquo;Gravier OE&rsquo;"},"content":{"rendered":"<p>Rosette de feuilles rondes charnues vert \u00e0 nervures gris argent\u00e9. Floraison blanche printani\u00e8re au bout de longues hampes dress\u00e9es. Cette excellente plante de rocaille fait merveille aussi\u00a0 en suspension,\u00a0 gr\u00e2ce \u00e0 ses stolons portant des rosettes de feuilles au bout. Sol normal. Ombre \u00e0 mi-ombre. Peut \u00eatre utilis\u00e9 en int\u00e9rieur. La souche que nous multiplions est celle de mon jardin en Bourgogne, qui a support\u00e9 -30\u00b0C en 1986.<\/p>\n<p><span style=\"text-decoration: underline;\">Hauteur adulte<\/span>\u00a0: 10\/20 cm. 30 \u00e0 40 cm avec les fleurs.\u00a0<span style=\"text-decoration: underline;\">Origine g\u00e9ographique<\/span>\u00a0: Japon, Chine.\u00a0<span style=\"text-decoration: underline;\">Persistance hiver<\/span>\u00a0: \u00a0Persistant.\u00a0<span style=\"text-decoration: underline;\">Rusticit\u00e9 USDA<\/span> : Zone 6 (-23.3\u00b0C\/-17.8\u00b0C).<\/p>","protected":false},"excerpt":{"rendered":"<p>Rosette de feuilles rondes charnues vert \u00e0 nervures gris argent\u00e9. Floraison blanche printani\u00e8re au bout de longues hampes dress\u00e9es. Cette excellente plante de rocaille fait merveille aussi\u00a0 en suspension,\u00a0 gr\u00e2ce \u00e0 ses stolons portant des rosettes de feuilles au bout. Sol normal. Ombre \u00e0 mi-ombre. Peut \u00eatre utilis\u00e9 en int\u00e9rieur. La souche que nous multiplions est celle de mon jardin en Bourgogne, qui a support\u00e9 -30\u00b0C en 1986.<\/p>\n<p><span style=\"text-decoration: underline;\">Hauteur adulte<\/span>\u00a0: 10\/20 cm. 30 \u00e0 40 cm avec les fleurs.\u00a0<span style=\"text-decoration: underline;\">Origine g\u00e9ographique<\/span>\u00a0: Japon, Chine.\u00a0<span style=\"text-decoration: underline;\">Persistance hiver<\/span>\u00a0: \u00a0Persistant.\u00a0<span style=\"text-decoration: underline;\">Rusticit\u00e9 USDA<\/span> : Zone 6 (-23.3\u00b0C\/-17.8\u00b0C).<\/p>","protected":false},"featured_media":29871,"template":"","meta":{"site-sidebar-layout":"default","site-content-layout":"default","ast-global-header-display":"","ast-main-header-display":"","ast-hfb-above-header-display":"","ast-hfb-below-header-display":"","ast-hfb-mobile-header-display":"","site-post-title":"","ast-breadcrumbs-content":"","ast-featured-img":"","footer-sml-layout":"","theme-transparent-header-meta":"default","adv-header-id-meta":"","stick-header-meta":"default","header-above-stick-meta":"","header-main-stick-meta":"","header-below-stick-meta":""},"product_cat":[537,551,554,552,553],"product_tag":[526,529,556,558,559,533,557],"class_list":["post-29843","product","type-product","status-publish","has-post-thumbnail","hentry","product_cat-autres-plantes","product_cat-autres-plantes-d-interieur","product_cat-autres-plantes-pour-terrarium","product_cat-autres-plantes-pour-climat-doux","product_cat-autres-plantes-pour-climat-frais","product_tag-plantes-couvre-sol","product_tag-plantes-origine-asiatique","product_tag-plantes-pour-interieur","product_tag-plantes-pour-climats-doux","product_tag-plantes-pour-climats-frais","product_tag-plantes-pour-mur-vegetaux","product_tag-plantes-pour-terrarium","pa_taille-du-pot-pot-10-12-cm-diametre","desktop-align-center","tablet-align-center","mobile-align-center","ast-product-gallery-layout-horizontal","ast-product-gallery-with-no-image","ast-product-single-variable","ast-product-tabs-layout-horizontal","ast-qv-on-image"],"_links":{"self":[{"href":"https:\/\/staging.pepiniereezavin.com\/en\/wp-json\/wp\/v2\/product\/29843","targetHints":{"allow":["GET"]}}],"collection":[{"href":"https:\/\/staging.pepiniereezavin.com\/en\/wp-json\/wp\/v2\/product"}],"about":[{"href":"https:\/\/staging.pepiniereezavin.com\/en\/wp-json\/wp\/v2\/types\/product"}],"wp:featuredmedia":[{"embeddable":true,"href":"https:\/\/staging.pepiniereezavin.com\/en\/wp-json\/wp\/v2\/media\/29871"}],"wp:attachment":[{"href":"https:\/\/staging.pepiniereezavin.com\/en\/wp-json\/wp\/v2\/media?parent=29843"}],"wp:term":[{"taxonomy":"product_cat","embeddable":true,"href":"https:\/\/staging.pepiniereezavin.com\/en\/wp-json\/wp\/v2\/product_cat?post=29843"},{"taxonomy":"product_tag","embeddable":true,"href":"https:\/\/staging.pepiniereezavin.com\/en\/wp-json\/wp\/v2\/product_tag?post=29843"}],"curies":[{"name":"wp","href":"https:\/\/api.w.org\/{rel}","templated":true}]}}