{"id":29845,"date":"2021-12-09T22:46:00","date_gmt":"2021-12-09T21:46:00","guid":{"rendered":"https:\/\/pepiniereezavin.fr\/?post_type=product&#038;p=29845"},"modified":"2022-06-20T10:22:12","modified_gmt":"2022-06-20T08:22:12","slug":"saxifraga-stolonifera-ginkgo-98-pb","status":"publish","type":"product","link":"https:\/\/staging.pepiniereezavin.com\/en\/product\/saxifraga-stolonifera-ginkgo-98-pb\/","title":{"rendered":"Saxifraga stolonifera &lsquo;Ginkgo 98&rsquo; PB"},"content":{"rendered":"<p>Esp\u00e8ce <strong>monocolore<\/strong> \u00e0 feuilles un peu plus grandes que <em>S. stolonifera<\/em>. Les revers des feuilles sont principalement verts et les marges sont <strong>festonn\u00e9es<\/strong>. Floraison blanche printani\u00e8re au bout de longues hampes florales dress\u00e9es. Culture facile en int\u00e9rieur et en ext\u00e9rieur. Ombre et mi-ombre. Souche rapport\u00e9e lors de l&rsquo;exp\u00e9dition SNHF Ginkgo 1998 en Chine.<\/p>\n<p><span style=\"text-decoration: underline;\">Hauteur adulte<\/span>\u00a0: 10\/15 cm. 30 \u00e0 40 cm avec les fleurs.\u00a0<span style=\"text-decoration: underline;\">Origine g\u00e9ographique<\/span> : Chine. <span style=\"text-decoration: underline;\">Persistance hiver<\/span>\u00a0: \u00a0Persistant. \u00a0<span style=\"text-decoration: underline;\">Rusticit\u00e9 USDA<\/span> : Zone 7 (-17.8\u00b0C\/-12.2\u00b0C).<\/p>","protected":false},"excerpt":{"rendered":"<p>Esp\u00e8ce <strong>monocolore<\/strong> \u00e0 feuilles un peu plus grandes que <em>S. stolonifera<\/em>. Les revers des feuilles sont principalement verts et les marges sont <strong>festonn\u00e9es<\/strong>. Floraison blanche printani\u00e8re au bout de longues hampes florales dress\u00e9es. Culture facile en int\u00e9rieur et en ext\u00e9rieur. Ombre et mi-ombre. Souche rapport\u00e9e lors de l&rsquo;exp\u00e9dition SNHF Ginkgo 1998 en Chine.<\/p>\n<p><span style=\"text-decoration: underline;\">Hauteur adulte<\/span>\u00a0: 10\/15 cm. 30 \u00e0 40 cm avec les fleurs.\u00a0<span style=\"text-decoration: underline;\">Origine g\u00e9ographique<\/span> : Chine. <span style=\"text-decoration: underline;\">Persistance hiver<\/span>\u00a0: \u00a0Persistant. \u00a0<span style=\"text-decoration: underline;\">Rusticit\u00e9 USDA<\/span> : Zone 7 (-17.8\u00b0C\/-12.2\u00b0C).<\/p>","protected":false},"featured_media":29873,"template":"","meta":{"site-sidebar-layout":"default","site-content-layout":"default","ast-global-header-display":"","ast-main-header-display":"","ast-hfb-above-header-display":"","ast-hfb-below-header-display":"","ast-hfb-mobile-header-display":"","site-post-title":"","ast-breadcrumbs-content":"","ast-featured-img":"","footer-sml-layout":"","theme-transparent-header-meta":"default","adv-header-id-meta":"","stick-header-meta":"default","header-above-stick-meta":"","header-main-stick-meta":"","header-below-stick-meta":""},"product_cat":[537,551,554,552,553],"product_tag":[526,529,558,559,533,557],"class_list":["post-29845","product","type-product","status-publish","has-post-thumbnail","hentry","product_cat-autres-plantes","product_cat-autres-plantes-d-interieur","product_cat-autres-plantes-pour-terrarium","product_cat-autres-plantes-pour-climat-doux","product_cat-autres-plantes-pour-climat-frais","product_tag-plantes-couvre-sol","product_tag-plantes-origine-asiatique","product_tag-plantes-pour-climats-doux","product_tag-plantes-pour-climats-frais","product_tag-plantes-pour-mur-vegetaux","product_tag-plantes-pour-terrarium","pa_taille-du-pot-pot-10-12-cm-diametre","desktop-align-center","tablet-align-center","mobile-align-center","ast-product-gallery-layout-horizontal","ast-product-gallery-with-no-image","ast-product-single-variable","ast-product-tabs-layout-horizontal","ast-qv-on-image"],"_links":{"self":[{"href":"https:\/\/staging.pepiniereezavin.com\/en\/wp-json\/wp\/v2\/product\/29845","targetHints":{"allow":["GET"]}}],"collection":[{"href":"https:\/\/staging.pepiniereezavin.com\/en\/wp-json\/wp\/v2\/product"}],"about":[{"href":"https:\/\/staging.pepiniereezavin.com\/en\/wp-json\/wp\/v2\/types\/product"}],"wp:featuredmedia":[{"embeddable":true,"href":"https:\/\/staging.pepiniereezavin.com\/en\/wp-json\/wp\/v2\/media\/29873"}],"wp:attachment":[{"href":"https:\/\/staging.pepiniereezavin.com\/en\/wp-json\/wp\/v2\/media?parent=29845"}],"wp:term":[{"taxonomy":"product_cat","embeddable":true,"href":"https:\/\/staging.pepiniereezavin.com\/en\/wp-json\/wp\/v2\/product_cat?post=29845"},{"taxonomy":"product_tag","embeddable":true,"href":"https:\/\/staging.pepiniereezavin.com\/en\/wp-json\/wp\/v2\/product_tag?post=29845"}],"curies":[{"name":"wp","href":"https:\/\/api.w.org\/{rel}","templated":true}]}}