{"id":29847,"date":"2021-12-09T22:46:00","date_gmt":"2021-12-09T21:46:00","guid":{"rendered":"https:\/\/pepiniereezavin.fr\/?post_type=product&#038;p=29847"},"modified":"2022-11-24T18:43:25","modified_gmt":"2022-11-24T17:43:25","slug":"saxifraga-stolonifera-poils-hirsutes-pb-95-36","status":"publish","type":"product","link":"https:\/\/staging.pepiniereezavin.com\/en\/product\/saxifraga-stolonifera-poils-hirsutes-pb-95-36\/","title":{"rendered":"Saxifraga stolonifera &lsquo;Poils Hirsutes&rsquo; PB 95-36"},"content":{"rendered":"<p>Tr\u00e8s belle forme prostr\u00e9e couverte de poils hirsutes et raides.\u00a0 Le limbe est vert fonc\u00e9, avec des macules rouge entre les nervures. Cette forme, ramen\u00e9e du Japon par Patrick Blanc, fait de nombreux stolons tr\u00e8s longs. En int\u00e9rieur comme en ext\u00e9rieur. R -20\u00b0C au moins.<\/p>\n<p><span style=\"text-decoration: underline;\">Hauteur adulte<\/span>\u00a0: 5\/10 cm.\u00a0<span style=\"text-decoration: underline;\">Origine g\u00e9ographique<\/span>\u00a0: Japon.\u00a0<span style=\"text-decoration: underline;\">Persistance hiver<\/span>\u00a0: \u00a0Persistant.\u00a0<span style=\"text-decoration: underline;\">Rusticit\u00e9 USDA<\/span>\u00a0: Zone 7.<\/p>","protected":false},"excerpt":{"rendered":"<p>Tr\u00e8s belle forme prostr\u00e9e couverte de poils hirsutes et raides.\u00a0 Le limbe est vert fonc\u00e9, avec des macules rouge entre les nervures. Cette forme, ramen\u00e9e du Japon par Patrick Blanc, fait de nombreux stolons tr\u00e8s longs. En int\u00e9rieur comme en ext\u00e9rieur. R -20\u00b0C au moins.<\/p>\n<p><span style=\"text-decoration: underline;\">Hauteur adulte<\/span>\u00a0: 5\/10 cm.\u00a0<span style=\"text-decoration: underline;\">Origine g\u00e9ographique<\/span>\u00a0: Japon.\u00a0<span style=\"text-decoration: underline;\">Persistance hiver<\/span>\u00a0: \u00a0Persistant.\u00a0<span style=\"text-decoration: underline;\">Rusticit\u00e9 USDA<\/span>\u00a0: Zone 7.<\/p>","protected":false},"featured_media":29875,"template":"","meta":{"site-sidebar-layout":"default","site-content-layout":"default","ast-global-header-display":"","ast-main-header-display":"","ast-hfb-above-header-display":"","ast-hfb-below-header-display":"","ast-hfb-mobile-header-display":"","site-post-title":"","ast-breadcrumbs-content":"","ast-featured-img":"","footer-sml-layout":"","theme-transparent-header-meta":"default","adv-header-id-meta":"","stick-header-meta":"default","header-above-stick-meta":"","header-main-stick-meta":"","header-below-stick-meta":""},"product_cat":[537,554,552,553],"product_tag":[526,529,558,559,533,557],"class_list":["post-29847","product","type-product","status-publish","has-post-thumbnail","hentry","product_cat-autres-plantes","product_cat-autres-plantes-pour-terrarium","product_cat-autres-plantes-pour-climat-doux","product_cat-autres-plantes-pour-climat-frais","product_tag-plantes-couvre-sol","product_tag-plantes-origine-asiatique","product_tag-plantes-pour-climats-doux","product_tag-plantes-pour-climats-frais","product_tag-plantes-pour-mur-vegetaux","product_tag-plantes-pour-terrarium","pa_taille-du-pot-pot-10-12-cm-diametre","desktop-align-center","tablet-align-center","mobile-align-center","ast-product-gallery-layout-horizontal","ast-product-gallery-with-no-image","ast-product-single-variable","ast-product-tabs-layout-horizontal","ast-qv-on-image"],"_links":{"self":[{"href":"https:\/\/staging.pepiniereezavin.com\/en\/wp-json\/wp\/v2\/product\/29847","targetHints":{"allow":["GET"]}}],"collection":[{"href":"https:\/\/staging.pepiniereezavin.com\/en\/wp-json\/wp\/v2\/product"}],"about":[{"href":"https:\/\/staging.pepiniereezavin.com\/en\/wp-json\/wp\/v2\/types\/product"}],"wp:featuredmedia":[{"embeddable":true,"href":"https:\/\/staging.pepiniereezavin.com\/en\/wp-json\/wp\/v2\/media\/29875"}],"wp:attachment":[{"href":"https:\/\/staging.pepiniereezavin.com\/en\/wp-json\/wp\/v2\/media?parent=29847"}],"wp:term":[{"taxonomy":"product_cat","embeddable":true,"href":"https:\/\/staging.pepiniereezavin.com\/en\/wp-json\/wp\/v2\/product_cat?post=29847"},{"taxonomy":"product_tag","embeddable":true,"href":"https:\/\/staging.pepiniereezavin.com\/en\/wp-json\/wp\/v2\/product_tag?post=29847"}],"curies":[{"name":"wp","href":"https:\/\/api.w.org\/{rel}","templated":true}]}}