{"id":29849,"date":"2021-12-09T22:46:00","date_gmt":"2021-12-09T21:46:00","guid":{"rendered":"https:\/\/pepiniereezavin.fr\/?post_type=product&#038;p=29849"},"modified":"2022-04-19T16:10:44","modified_gmt":"2022-04-19T14:10:44","slug":"sedum-palmeri","status":"publish","type":"product","link":"https:\/\/staging.pepiniereezavin.com\/en\/product\/sedum-palmeri\/","title":{"rendered":"Sedum palmeri"},"content":{"rendered":"<p>Etonnante plante de rocaille, ce Sedum : ses tiges forment des rosettes drageonnantes, \u00e0 installer au soleil ou en mi ombre, sec ou humide, tant que c&rsquo;est drainant! Fleurs jaunes printemps. Tr\u00e8s beau, tr\u00e8s vigoureux et tr\u00e8s facile. Fait merveille en int\u00e9rieur aussi, o\u00f9 il adore les endroits tr\u00e8s lumineux. Cette souche, qui \u00e9tait dans mon jardin en Bourgogne, a r\u00e9sist\u00e9 aux -30\u00b0 de l&rsquo;hiver\u00a01986.<\/p>\n<p><span style=\"text-decoration: underline;\">Hauteur adulte<\/span>\u00a0: 10\/20 cm.\u00a0<span style=\"text-decoration: underline;\">Origine g\u00e9ographique<\/span>\u00a0: Am\u00e9rique centrale.\u00a0<span style=\"text-decoration: underline;\">Persistance hiver<\/span>\u00a0: \u00a0Persistant.\u00a0<span style=\"text-decoration: underline;\">Rusticit\u00e9 USDA<\/span>\u00a0: Zone 6.<\/p>","protected":false},"excerpt":{"rendered":"<p>Etonnante plante de rocaille, ce Sedum : ses tiges forment des rosettes drageonnantes, \u00e0 installer au soleil ou en mi ombre, sec ou humide, tant que c&rsquo;est drainant! Fleurs jaunes printemps. Tr\u00e8s beau, tr\u00e8s vigoureux et tr\u00e8s facile. Fait merveille en int\u00e9rieur aussi, o\u00f9 il adore les endroits tr\u00e8s lumineux. Cette souche, qui \u00e9tait dans mon jardin en Bourgogne, a r\u00e9sist\u00e9 aux -30\u00b0 de l&rsquo;hiver\u00a01986.<\/p>\n<p><span style=\"text-decoration: underline;\">Hauteur adulte<\/span>\u00a0: 10\/20 cm.\u00a0<span style=\"text-decoration: underline;\">Origine g\u00e9ographique<\/span>\u00a0: Am\u00e9rique centrale.\u00a0<span style=\"text-decoration: underline;\">Persistance hiver<\/span>\u00a0: \u00a0Persistant.\u00a0<span style=\"text-decoration: underline;\">Rusticit\u00e9 USDA<\/span>\u00a0: Zone 6.<\/p>","protected":false},"featured_media":29877,"template":"","meta":{"site-sidebar-layout":"default","site-content-layout":"default","ast-global-header-display":"","ast-main-header-display":"","ast-hfb-above-header-display":"","ast-hfb-below-header-display":"","ast-hfb-mobile-header-display":"","site-post-title":"","ast-breadcrumbs-content":"","ast-featured-img":"","footer-sml-layout":"","theme-transparent-header-meta":"default","adv-header-id-meta":"","stick-header-meta":"default","header-above-stick-meta":"","header-main-stick-meta":"","header-below-stick-meta":""},"product_cat":[537,552,553],"product_tag":[526,528,556,558,559,533,534],"class_list":["post-29849","product","type-product","status-publish","has-post-thumbnail","hentry","product_cat-autres-plantes","product_cat-autres-plantes-pour-climat-doux","product_cat-autres-plantes-pour-climat-frais","product_tag-plantes-couvre-sol","product_tag-plantes-origine-americaine","product_tag-plantes-pour-interieur","product_tag-plantes-pour-climats-doux","product_tag-plantes-pour-climats-frais","product_tag-plantes-pour-mur-vegetaux","product_tag-plantes-pour-ombre-seche","pa_taille-du-pot-pot-10-12-cm-diametre","desktop-align-center","tablet-align-center","mobile-align-center","ast-product-gallery-layout-horizontal","ast-product-gallery-with-no-image","ast-product-single-variable","ast-product-tabs-layout-horizontal","ast-qv-on-image"],"_links":{"self":[{"href":"https:\/\/staging.pepiniereezavin.com\/en\/wp-json\/wp\/v2\/product\/29849","targetHints":{"allow":["GET"]}}],"collection":[{"href":"https:\/\/staging.pepiniereezavin.com\/en\/wp-json\/wp\/v2\/product"}],"about":[{"href":"https:\/\/staging.pepiniereezavin.com\/en\/wp-json\/wp\/v2\/types\/product"}],"wp:featuredmedia":[{"embeddable":true,"href":"https:\/\/staging.pepiniereezavin.com\/en\/wp-json\/wp\/v2\/media\/29877"}],"wp:attachment":[{"href":"https:\/\/staging.pepiniereezavin.com\/en\/wp-json\/wp\/v2\/media?parent=29849"}],"wp:term":[{"taxonomy":"product_cat","embeddable":true,"href":"https:\/\/staging.pepiniereezavin.com\/en\/wp-json\/wp\/v2\/product_cat?post=29849"},{"taxonomy":"product_tag","embeddable":true,"href":"https:\/\/staging.pepiniereezavin.com\/en\/wp-json\/wp\/v2\/product_tag?post=29849"}],"curies":[{"name":"wp","href":"https:\/\/api.w.org\/{rel}","templated":true}]}}